{"id":344636,"date":"2024-06-14T10:48:35","date_gmt":"2024-06-14T09:48:35","guid":{"rendered":"https:\/\/www.moskito.cz\/produkt\/noz-skladany-cold-steel-micro-recon-1-tanto-stonewashed\/"},"modified":"2025-05-07T11:17:20","modified_gmt":"2025-05-07T10:17:20","slug":"noz-skladany-cold-steel-micro-recon-1-tanto-stonewashed","status":"publish","type":"product","link":"https:\/\/www.moskito.cz\/pl\/produkt\/noz-skladany-cold-steel-micro-recon-1-tanto-stonewashed\/","title":{"rendered":"N\u00f3\u017c sk\u0142adany Cold Steel MICRO RECON 1 TANTO STONEWASHED"},"content":{"rendered":"<p>N\u00f3\u017c sk\u0142adany <strong>Cold Steel<\/strong> MICRO RECON 1 TANTO STONEWASHED.<\/p>\n<p>Nasza seria <strong>Recon 1<\/strong> jest popularnym no\u017cem w\u015br\u00f3d wojska i organ\u00f3w \u015bcigania, stra\u017cak\u00f3w i ratownik\u00f3w, a tak\u017ce cywil\u00f3w i nadal wyznacza standardy dla taktycznych no\u017cy sk\u0142adanych. Te niezawodne no\u017ce ciesz\u0105 si\u0119 ci\u0119\u017cko zapracowan\u0105 reputacj\u0105 dzi\u0119ki niezawodno\u015bci i wytrzyma\u0142o\u015bci. Seria Recon 1 jest dost\u0119pna z ostrzami 2, 3, 4 i 5 \u00bd cala, a ka\u017cdy aspekt ich konstrukcji zosta\u0142 przeprojektowany, aby by\u0142 jak najbardziej trwa\u0142y i wydajny. Ka\u017cdy model z tej r\u00f3\u017cnorodnej oferty wyposa\u017cony jest w nasz\u0105 znan\u0105 na ca\u0142ym \u015bwiecie blokad\u0119 Tri-Ad, kt\u00f3ra chroni Twoje cenne palce przed uszkodzeniami podczas u\u017cywania no\u017ca nawet w najbardziej wymagaj\u0105cych warunkach. Od wytrzyma\u0142ego ma\u0142ego konia roboczego, jakim jest nasza seria Micro, po brutalne ci\u0119cie naszej serii XL Recon 1 i wszystkie no\u017ce pomi\u0119dzy, niezale\u017cnie od Twojej misji, Recon 1 jest tu dla Ciebie!<\/p>\n<p>Czarny kolor<br \/>\nWaga: 31,18 g<br \/>\nRozmiar ca\u0142kowity: 11,1 cm<br \/>\nD\u0142ugo\u015b\u0107 ostrza: 5 cm<br \/>\nGrubo\u015b\u0107 ostrza: 0,25 cm<br \/>\nStal: 4034SS<br \/>\nD\u0142ugo\u015b\u0107 r\u0105czki: 6 cm<br \/>\nMateria\u0142 r\u0119koje\u015bci: D\u0142ugi Griv-Ex\u2122 w stylu G-10<\/p>\n","protected":false},"excerpt":{"rendered":"<p><strong>N\u00f3\u017c sk\u0142adany Micro Recon 1 Tanto Point ze wzgl\u0119du na sw\u00f3j rozmiar i wag\u0119 idealnie nadaje si\u0119 do codziennego u\u017cytku.<\/strong><\/p>\n","protected":false},"featured_media":344628,"comment_status":"open","ping_status":"closed","template":"","meta":[],"pwb-brand":[3596],"product_brand":[],"product_cat":[3307,3296],"product_tag":[3671],"class_list":{"0":"post-344636","1":"product","2":"type-product","3":"status-publish","4":"has-post-thumbnail","6":"pwb-brand-zimna-stal","7":"product_cat-zamykanie-nozy","8":"product_cat-noze-pl","9":"product_tag-b2b-pl","11":"first","12":"instock","13":"taxable","14":"shipping-taxable","15":"purchasable","16":"product-type-simple"},"brands":[{"id":3596,"name":"Zimna stal","slug":"zimna-stal"}],"_links":{"self":[{"href":"https:\/\/www.moskito.cz\/pl\/wp-json\/wp\/v2\/product\/344636","targetHints":{"allow":["GET"]}}],"collection":[{"href":"https:\/\/www.moskito.cz\/pl\/wp-json\/wp\/v2\/product"}],"about":[{"href":"https:\/\/www.moskito.cz\/pl\/wp-json\/wp\/v2\/types\/product"}],"replies":[{"embeddable":true,"href":"https:\/\/www.moskito.cz\/pl\/wp-json\/wp\/v2\/comments?post=344636"}],"wp:featuredmedia":[{"embeddable":true,"href":"https:\/\/www.moskito.cz\/pl\/wp-json\/wp\/v2\/media\/344628"}],"wp:attachment":[{"href":"https:\/\/www.moskito.cz\/pl\/wp-json\/wp\/v2\/media?parent=344636"}],"wp:term":[{"taxonomy":"pwb-brand","embeddable":true,"href":"https:\/\/www.moskito.cz\/pl\/wp-json\/wp\/v2\/pwb-brand?post=344636"},{"taxonomy":"product_brand","embeddable":true,"href":"https:\/\/www.moskito.cz\/pl\/wp-json\/wp\/v2\/product_brand?post=344636"},{"taxonomy":"product_cat","embeddable":true,"href":"https:\/\/www.moskito.cz\/pl\/wp-json\/wp\/v2\/product_cat?post=344636"},{"taxonomy":"product_tag","embeddable":true,"href":"https:\/\/www.moskito.cz\/pl\/wp-json\/wp\/v2\/product_tag?post=344636"}],"curies":[{"name":"wp","href":"https:\/\/api.w.org\/{rel}","templated":true}]}}