{"id":344693,"date":"2024-06-14T11:08:26","date_gmt":"2024-06-14T10:09:36","guid":{"rendered":"https:\/\/www.moskito.cz\/produkt\/noz-skladany-cold-steel-engage-grey\/"},"modified":"2025-05-07T11:17:21","modified_gmt":"2025-05-07T10:17:21","slug":"noz-skladany-cold-steel-engage-grey","status":"publish","type":"product","link":"https:\/\/www.moskito.cz\/pl\/produkt\/noz-skladany-cold-steel-engage-grey\/","title":{"rendered":"N\u00f3\u017c sk\u0142adany Cold Steel ENGAGE GREY"},"content":{"rendered":"<p>N\u00f3\u017c sk\u0142adany <strong>Cold Steel<\/strong> ENGAGE GREY.<\/p>\n<p>Engage to najwy\u017cszej jako\u015bci n\u00f3\u017c sk\u0142adany wykonany z 3-calowej japo\u0144skiej stali nierdzewnej AUS-10, wytrzyma\u0142y, noszony na co dzie\u0144, mocny, \u0142atwy do naostrzenia i wyj\u0105tkowo dobrze trzymaj\u0105cy kraw\u0119d\u017a. Wyposa\u017cony w opatentowany przez firm\u0119 Cold Steel zamek przesuwny Atlas\u2122 zapewniaj\u0105cy trwa\u0142e i sp\u00f3jne blokowanie, jest w pe\u0142ni obur\u0119czny i gotowy do stawienia czo\u0142a ka\u017cdemu codziennemu zadaniu. Dost\u0119pne s\u0105 dwie opcje uchwyt\u00f3w: solidny wariant GFN lub wariant G10. Wszechstronne ostrze typu Clip Point to drobny, czarny kamie\u0144 wodny PVD.<\/p>\n<p>Dost\u0119pne w szerokiej gamie ostrzy i kszta\u0142t\u00f3w \u2013 i w r\u00f3\u017cnych przedzia\u0142ach cenowych \u2013 nowe no\u017ce Engage firmy Cold Steel s\u0105 przeznaczone do noszenia na co dzie\u0144. Te w pe\u0142ni obur\u0119czne no\u017ce EDC klasy premium zosta\u0142y zaprojektowane tak, aby pewnie stawi\u0107 czo\u0142a ka\u017cdej okazji, dzi\u0119ki opatentowanemu suwakowi Atlas\u2122 Lock, kt\u00f3ry zapewnia trwa\u0142e, mocne i niezawodne blokowanie.<\/p>\n<p>Kolor: szary\/stalowy<br \/>\nWaga: 97 g<br \/>\nRozmiar ca\u0142kowity: 18,5 cm<br \/>\nD\u0142ugo\u015b\u0107 ostrza: 8 cm<br \/>\nGrubo\u015b\u0107 ostrza: 0,25 cm<br \/>\nStal: AUS 10A<br \/>\nD\u0142ugo\u015b\u0107 r\u0105czki: 10,6 cm<br \/>\nMateria\u0142 r\u0119koje\u015bci: G-10<\/p>\n<p><iframe title=\"Cold Steel&#039;s Atlas Lock Test featuring the  new Engage 3.5&quot;\" width=\"800\" height=\"450\" src=\"https:\/\/www.youtube.com\/embed\/nh_7tHY8Ypw?feature=oembed\" frameborder=\"0\" allow=\"accelerometer; autoplay; clipboard-write; encrypted-media; gyroscope; picture-in-picture; web-share\" referrerpolicy=\"strict-origin-when-cross-origin\" allowfullscreen><\/iframe><\/p>\n<p>&nbsp;<\/p>\n","protected":false},"excerpt":{"rendered":"<p><strong>Dost\u0119pne w szerokiej gamie ostrzy i kszta\u0142t\u00f3w \u2013 i w r\u00f3\u017cnych przedzia\u0142ach cenowych \u2013 nowe no\u017ce Engage firmy Cold Steel s\u0105 przeznaczone do noszenia na co dzie\u0144.<\/strong><\/p>\n","protected":false},"featured_media":344644,"comment_status":"open","ping_status":"closed","template":"","meta":[],"pwb-brand":[3596],"product_brand":[],"product_cat":[3296,3307],"product_tag":[3671],"class_list":{"0":"post-344693","1":"product","2":"type-product","3":"status-publish","4":"has-post-thumbnail","6":"pwb-brand-zimna-stal","7":"product_cat-noze-pl","8":"product_cat-zamykanie-nozy","9":"product_tag-b2b-pl","11":"first","12":"instock","13":"taxable","14":"shipping-taxable","15":"purchasable","16":"product-type-simple"},"brands":[{"id":3596,"name":"Zimna stal","slug":"zimna-stal"}],"_links":{"self":[{"href":"https:\/\/www.moskito.cz\/pl\/wp-json\/wp\/v2\/product\/344693","targetHints":{"allow":["GET"]}}],"collection":[{"href":"https:\/\/www.moskito.cz\/pl\/wp-json\/wp\/v2\/product"}],"about":[{"href":"https:\/\/www.moskito.cz\/pl\/wp-json\/wp\/v2\/types\/product"}],"replies":[{"embeddable":true,"href":"https:\/\/www.moskito.cz\/pl\/wp-json\/wp\/v2\/comments?post=344693"}],"wp:featuredmedia":[{"embeddable":true,"href":"https:\/\/www.moskito.cz\/pl\/wp-json\/wp\/v2\/media\/344644"}],"wp:attachment":[{"href":"https:\/\/www.moskito.cz\/pl\/wp-json\/wp\/v2\/media?parent=344693"}],"wp:term":[{"taxonomy":"pwb-brand","embeddable":true,"href":"https:\/\/www.moskito.cz\/pl\/wp-json\/wp\/v2\/pwb-brand?post=344693"},{"taxonomy":"product_brand","embeddable":true,"href":"https:\/\/www.moskito.cz\/pl\/wp-json\/wp\/v2\/product_brand?post=344693"},{"taxonomy":"product_cat","embeddable":true,"href":"https:\/\/www.moskito.cz\/pl\/wp-json\/wp\/v2\/product_cat?post=344693"},{"taxonomy":"product_tag","embeddable":true,"href":"https:\/\/www.moskito.cz\/pl\/wp-json\/wp\/v2\/product_tag?post=344693"}],"curies":[{"name":"wp","href":"https:\/\/api.w.org\/{rel}","templated":true}]}}