{"id":344716,"date":"2023-03-25T12:16:07","date_gmt":"2024-06-14T12:54:48","guid":{"rendered":"https:\/\/www.moskito.cz\/produkt\/noz-skladany-cold-steel-35-engage-s35vn\/"},"modified":"2025-05-07T11:17:22","modified_gmt":"2025-05-07T10:17:22","slug":"noz-skladany-cold-steel-35-engage-s35vn","status":"publish","type":"product","link":"https:\/\/www.moskito.cz\/pl\/produkt\/noz-skladany-cold-steel-35-engage-s35vn\/","title":{"rendered":"N\u00f3\u017c sk\u0142adany Cold Steel 3,5&#8243; Engage S35VN"},"content":{"rendered":"<p>N\u00f3\u017c sk\u0142adany <strong>Cold Steel<\/strong> 3,5&#8243; Engage S35VN<\/p>\n<p><strong>Engage<\/strong> to n\u00f3\u017c \u0142atwy do codziennego noszenia, z du\u017cym ostrzem ze stali nierdzewnej S35VN zapewniaj\u0105cym doskona\u0142\u0105 wytrzyma\u0142o\u015b\u0107 i zachowanie kraw\u0119dzi. Wyposa\u017cony w opatentowany przez firm\u0119 Cold Steel zamek Atlas\u2122 zapewniaj\u0105cy sp\u00f3jne, trwa\u0142e i niezawodne blokowanie, jest w pe\u0142ni obur\u0119czny i w pe\u0142ni zdolny do wykonania ka\u017cdego zadania. Wygodna r\u0119koje\u015b\u0107 G-10 zosta\u0142a przeprojektowana pod k\u0105tem elastyczno\u015bci, a ostrze z satynowym klipsem umo\u017cliwia szczeg\u00f3\u0142owe i precyzyjne ci\u0119cie.<\/p>\n<p>Dost\u0119pne w szerokiej gamie stali i kszta\u0142t\u00f3w ostrzy \u2013 a tak\u017ce w r\u00f3\u017cnych przedzia\u0142ach cenowych \u2013 nowe no\u017ce <strong>Engage<\/strong> firmy Cold Steel s\u0105 przeznaczone do noszenia na co dzie\u0144. Te w pe\u0142ni obur\u0119czne no\u017ce EDC klasy premium zosta\u0142y zaprojektowane tak, aby pewnie stawi\u0107 czo\u0142a ka\u017cdej okazji, dzi\u0119ki opatentowanemu suwakowi Atlas\u2122 Lock, kt\u00f3ry zapewnia trwa\u0142e, mocne i niezawodne blokowanie.<\/p>\n<p>Opis:<\/p>\n<p>Materia\u0142 ostrza: CPM-S35VN<br \/>\nMateria\u0142 r\u0119koje\u015bci: G-10<br \/>\nBezpiecze\u0144stwo: zamek Atlas<br \/>\nD\u0142ugo\u015b\u0107 ostrza: 8,9 cm<br \/>\nGrubo\u015b\u0107 ostrza: 3,8 mm<br \/>\nTyp ostrza: Clip Point<br \/>\nZastosowanie: EDC &#8211; do noszenia na co dzie\u0144<br \/>\nOtwieranie jedn\u0105 r\u0119k\u0105: tak<br \/>\nTyp no\u017ca: Zamykany<\/p>\n","protected":false},"excerpt":{"rendered":"<p><strong>No\u017ce Engage to klasyczne jednor\u0119czne no\u017ce do codziennego u\u017cytku.<\/strong><\/p>\n","protected":false},"featured_media":344717,"comment_status":"open","ping_status":"closed","template":"","meta":[],"pwb-brand":[3596],"product_brand":[],"product_cat":[3296,3307],"product_tag":[3671],"class_list":{"0":"post-344716","1":"product","2":"type-product","3":"status-publish","4":"has-post-thumbnail","6":"pwb-brand-zimna-stal","7":"product_cat-noze-pl","8":"product_cat-zamykanie-nozy","9":"product_tag-b2b-pl","11":"first","12":"instock","13":"taxable","14":"shipping-taxable","15":"purchasable","16":"product-type-simple"},"brands":[{"id":3596,"name":"Zimna stal","slug":"zimna-stal"}],"_links":{"self":[{"href":"https:\/\/www.moskito.cz\/pl\/wp-json\/wp\/v2\/product\/344716","targetHints":{"allow":["GET"]}}],"collection":[{"href":"https:\/\/www.moskito.cz\/pl\/wp-json\/wp\/v2\/product"}],"about":[{"href":"https:\/\/www.moskito.cz\/pl\/wp-json\/wp\/v2\/types\/product"}],"replies":[{"embeddable":true,"href":"https:\/\/www.moskito.cz\/pl\/wp-json\/wp\/v2\/comments?post=344716"}],"wp:featuredmedia":[{"embeddable":true,"href":"https:\/\/www.moskito.cz\/pl\/wp-json\/wp\/v2\/media\/344717"}],"wp:attachment":[{"href":"https:\/\/www.moskito.cz\/pl\/wp-json\/wp\/v2\/media?parent=344716"}],"wp:term":[{"taxonomy":"pwb-brand","embeddable":true,"href":"https:\/\/www.moskito.cz\/pl\/wp-json\/wp\/v2\/pwb-brand?post=344716"},{"taxonomy":"product_brand","embeddable":true,"href":"https:\/\/www.moskito.cz\/pl\/wp-json\/wp\/v2\/product_brand?post=344716"},{"taxonomy":"product_cat","embeddable":true,"href":"https:\/\/www.moskito.cz\/pl\/wp-json\/wp\/v2\/product_cat?post=344716"},{"taxonomy":"product_tag","embeddable":true,"href":"https:\/\/www.moskito.cz\/pl\/wp-json\/wp\/v2\/product_tag?post=344716"}],"curies":[{"name":"wp","href":"https:\/\/api.w.org\/{rel}","templated":true}]}}