{"id":344740,"date":"2024-06-14T14:15:19","date_gmt":"2024-06-14T13:23:24","guid":{"rendered":"https:\/\/www.moskito.cz\/produkt\/noz-skladany-cold-steel-engage\/"},"modified":"2025-05-07T11:17:22","modified_gmt":"2025-05-07T10:17:22","slug":"noz-skladany-cold-steel-engage","status":"publish","type":"product","link":"https:\/\/www.moskito.cz\/pl\/produkt\/noz-skladany-cold-steel-engage\/","title":{"rendered":"N\u00f3\u017c sk\u0142adany Cold Steel Engage"},"content":{"rendered":"<p>N\u00f3\u017c sk\u0142adany <strong>Cold Steel<\/strong> Engage.<\/p>\n<p>Pod\u0142\u0105cz 3-calowy &#8211; S35VN<\/p>\n<p>Stworzony do codziennego noszenia, Engage to \u0142atwy do przenoszenia element z du\u017cym 3-calowym ostrzem ze stali nierdzewnej S35VN zapewniaj\u0105cym doskona\u0142\u0105 wytrzyma\u0142o\u015b\u0107 i zachowanie kraw\u0119dzi. Wyposa\u017cony w opatentowany przez firm\u0119 Cold Steel zamek Atlas\u2122 zapewniaj\u0105cy sp\u00f3jne, trwa\u0142e i niezawodne blokowanie, jest w pe\u0142ni obur\u0119czny i w pe\u0142ni zdolny do wykonania ka\u017cdego zadania. Wygodna r\u0119koje\u015b\u0107 G10 zosta\u0142a przeprojektowana pod k\u0105tem elastyczno\u015bci, a satynowe ostrze z zatrzaskiem umo\u017cliwia szczeg\u00f3\u0142owe i precyzyjne ci\u0119cie.<\/p>\n<p>Dost\u0119pne w szerokiej gamie ostrzy i kszta\u0142t\u00f3w \u2013 i w r\u00f3\u017cnych przedzia\u0142ach cenowych \u2013 nowe no\u017ce Engage firmy Cold Steel s\u0105 przeznaczone do noszenia na co dzie\u0144. Te w pe\u0142ni obur\u0119czne no\u017ce EDC klasy premium zosta\u0142y zaprojektowane tak, aby pewnie stawi\u0107 czo\u0142a ka\u017cdej okazji, dzi\u0119ki opatentowanemu suwakowi Atlas\u2122 Lock, kt\u00f3ry zapewnia trwa\u0142e, mocne i niezawodne blokowanie.<\/p>\n<p>Waga: 97 g<br \/>\nRozmiar ca\u0142kowity: 18,5 cm<br \/>\nD\u0142ugo\u015b\u0107 ostrza: 7,9 cm<br \/>\nGrubo\u015b\u0107 ostrza: 0,25 cm<br \/>\nStal: CPM-S35VN<br \/>\nD\u0142ugo\u015b\u0107 r\u0105czki: 10,6 cm<br \/>\nMateria\u0142 r\u0119koje\u015bci: G-10<\/p>\n<p><iframe title=\"Cold Steel&#039;s Atlas Lock Test featuring the  new Engage 3.5&quot;\" width=\"800\" height=\"450\" src=\"https:\/\/www.youtube.com\/embed\/nh_7tHY8Ypw?feature=oembed\" frameborder=\"0\" allow=\"accelerometer; autoplay; clipboard-write; encrypted-media; gyroscope; picture-in-picture; web-share\" referrerpolicy=\"strict-origin-when-cross-origin\" allowfullscreen><\/iframe><\/p>\n<p>&nbsp;<\/p>\n","protected":false},"excerpt":{"rendered":"<p><strong>Dost\u0119pne w szerokiej gamie ostrzy i kszta\u0142t\u00f3w \u2013 i w r\u00f3\u017cnych przedzia\u0142ach cenowych \u2013 nowe no\u017ce Engage firmy Cold Steel s\u0105 przeznaczone do noszenia na co dzie\u0144.<\/strong><\/p>\n<p><strong>Bezp\u0142atny transport.<\/strong><\/p>\n","protected":false},"featured_media":344729,"comment_status":"open","ping_status":"closed","template":"","meta":[],"pwb-brand":[3596],"product_brand":[],"product_cat":[3296,3307],"product_tag":[3671],"class_list":{"0":"post-344740","1":"product","2":"type-product","3":"status-publish","4":"has-post-thumbnail","6":"pwb-brand-zimna-stal","7":"product_cat-noze-pl","8":"product_cat-zamykanie-nozy","9":"product_tag-b2b-pl","11":"first","12":"instock","13":"taxable","14":"shipping-taxable","15":"purchasable","16":"product-type-simple"},"brands":[{"id":3596,"name":"Zimna stal","slug":"zimna-stal"}],"_links":{"self":[{"href":"https:\/\/www.moskito.cz\/pl\/wp-json\/wp\/v2\/product\/344740","targetHints":{"allow":["GET"]}}],"collection":[{"href":"https:\/\/www.moskito.cz\/pl\/wp-json\/wp\/v2\/product"}],"about":[{"href":"https:\/\/www.moskito.cz\/pl\/wp-json\/wp\/v2\/types\/product"}],"replies":[{"embeddable":true,"href":"https:\/\/www.moskito.cz\/pl\/wp-json\/wp\/v2\/comments?post=344740"}],"wp:featuredmedia":[{"embeddable":true,"href":"https:\/\/www.moskito.cz\/pl\/wp-json\/wp\/v2\/media\/344729"}],"wp:attachment":[{"href":"https:\/\/www.moskito.cz\/pl\/wp-json\/wp\/v2\/media?parent=344740"}],"wp:term":[{"taxonomy":"pwb-brand","embeddable":true,"href":"https:\/\/www.moskito.cz\/pl\/wp-json\/wp\/v2\/pwb-brand?post=344740"},{"taxonomy":"product_brand","embeddable":true,"href":"https:\/\/www.moskito.cz\/pl\/wp-json\/wp\/v2\/product_brand?post=344740"},{"taxonomy":"product_cat","embeddable":true,"href":"https:\/\/www.moskito.cz\/pl\/wp-json\/wp\/v2\/product_cat?post=344740"},{"taxonomy":"product_tag","embeddable":true,"href":"https:\/\/www.moskito.cz\/pl\/wp-json\/wp\/v2\/product_tag?post=344740"}],"curies":[{"name":"wp","href":"https:\/\/api.w.org\/{rel}","templated":true}]}}