{"id":344809,"date":"2024-06-14T14:41:28","date_gmt":"2024-06-14T13:42:40","guid":{"rendered":"https:\/\/www.moskito.cz\/produkt\/noz-staly-cold-steel-lynn-thompson-signature-kobun\/"},"modified":"2025-05-07T11:17:24","modified_gmt":"2025-05-07T10:17:24","slug":"noz-staly-cold-steel-lynn-thompson-signature-kobun","status":"publish","type":"product","link":"https:\/\/www.moskito.cz\/pl\/produkt\/noz-staly-cold-steel-lynn-thompson-signature-kobun\/","title":{"rendered":"N\u00f3\u017c sta\u0142y Cold Steel LYNN THOMPSON SIGNATURE KOBUN"},"content":{"rendered":"<p>N\u00f3\u017c sta\u0142y <strong>Cold Steel<\/strong> LYNN THOMPSON SIGNATURE KOBUN.<\/p>\n<p>To marzenie powa\u017cnego kolekcjonera no\u017cy. Limitowany do 3000 sztuk na ca\u0142ym \u015bwiecie, ka\u017cdy n\u00f3\u017c ma wygrawerowany podpis Lynn i unikalny numer seryjny. Ka\u017cde pude\u0142ko jest podpisane przez Lynn!<\/p>\n<p>Chcesz powi\u0119kszy\u0107 swoj\u0105 kolekcj\u0119 sprz\u0119tu taktycznego? Nie szukaj dalej. Stworzyli\u015bmy dok\u0142adnie to, czego szukasz, dzi\u0119ki Lynn Thompson Signature Cold Steel Kobun, prawdziwe uciele\u015bnienie najnowocze\u015bniejszej wydajno\u015bci i stylu, zaprojektowanego z my\u015bl\u0105 o wymagaj\u0105cych u\u017cytkownikach. Stworzony we wsp\u00f3\u0142pracy z Lynn Thompson, znan\u0105 pionierk\u0105 w bran\u017cy no\u017cy, kt\u00f3rej wiedza i pasja do ostrzy wida\u0107 w ka\u017cdym szczeg\u00f3le, ten lekki n\u00f3\u017c ze sta\u0142ym ostrzem posiada ostrze ze stali nierdzewnej S35VN, kt\u00f3re jest ostre jak brzytwa, trwa\u0142e i wysoce korozyjne. -odporny.<\/p>\n<p>Do 5,5-calowego ostrza przymocowana jest trwa\u0142a, ergonomiczna r\u0119koje\u015b\u0107 Kray-Ex, kt\u00f3ra zapewnia bezpieczny i wygodny chwyt nawet w niesprzyjaj\u0105cych warunkach, poniewa\u017c jej teksturowana powierzchnia zapewnia antypo\u015blizgowy chwyt dla precyzyjnej kontroli na mokrej nawierzchni. Maj\u0105c nieca\u0142e 10 cali \u015brednicy, Kobun zapewnia idealn\u0105 r\u00f3wnowag\u0119 pomi\u0119dzy przeno\u015bno\u015bci\u0105 i funkcjonalno\u015bci\u0105 \u2013 jest wystarczaj\u0105co kompaktowy, aby mo\u017cna go by\u0142o nosi\u0107 na co dzie\u0144, a jednocze\u015bnie wystarczaj\u0105co wytrzyma\u0142y, aby z \u0142atwo\u015bci\u0105 poradzi\u0107 sobie z trudnymi zadaniami ci\u0119cia na zewn\u0105trz. Dodaj do tego dyskretny profil ostrza, kt\u00f3remu nadano indywidualny numer seryjny, aby zaznaczy\u0107 jego status prawdziwego przedmiotu kolekcjonerskiego, a b\u0119dziesz gotowy, aby powa\u017cnie powiedzie\u0107, co cenisz \u2013 i na czym polegasz \u2013 w precyzyjnym narz\u0119dziu tn\u0105cym.<\/p>\n<p>Stworzony dla Cold Steel we wsp\u00f3\u0142pracy z ekspertk\u0105 od no\u017cy Lynn Thompson<br \/>\nKa\u017cdy egzemplarz ma indywidualny numer seryjny, wskazuj\u0105cy status edycji kolekcjonerskiej<br \/>\nOstrze ze stali nierdzewnej S35VN o \u015brednicy 5,5 cala zachowuje ostro\u015b\u0107 nawet przy wymagaj\u0105cych zadaniach<br \/>\nR\u0119koje\u015b\u0107 Kray-Ex zapewnia antypo\u015blizgowy chwyt nawet w mokrych warunkach<br \/>\nLekka, 10-calowa d\u0142ugo\u015b\u0107 i dyskretny profil idealnie nadaj\u0105 si\u0119 do EDC.<\/p>\n<p>Waga: 129 g<br \/>\nRozmiar ca\u0142kowity: 25 cm<br \/>\nD\u0142ugo\u015b\u0107 ostrza: 13,7 cm<br \/>\nGrubo\u015b\u0107 ostrza: 0,3 cm<br \/>\nStal: CPM-S35VN<br \/>\nD\u0142ugo\u015b\u0107 r\u0105czki: 11,3 cm<br \/>\nMateria\u0142 r\u0119koje\u015bci: D\u0142ugi Kray-Ex\u2122<br \/>\nMateria\u0142 os\u0142ony: os\u0142ona Secure-Ex\u00ae<\/p>\n<p><iframe title=\"Lynn Thompson&#039;s Signature Series Kobun\" width=\"800\" height=\"450\" src=\"https:\/\/www.youtube.com\/embed\/d3Mt5i6CYmE?feature=oembed\" frameborder=\"0\" allow=\"accelerometer; autoplay; clipboard-write; encrypted-media; gyroscope; picture-in-picture; web-share\" referrerpolicy=\"strict-origin-when-cross-origin\" allowfullscreen><\/iframe><\/p>\n<p>&nbsp;<\/p>\n<p>&nbsp;<\/p>\n","protected":false},"excerpt":{"rendered":"<p><strong>To marzenie powa\u017cnego kolekcjonera no\u017cy. Limitowany do 3000 sztuk na ca\u0142ym \u015bwiecie, ka\u017cdy n\u00f3\u017c ma wygrawerowany podpis Lynn i unikalny numer seryjny. Ka\u017cde pude\u0142ko jest podpisane przez Lynn!<\/strong><\/p>\n<p><strong>Bezp\u0142atny transport.<\/strong><\/p>\n","protected":false},"featured_media":344761,"comment_status":"open","ping_status":"closed","template":"","meta":[],"pwb-brand":[3596],"product_brand":[],"product_cat":[3296,3297],"product_tag":[3671],"class_list":{"0":"post-344809","1":"product","2":"type-product","3":"status-publish","4":"has-post-thumbnail","6":"pwb-brand-zimna-stal","7":"product_cat-noze-pl","8":"product_cat-solidne-noze","9":"product_tag-b2b-pl","11":"first","12":"outofstock","13":"taxable","14":"shipping-taxable","15":"purchasable","16":"product-type-simple"},"brands":[{"id":3596,"name":"Zimna stal","slug":"zimna-stal"}],"_links":{"self":[{"href":"https:\/\/www.moskito.cz\/pl\/wp-json\/wp\/v2\/product\/344809","targetHints":{"allow":["GET"]}}],"collection":[{"href":"https:\/\/www.moskito.cz\/pl\/wp-json\/wp\/v2\/product"}],"about":[{"href":"https:\/\/www.moskito.cz\/pl\/wp-json\/wp\/v2\/types\/product"}],"replies":[{"embeddable":true,"href":"https:\/\/www.moskito.cz\/pl\/wp-json\/wp\/v2\/comments?post=344809"}],"wp:featuredmedia":[{"embeddable":true,"href":"https:\/\/www.moskito.cz\/pl\/wp-json\/wp\/v2\/media\/344761"}],"wp:attachment":[{"href":"https:\/\/www.moskito.cz\/pl\/wp-json\/wp\/v2\/media?parent=344809"}],"wp:term":[{"taxonomy":"pwb-brand","embeddable":true,"href":"https:\/\/www.moskito.cz\/pl\/wp-json\/wp\/v2\/pwb-brand?post=344809"},{"taxonomy":"product_brand","embeddable":true,"href":"https:\/\/www.moskito.cz\/pl\/wp-json\/wp\/v2\/product_brand?post=344809"},{"taxonomy":"product_cat","embeddable":true,"href":"https:\/\/www.moskito.cz\/pl\/wp-json\/wp\/v2\/product_cat?post=344809"},{"taxonomy":"product_tag","embeddable":true,"href":"https:\/\/www.moskito.cz\/pl\/wp-json\/wp\/v2\/product_tag?post=344809"}],"curies":[{"name":"wp","href":"https:\/\/api.w.org\/{rel}","templated":true}]}}