{"id":344836,"date":"2024-06-14T14:50:27","date_gmt":"2024-06-14T13:50:27","guid":{"rendered":"https:\/\/www.moskito.cz\/produkt\/rzucanie-torpedo-zimna-stala\/"},"modified":"2025-05-07T11:17:26","modified_gmt":"2025-05-07T10:17:26","slug":"rzucanie-torpedo-zimna-stala","status":"publish","type":"product","link":"https:\/\/www.moskito.cz\/pl\/produkt\/rzucanie-torpedo-zimna-stala\/","title":{"rendered":"Rzucanie TORPEDO Zimn\u0105 Stal\u0105"},"content":{"rendered":"<p>Rzucanie <strong>TORPEDO Zimn\u0105 Stal\u0105.<\/strong><\/p>\n<p>Rzucanie Torped\u0105 Cold Steel to \u015bwietna zabawa. Podw\u00f3jnie \u015bci\u0119te ko\u0144c\u00f3wki wysuwaj\u0105 si\u0119 bez wysi\u0142ku z d\u0142oni, zapewniaj\u0105c maksymalne uwolnienie i oferuj\u0105 dwukrotnie wi\u0119kszy potencja\u0142 chwytu w por\u00f3wnaniu z konwencjonalnym no\u017cem do rzucania. Co wi\u0119cej, 2 funty. ci\u0119\u017car pozwala stan\u0105\u0107 daleko od celu (15 jard\u00f3w lub wi\u0119cej) i rzuca\u0107 nim z zaskakuj\u0105c\u0105 si\u0142\u0105. Ulubiona zar\u00f3wno przez miotaczy sportowych, jak i hobbyst\u00f3w, Torpedo pozostaje popularn\u0105 edycj\u0105 w naszej ofercie od wielu lat i nie bez powodu!<\/p>\n<p>Waga: 907,18 g<br \/>\nRozmiar ca\u0142kowity: 38 cm<br \/>\nGrubo\u015b\u0107: 2,55 cm<br \/>\nStal: stal w\u0119glowa 1055<\/p>\n<p><iframe title=\"COLD STEEL&#039;S TORPEDO\" width=\"800\" height=\"450\" src=\"https:\/\/www.youtube.com\/embed\/EXYMN448_60?feature=oembed\" frameborder=\"0\" allow=\"accelerometer; autoplay; clipboard-write; encrypted-media; gyroscope; picture-in-picture; web-share\" referrerpolicy=\"strict-origin-when-cross-origin\" allowfullscreen><\/iframe><\/p>\n<p>&nbsp;<\/p>\n<p>&nbsp;<\/p>\n<p>&nbsp;<\/p>\n","protected":false},"excerpt":{"rendered":"<p><strong>Torpeda Cold Steel jest wy\u0142\u0105cznie broni\u0105 do rzucania.<\/strong><\/p>\n","protected":false},"featured_media":344818,"comment_status":"open","ping_status":"closed","template":"","meta":[],"pwb-brand":[3596],"product_brand":[],"product_cat":[3543,3296],"product_tag":[3671],"class_list":{"0":"post-344836","1":"product","2":"type-product","3":"status-publish","4":"has-post-thumbnail","6":"pwb-brand-zimna-stal","7":"product_cat-rzucac-nozami","8":"product_cat-noze-pl","9":"product_tag-b2b-pl","11":"first","12":"instock","13":"taxable","14":"shipping-taxable","15":"purchasable","16":"product-type-simple"},"brands":[{"id":3596,"name":"Zimna stal","slug":"zimna-stal"}],"_links":{"self":[{"href":"https:\/\/www.moskito.cz\/pl\/wp-json\/wp\/v2\/product\/344836","targetHints":{"allow":["GET"]}}],"collection":[{"href":"https:\/\/www.moskito.cz\/pl\/wp-json\/wp\/v2\/product"}],"about":[{"href":"https:\/\/www.moskito.cz\/pl\/wp-json\/wp\/v2\/types\/product"}],"replies":[{"embeddable":true,"href":"https:\/\/www.moskito.cz\/pl\/wp-json\/wp\/v2\/comments?post=344836"}],"wp:featuredmedia":[{"embeddable":true,"href":"https:\/\/www.moskito.cz\/pl\/wp-json\/wp\/v2\/media\/344818"}],"wp:attachment":[{"href":"https:\/\/www.moskito.cz\/pl\/wp-json\/wp\/v2\/media?parent=344836"}],"wp:term":[{"taxonomy":"pwb-brand","embeddable":true,"href":"https:\/\/www.moskito.cz\/pl\/wp-json\/wp\/v2\/pwb-brand?post=344836"},{"taxonomy":"product_brand","embeddable":true,"href":"https:\/\/www.moskito.cz\/pl\/wp-json\/wp\/v2\/product_brand?post=344836"},{"taxonomy":"product_cat","embeddable":true,"href":"https:\/\/www.moskito.cz\/pl\/wp-json\/wp\/v2\/product_cat?post=344836"},{"taxonomy":"product_tag","embeddable":true,"href":"https:\/\/www.moskito.cz\/pl\/wp-json\/wp\/v2\/product_tag?post=344836"}],"curies":[{"name":"wp","href":"https:\/\/api.w.org\/{rel}","templated":true}]}}