{"id":344844,"date":"2021-07-22T08:44:13","date_gmt":"2021-07-22T07:44:13","guid":{"rendered":"https:\/\/www.moskito.cz\/produkt\/solidny-noz-cold-steel-bowie-spike\/"},"modified":"2025-05-07T11:17:27","modified_gmt":"2025-05-07T10:17:27","slug":"solidny-noz-cold-steel-bowie-spike","status":"publish","type":"product","link":"https:\/\/www.moskito.cz\/pl\/produkt\/solidny-noz-cold-steel-bowie-spike\/","title":{"rendered":"Solidny n\u00f3\u017c Cold Steel BOWIE SPIKE"},"content":{"rendered":"<p>Solidny n\u00f3\u017c <strong>Cold Steel<\/strong> BOWIE SPIKE.<\/p>\n<p>Nasze no\u017ce szyjne z serii Spike s\u0105 smuk\u0142e, lekkie i niezwykle trwa\u0142e. Ich ostre ostrza o zerowym naci\u0119ciu s\u0105 uzupe\u0142nione mocno z\u0105bkowanymi, teksturowanymi \u0142uskami r\u0119koje\u015bci, kt\u00f3re zapewniaj\u0105 wygodny i pewny chwyt. Ergonomiczne chwyty Spike s\u0105 wyposa\u017cone w zintegrowane kolce, kt\u00f3re zapewniaj\u0105 bezpieczne zatrzymanie palca wskazuj\u0105cego i kciuka, a g\u0142\u0119boko teksturowany i formowany materia\u0142 Griv-Ex zapewnia doskona\u0142\u0105 przyczepno\u015b\u0107 nawet wtedy, gdy d\u0142onie s\u0105 zimne, mokre i \u015bliskie. Dost\u0119pne w czterech charakterystycznych kszta\u0142tach ostrzy (Bowie, Drop Point, Tokyo i Tanto point) oferuj\u0105 ca\u0142\u0105 wytrzyma\u0142o\u015b\u0107 jednocz\u0119\u015bciowej konstrukcji z litej stali, a jednocze\u015bnie s\u0105 na tyle lekkie, \u017ce mo\u017cna je nosi\u0107 przez ca\u0142y dzie\u0144 bez zm\u0119czenia. Ka\u017cdy Spike jest wyposa\u017cony w nak\u0142adk\u0119 Secure-Ex, kt\u00f3ra zapewnia doskona\u0142e trzymanie i bezpiecze\u0144stwo.<\/p>\n<p>D\u0142ugo\u015b\u0107 ca\u0142kowita: 205 mm<br \/>\nOstrze wykonano ze stali: niemieckiej stali nierdzewnej 4116<br \/>\nD\u0142ugo\u015b\u0107 ostrza: 103 mm<br \/>\nMostek: sztuczny G-10<br \/>\nW zestawie pochwa i \u0142a\u0144cuszek na szyj\u0119<\/p>\n<p><strong>Cold Steel<\/strong> to firma zajmuj\u0105ca si\u0119 produkcj\u0105 najmocniejszych i najostrzejszych no\u017cy na \u015bwiecie. W ci\u0105gu ostatnich trzydziestu lat firma Cold Steel sta\u0142a na czele wielu innowacji, kt\u00f3re pomog\u0142y zdefiniowa\u0107 bran\u017c\u0119 no\u017cy. Kolejne sukcesy, w tym wprowadzenie r\u0119koje\u015bci w kratk\u0119 Kraton\u00ae i ostrzy typu tanto, przekszta\u0142ci\u0142y si\u0119 z ciekawostek w przemys\u0142owe znaki rozpoznawcze jako\u015bci i wyrafinowania. Nowy kierunek zosta\u0142 r\u00f3wnie\u017c prze\u0142amany wraz z wprowadzeniem nowych, unikalnych ostrzy stalowych, takich jak San Mai III\u00ae oraz Tri-Ad\u2122 Lock &amp; Lock &amp; Lock do no\u017cy sk\u0142adanych. Na przyk\u0142ad zamek Tri-Ad \u2122 Lock nigdy nie by\u0142 por\u00f3wnywany przez \u017cadnego z konkurent\u00f3w Cold Steel i nie udowodniono, \u017ce przewy\u017csza wszystko, co do tej pory wyprodukowali. Oczywi\u015bcie Cold Steel zawsze b\u0119dzie patrze\u0107 w przysz\u0142o\u015b\u0107 i nieustannie d\u0105\u017cy\u0107 do produkcji najmocniejszych i najostrzejszych no\u017cy na \u015bwiecie. Cel ten, r\u00f3wnie nieuchwytny i trudny do osi\u0105gni\u0119cia, jest ten sam od czterdziestu lat. Firma Cold Steel Inc. to firma skupiaj\u0105ca si\u0119 na produkcji najmocniejszych i najostrzejszych no\u017cy, mieczy, tomahawk\u00f3w, maczet, sztu\u0107c\u00f3w oraz narz\u0119dzi codziennego u\u017cytku: EDC. Szybko przyj\u0119ty przez wojsko, si\u0142y specjalne organ\u00f3w \u015bcigania, osoby udzielaj\u0105ce pomocy w sytuacjach kryzysowych, specjalist\u00f3w samoobrony i cz\u0142onk\u00f3w spo\u0142eczno\u015bci sztuk walki, Cold Steel szybko zyska\u0142 s\u0142aw\u0119 dzi\u0119ki jako\u015bci, wytrzyma\u0142o\u015bci, niezawodno\u015bci i niezawodno\u015bci w codziennym noszeniu (EDC). . Nasza r\u00f3\u017cnorodna i zr\u00f3\u017cnicowana oferta szybko powi\u0119kszy\u0142a si\u0119 i obejmowa\u0142a nie tylko ogromny wyb\u00f3r no\u017cy sk\u0142adanych (od mniejszych ostrzy \u201eEDC\u201d po nasze kultowe, gigantyczne \u201emegafoldery\u201d), ale tak\u017ce sta\u0142e ostrza, miecze, szable, laski i halabardy, jak r\u00f3wnie\u017c a tak\u017ce artyku\u0142y my\u015bliwskie, w\u0142\u00f3cznie, karabiny, topory, maczety, tomahawki i narz\u0119dzia! Przez dziesi\u0119ciolecia firma Cold Steel wprowadza\u0142a nowe, pionierskie materia\u0142y i projekty, kt\u00f3re pomog\u0142y ukszta\u0142towa\u0107 \u015bwiat nowoczesnych no\u017cy, ostrej broni i narz\u0119dzi. Od wprowadzenia r\u0119koje\u015bci w kratk\u0119 Kraton\u00ae i \u201ezamerykanizowanego\u201d ostrza Tanto, po wprowadzenie nowych, innowacyjnych stali ostrzy, takich jak San Mai III\u00ae i prze\u0142omowych mechanizm\u00f3w blokuj\u0105cych (takich jak nasz zamek Tri-Ad \u2122). Patrz\u0105c w przysz\u0142o\u015b\u0107, Cold Steel w dalszym ci\u0105gu wprowadza na rynek nowy poziom wytrzyma\u0142o\u015bci, bezpiecze\u0144stwa i wydajno\u015bci, dostarczaj\u0105c sprawdzone produkty, na kt\u00f3rych mo\u017cna polega\u0107 \u2013 zawsze i wsz\u0119dzie!<\/p>\n","protected":false},"excerpt":{"rendered":"<p>N\u00f3\u017c sta\u0142y z pochw\u0105.<\/p>\n","protected":false},"featured_media":344845,"comment_status":"open","ping_status":"closed","template":"","meta":[],"pwb-brand":[3596],"product_brand":[],"product_cat":[3297,3296],"product_tag":[],"class_list":{"0":"post-344844","1":"product","2":"type-product","3":"status-publish","4":"has-post-thumbnail","6":"pwb-brand-zimna-stal","7":"product_cat-solidne-noze","8":"product_cat-noze-pl","10":"first","11":"instock","12":"taxable","13":"shipping-taxable","14":"purchasable","15":"product-type-simple"},"brands":[{"id":3596,"name":"Zimna stal","slug":"zimna-stal"}],"_links":{"self":[{"href":"https:\/\/www.moskito.cz\/pl\/wp-json\/wp\/v2\/product\/344844","targetHints":{"allow":["GET"]}}],"collection":[{"href":"https:\/\/www.moskito.cz\/pl\/wp-json\/wp\/v2\/product"}],"about":[{"href":"https:\/\/www.moskito.cz\/pl\/wp-json\/wp\/v2\/types\/product"}],"replies":[{"embeddable":true,"href":"https:\/\/www.moskito.cz\/pl\/wp-json\/wp\/v2\/comments?post=344844"}],"wp:featuredmedia":[{"embeddable":true,"href":"https:\/\/www.moskito.cz\/pl\/wp-json\/wp\/v2\/media\/344845"}],"wp:attachment":[{"href":"https:\/\/www.moskito.cz\/pl\/wp-json\/wp\/v2\/media?parent=344844"}],"wp:term":[{"taxonomy":"pwb-brand","embeddable":true,"href":"https:\/\/www.moskito.cz\/pl\/wp-json\/wp\/v2\/pwb-brand?post=344844"},{"taxonomy":"product_brand","embeddable":true,"href":"https:\/\/www.moskito.cz\/pl\/wp-json\/wp\/v2\/product_brand?post=344844"},{"taxonomy":"product_cat","embeddable":true,"href":"https:\/\/www.moskito.cz\/pl\/wp-json\/wp\/v2\/product_cat?post=344844"},{"taxonomy":"product_tag","embeddable":true,"href":"https:\/\/www.moskito.cz\/pl\/wp-json\/wp\/v2\/product_tag?post=344844"}],"curies":[{"name":"wp","href":"https:\/\/api.w.org\/{rel}","templated":true}]}}