{"id":344904,"date":"2024-06-14T15:12:32","date_gmt":"2024-06-14T14:12:32","guid":{"rendered":"https:\/\/www.moskito.cz\/produkt\/topory-do-rzucania-cold-steel-topory-do-rzutu-3-pakiety-z-pochwa\/"},"modified":"2025-12-17T11:40:24","modified_gmt":"2025-12-17T10:40:24","slug":"topory-do-rzucania-cold-steel-topory-do-rzutu-3-pakiety-z-pochwa","status":"publish","type":"product","link":"https:\/\/www.moskito.cz\/pl\/produkt\/topory-do-rzucania-cold-steel-topory-do-rzutu-3-pakiety-z-pochwa\/","title":{"rendered":"Topory do rzucania Cold Steel TOPORY DO RZUTU &#8211; 3 PAKIETY Z POCHW\u0104"},"content":{"rendered":"<p>Zestaw topor\u00f3w do rzucania <strong>Cold Steel<\/strong> TOCZEKI DO RZUTU &#8211; 3 PAKIETY Z POCHW\u0104.<\/p>\n<p>Przenie\u015b rzucanie do celu na wy\u017cszy poziom dzi\u0119ki temu trzypakowi topor\u00f3w do rzucania. Te jednocz\u0119\u015bciowe stalowe topory zosta\u0142y zaprojektowane specjalnie do rzucania do celu. Wykonany z wytrzyma\u0142ej stali 420SS i wyko\u0144czony trwa\u0142\u0105, odporn\u0105 na zarysowania pow\u0142ok\u0105 z czarnego tlenku. Mo\u017cna je przechowywa\u0107 w wygodnym nylonowym etui. Rzu\u0107 wyzwanie znajomym i zdob\u0105d\u017a dominacj\u0119 na podw\u00f3rku!<\/p>\n<p>Waga: 238 g<br \/>\nWymiary ca\u0142kowite: 27 cm<br \/>\nD\u0142ugo\u015b\u0107 ostrza: 4,4 cm<br \/>\nGrubo\u015b\u0107 ostrza: 0,39 cm<br \/>\nStal: 420SS<br \/>\nD\u0142ugo\u015b\u0107 r\u0119koje\u015bci: 13 cm<br \/>\nMateria\u0142 pochwy: Nylon<\/p>\n","protected":false},"excerpt":{"rendered":"<p><strong>Przenie\u015b rzucanie do celu na wy\u017cszy poziom dzi\u0119ki temu trzypakowi topor\u00f3w do rzucania.<\/strong><\/p>\n","protected":false},"featured_media":344873,"comment_status":"open","ping_status":"closed","template":"","meta":[],"pwb-brand":[3596],"product_brand":[],"product_cat":[3543,3296],"product_tag":[3671],"class_list":{"0":"post-344904","1":"product","2":"type-product","3":"status-publish","4":"has-post-thumbnail","6":"pwb-brand-zimna-stal","7":"product_cat-rzucac-nozami","8":"product_cat-noze-pl","9":"product_tag-b2b-pl","11":"first","12":"outofstock","13":"taxable","14":"shipping-taxable","15":"purchasable","16":"product-type-simple"},"brands":[{"id":3596,"name":"Zimna stal","slug":"zimna-stal"}],"_links":{"self":[{"href":"https:\/\/www.moskito.cz\/pl\/wp-json\/wp\/v2\/product\/344904","targetHints":{"allow":["GET"]}}],"collection":[{"href":"https:\/\/www.moskito.cz\/pl\/wp-json\/wp\/v2\/product"}],"about":[{"href":"https:\/\/www.moskito.cz\/pl\/wp-json\/wp\/v2\/types\/product"}],"replies":[{"embeddable":true,"href":"https:\/\/www.moskito.cz\/pl\/wp-json\/wp\/v2\/comments?post=344904"}],"wp:featuredmedia":[{"embeddable":true,"href":"https:\/\/www.moskito.cz\/pl\/wp-json\/wp\/v2\/media\/344873"}],"wp:attachment":[{"href":"https:\/\/www.moskito.cz\/pl\/wp-json\/wp\/v2\/media?parent=344904"}],"wp:term":[{"taxonomy":"pwb-brand","embeddable":true,"href":"https:\/\/www.moskito.cz\/pl\/wp-json\/wp\/v2\/pwb-brand?post=344904"},{"taxonomy":"product_brand","embeddable":true,"href":"https:\/\/www.moskito.cz\/pl\/wp-json\/wp\/v2\/product_brand?post=344904"},{"taxonomy":"product_cat","embeddable":true,"href":"https:\/\/www.moskito.cz\/pl\/wp-json\/wp\/v2\/product_cat?post=344904"},{"taxonomy":"product_tag","embeddable":true,"href":"https:\/\/www.moskito.cz\/pl\/wp-json\/wp\/v2\/product_tag?post=344904"}],"curies":[{"name":"wp","href":"https:\/\/api.w.org\/{rel}","templated":true}]}}