{"id":344929,"date":"2024-06-14T15:23:23","date_gmt":"2024-06-14T14:23:23","guid":{"rendered":"https:\/\/www.moskito.cz\/produkt\/noz-skladany-cold-steel-talwar\/"},"modified":"2024-06-14T15:24:09","modified_gmt":"2024-06-14T14:24:09","slug":"noz-skladany-cold-steel-talwar","status":"publish","type":"product","link":"https:\/\/www.moskito.cz\/pl\/produkt\/noz-skladany-cold-steel-talwar\/","title":{"rendered":"N\u00f3\u017c sk\u0142adany Cold Steel TALWAR"},"content":{"rendered":"<p>N\u00f3\u017c sk\u0142adany <strong>Cold Steel TALWAR<\/strong> .<\/p>\n<p>Zaprojektowany przez znanego producenta no\u017cy na zam\u00f3wienie Andrew Demke i prezesa Cold Steel Lynn C Thompsona, nasz Talwar mo\u017ce pochwali\u0107 si\u0119 2-calowym ostrzem S35VN. P\u0142aski szlif z g\u0142adko zakrzywion\u0105 kraw\u0119dzi\u0105 od czubka do czubka zapewnia si\u0142\u0119 ci\u0119cia i przek\u0142uwania, kt\u00f3ra wcze\u015bniej nie by\u0142a dost\u0119pna w no\u017cu sk\u0142adanym.<\/p>\n<p>Aby uzupe\u0142ni\u0107 kraw\u0119d\u017a i zab\u00f3jczy punkt Talwar, opracowali\u015bmy naprawd\u0119 wyj\u0105tkowy uchwyt. Wykonany z ameryka\u0144skiego G-10, jego teksturowana i wyrze\u017abiona r\u0119koje\u015b\u0107 pistoletowa posiada strategicznie rozmieszczone rowki na palce dla wygody i bezpiecze\u0144stwa, a aby jeszcze bardziej chroni\u0107 Twoje cenne palce przed tym pot\u0119\u017cnym ostrzem, wyposa\u017cyli\u015bmy Talwar w nasz wiod\u0105cy w bran\u017cy Tri-Ad \u00ae. zamek. Wypr\u00f3bowany i przetestowany, ten super bezpieczny mechanizm blokuj\u0105cy okaza\u0142 si\u0119 niepor\u00f3wnywalny z \u017cadnym zamkiem do no\u017ca sk\u0142adanego dost\u0119pnym na rynku \u2013 za wszelk\u0105 cen\u0119!<\/p>\n<p>Szybszy do wyci\u0105gni\u0119cia ni\u017c jakiekolwiek ostrze strzelaj\u0105ce, nasz Talwar jest wyposa\u017cony w rewolucyjny, obur\u0119czny kciuk Andrew Demka. Wk\u0142adaj\u0105c n\u00f3\u017c do kieszeni, mo\u017cesz b\u0142yskawicznie w\u0142ada\u0107 niesamowit\u0105 moc\u0105 Talwara!<\/p>\n<p>Waga: 142 g<br \/>\nRozmiar ca\u0142kowity: 23,5 cm<br \/>\nD\u0142ugo\u015b\u0107 ostrza: 10 cm<br \/>\nGrubo\u015b\u0107 ostrza: 0,38 cm<br \/>\nStal: CPM-S35VN<br \/>\nD\u0142ugo\u015b\u0107 r\u0105czki: 13,4 cm<br \/>\nMateria\u0142 r\u0119koje\u015bci: D\u0142ugi G-10<\/p>\n","protected":false},"excerpt":{"rendered":"<p><strong>Przedstawiamy nasz Talwar, zaprojektowany przez znanego producenta no\u017cy na zam\u00f3wienie Andrew Demka i prezesa Cold Steel Lynna C Thompsona.<\/strong><\/p>\n<p><strong>Bezp\u0142atny transport.<\/strong><\/p>\n","protected":false},"featured_media":344914,"comment_status":"open","ping_status":"closed","template":"","meta":[],"pwb-brand":[3596],"product_brand":[],"product_cat":[3307,3296],"product_tag":[3671],"class_list":{"0":"post-344929","1":"product","2":"type-product","3":"status-publish","4":"has-post-thumbnail","6":"pwb-brand-zimna-stal","7":"product_cat-zamykanie-nozy","8":"product_cat-noze-pl","9":"product_tag-b2b-pl","11":"first","12":"instock","13":"taxable","14":"shipping-taxable","15":"purchasable","16":"product-type-simple"},"brands":[{"id":3596,"name":"Zimna stal","slug":"zimna-stal"}],"_links":{"self":[{"href":"https:\/\/www.moskito.cz\/pl\/wp-json\/wp\/v2\/product\/344929","targetHints":{"allow":["GET"]}}],"collection":[{"href":"https:\/\/www.moskito.cz\/pl\/wp-json\/wp\/v2\/product"}],"about":[{"href":"https:\/\/www.moskito.cz\/pl\/wp-json\/wp\/v2\/types\/product"}],"replies":[{"embeddable":true,"href":"https:\/\/www.moskito.cz\/pl\/wp-json\/wp\/v2\/comments?post=344929"}],"wp:featuredmedia":[{"embeddable":true,"href":"https:\/\/www.moskito.cz\/pl\/wp-json\/wp\/v2\/media\/344914"}],"wp:attachment":[{"href":"https:\/\/www.moskito.cz\/pl\/wp-json\/wp\/v2\/media?parent=344929"}],"wp:term":[{"taxonomy":"pwb-brand","embeddable":true,"href":"https:\/\/www.moskito.cz\/pl\/wp-json\/wp\/v2\/pwb-brand?post=344929"},{"taxonomy":"product_brand","embeddable":true,"href":"https:\/\/www.moskito.cz\/pl\/wp-json\/wp\/v2\/product_brand?post=344929"},{"taxonomy":"product_cat","embeddable":true,"href":"https:\/\/www.moskito.cz\/pl\/wp-json\/wp\/v2\/product_cat?post=344929"},{"taxonomy":"product_tag","embeddable":true,"href":"https:\/\/www.moskito.cz\/pl\/wp-json\/wp\/v2\/product_tag?post=344929"}],"curies":[{"name":"wp","href":"https:\/\/api.w.org\/{rel}","templated":true}]}}