{"id":344984,"date":"2022-06-22T21:20:10","date_gmt":"2024-06-17T08:42:35","guid":{"rendered":"https:\/\/www.moskito.cz\/produkt\/noz-startowy-kershaw-launch-13\/"},"modified":"2025-05-07T11:17:31","modified_gmt":"2025-05-07T10:17:31","slug":"noz-startowy-kershaw-launch-13","status":"publish","type":"product","link":"https:\/\/www.moskito.cz\/pl\/produkt\/noz-startowy-kershaw-launch-13\/","title":{"rendered":"N\u00f3\u017c startowy KERSHAW LAUNCH 13"},"content":{"rendered":"<p>N\u00f3\u017c startowy <strong>KERSHAW<\/strong> LAUNCH 13<\/p>\n<p>Launch 13 \u0142\u0105czy w sobie to, co najlepsze w postaci smuk\u0142o\u015bci i pe\u0142nowymiarowych mo\u017cliwo\u015bci ci\u0119cia. Ostrze Wharncliffe doskonale nadaje si\u0119 do delikatnych prac, jest jednak lekko zakrzywione, co zapewnia bardziej wszechstronne ci\u0119cie. W\u0105ski profil i g\u0142\u0119boki klips do kieszeni sprawiaj\u0105, \u017ce Launch 13 mo\u017cna \u0142atwo nosi\u0107 w kieszeni. Szczeg\u00f3\u0142y konstrukcyjne dope\u0142niaj\u0105 pakiet, w tym zintegrowany otw\u00f3r na smycz, dwukolorowe ostrze i niestandardowy tr\u00f3jk\u0105tny ko\u0142ek.<\/p>\n<p>Wykonane w USA<br \/>\nStal ostrzowa CPM 154 wykonana w technologii metalurgii proszk\u00f3w ma i utrzymuje doskona\u0142\u0105 kraw\u0119d\u017a, zapewnia odporno\u015b\u0107 na korozj\u0119, odporno\u015b\u0107 na zu\u017cycie i wytrzyma\u0142o\u015b\u0107<br \/>\nLekki, solidny uchwyt z anodyzowanego aluminium jest wysoce wyprofilowany i przyci\u0105ga wzrok; zintegrowany otw\u00f3r na smycz<br \/>\nNiskoprofilowy przycisk utrudnia przypadkowe wysuni\u0119cie ostrza<br \/>\nTen n\u00f3\u017c automatyczny jest sprzedawany wy\u0142\u0105cznie za po\u015brednictwem autoryzowanych dealer\u00f3w firmy Kershaw; strona internetowa ma charakter wy\u0142\u0105cznie informacyjny<\/p>\n<p>NALE\u017bY PAMI\u0118TA\u0106, \u017bE STARSZE MODELE WYKORZYSTUJ\u0104 OBR\u00d3BK\u0118 BLACK DLC. OBECNE MODELE PRODUKCYJNE WYKONANE S\u0104 Z OSTRZEM POWIERZCHNIOWYM CERAKOTE.<\/p>\n<p>Na co dzie\u0144, do pracy, do u\u017cytku taktycznego<br \/>\nTyp N\u00f3\u017c automatyczny<br \/>\nStylowy scyzoryk<br \/>\nOryginalne produkty projektanta Kershaw<br \/>\nOstrze typu Wharncliffe<br \/>\nKraw\u0119d\u017a ostrza g\u0142adka<br \/>\nAutomatyczne otwieranie<br \/>\nOtwiera si\u0119 za pomoc\u0105 przycisku<br \/>\nTyp blokady Blokada przycisk\u00f3w<br \/>\nKieszonkowy klips Dwustronne g\u0142\u0119bokie noszenie (w prawo\/w lewo, odwracanie)<br \/>\nKolor uchwytu Czarny<br \/>\nWyprodukowano w USA. Tak<br \/>\nKraj pochodzenia USA<br \/>\nGwarancja Do\u017cywotnia gwarancja<\/p>\n<p>Materia\u0142 ostrza: stal proszkowa CPM-154CM<br \/>\nD\u0142ugo\u015b\u0107 ostrza: 89 mm<br \/>\ngrubo\u015b\u0107 ostrza 3,1 mm<br \/>\nD\u0142ugo\u015b\u0107 ca\u0142kowita: 203 mm<br \/>\nWaga: 68 g<br \/>\nMateria\u0142 r\u0119koje\u015bci: duraluminium lotnicze 6061-T6<br \/>\nOtwieranie: przycisk<br \/>\nKlips do noszenia w kieszeni lub na pasku<br \/>\nBezpiecze\u0144stwo: Blokada przycisk\u00f3w<br \/>\nWykonane w USA<\/p>\n<p>&nbsp;<\/p>\n<p><iframe title=\"Kershaw Launch 13 - Model 7650\" width=\"800\" height=\"450\" src=\"https:\/\/www.youtube.com\/embed\/ijA4CaFSnp4?feature=oembed\" frameborder=\"0\" allow=\"accelerometer; autoplay; clipboard-write; encrypted-media; gyroscope; picture-in-picture; web-share\" referrerpolicy=\"strict-origin-when-cross-origin\" allowfullscreen><\/iframe><\/p>\n<p>&nbsp;<\/p>\n","protected":false},"excerpt":{"rendered":"<p>Za\u0142o\u017cyciel Kershaw, Pete Kershaw, wiedzia\u0142, jak wa\u017cna jest gwarantowana jako\u015b\u0107. Pod koniec 1974 roku zdecydowa\u0142 si\u0119 za\u0142o\u017cy\u0107 w\u0142asn\u0105 firm\u0119 produkuj\u0105c\u0105 no\u017ce w cementowni w Lake Oswego w stanie Oregon.<\/p>\n<p>W Japonii dyrektor generalny Kai Koji Endo uwa\u017ca\u0142, \u017ce Kershaw ma jeszcze wi\u0119kszy potencja\u0142 wzrostu. W 1996 roku Endo zainwestowa\u0142o w ameryka\u0144ski zak\u0142ad produkcyjny w bazie Kai USA w Wilsonville. Wierzy\u0142, \u017ce pomo\u017ce to Kershawowi w osi\u0105gni\u0119ciu pe\u0142nego potencja\u0142u. Wkr\u00f3tce Kai USA zatrudni\u0142o do tego zadania nowy zesp\u00f3\u0142 produkcyjny.<\/p>\n","protected":false},"featured_media":344985,"comment_status":"open","ping_status":"closed","template":"","meta":[],"pwb-brand":[3773],"product_brand":[],"product_cat":[3296,3344],"product_tag":[],"class_list":{"0":"post-344984","1":"product","2":"type-product","3":"status-publish","4":"has-post-thumbnail","6":"pwb-brand-kershawa","7":"product_cat-noze-pl","8":"product_cat-noze-strzeleckie","10":"first","11":"outofstock","12":"taxable","13":"shipping-taxable","14":"purchasable","15":"product-type-simple"},"brands":[{"id":3773,"name":"Kershawa","slug":"kershawa"}],"_links":{"self":[{"href":"https:\/\/www.moskito.cz\/pl\/wp-json\/wp\/v2\/product\/344984","targetHints":{"allow":["GET"]}}],"collection":[{"href":"https:\/\/www.moskito.cz\/pl\/wp-json\/wp\/v2\/product"}],"about":[{"href":"https:\/\/www.moskito.cz\/pl\/wp-json\/wp\/v2\/types\/product"}],"replies":[{"embeddable":true,"href":"https:\/\/www.moskito.cz\/pl\/wp-json\/wp\/v2\/comments?post=344984"}],"wp:featuredmedia":[{"embeddable":true,"href":"https:\/\/www.moskito.cz\/pl\/wp-json\/wp\/v2\/media\/344985"}],"wp:attachment":[{"href":"https:\/\/www.moskito.cz\/pl\/wp-json\/wp\/v2\/media?parent=344984"}],"wp:term":[{"taxonomy":"pwb-brand","embeddable":true,"href":"https:\/\/www.moskito.cz\/pl\/wp-json\/wp\/v2\/pwb-brand?post=344984"},{"taxonomy":"product_brand","embeddable":true,"href":"https:\/\/www.moskito.cz\/pl\/wp-json\/wp\/v2\/product_brand?post=344984"},{"taxonomy":"product_cat","embeddable":true,"href":"https:\/\/www.moskito.cz\/pl\/wp-json\/wp\/v2\/product_cat?post=344984"},{"taxonomy":"product_tag","embeddable":true,"href":"https:\/\/www.moskito.cz\/pl\/wp-json\/wp\/v2\/product_tag?post=344984"}],"curies":[{"name":"wp","href":"https:\/\/api.w.org\/{rel}","templated":true}]}}