{"id":345020,"date":"2024-06-17T15:37:10","date_gmt":"2024-06-17T14:39:38","guid":{"rendered":"https:\/\/www.moskito.cz\/produkt\/noz-skladany-cold-steel-engage-tanto-2\/"},"modified":"2025-05-07T11:17:33","modified_gmt":"2025-05-07T10:17:33","slug":"noz-skladany-cold-steel-engage-tanto-2","status":"publish","type":"product","link":"https:\/\/www.moskito.cz\/pl\/produkt\/noz-skladany-cold-steel-engage-tanto-2\/","title":{"rendered":"N\u00f3\u017c sk\u0142adany Cold Steel ENGAGE TANTO"},"content":{"rendered":"<p>N\u00f3\u017c sk\u0142adany <strong>Cold Steel<\/strong> ENGAGE TANTO.<\/p>\n<p>Zaprojektowany z my\u015bl\u0105 o codziennym noszeniu, Engage to bogaty w funkcje folder wykonany z 3-calowej stali nierdzewnej 4116, kt\u00f3ra jest trwa\u0142a i \u0142atwa do szlifowania. Dzi\u0119ki opatentowanemu przez Cold Steel zamkowi suwakowemu Atlas\u2122, kt\u00f3ry zapewnia mocne i niezawodne zamkni\u0119cie, jest ono w pe\u0142ni odwracalne i w pe\u0142ni zdolne do spe\u0142nienia ka\u017cdego codziennego zadania. Wygodny uchwyt GFN zosta\u0142 odbudowany tak, aby s\u0142u\u017cy\u0142 latami i jest dost\u0119pny w trzech kolorach do wyboru. Dost\u0119pne s\u0105 dwie opcje kszta\u0142tu ostrza \u2013 tanto i. punkt klipu.<\/p>\n<p>Dost\u0119pne z szerok\u0105 gam\u0105 stali i kszta\u0142t\u00f3w ostrzy \u2013 a tak\u017ce w r\u00f3\u017cnych przedzia\u0142ach cenowych \u2013 nowe no\u017ce Engage firmy Cold Steel s\u0105 przeznaczone do noszenia na co dzie\u0144. Te w pe\u0142ni obur\u0119czne no\u017ce EDC klasy premium zosta\u0142y zaprojektowane tak, aby pewnie stawi\u0107 czo\u0142a ka\u017cdej okazji, dzi\u0119ki opatentowanemu suwakowi Atlas\u2122 Lock, kt\u00f3ry zapewnia trwa\u0142e, mocne i niezawodne blokowanie.<\/p>\n<p>Waga: 97 g<br \/>\nRozmiar ca\u0142kowity: 18,5 cm<br \/>\nD\u0142ugo\u015b\u0107 ostrza: 7,9 cm<br \/>\nGrubo\u015b\u0107 ostrza: 0,25 cm<br \/>\nWielko\u015b\u0107 g\u0142owy<br \/>\nStal: 4116SS<br \/>\nD\u0142ugo\u015b\u0107 r\u0105czki: 10,6 cm<br \/>\nMateria\u0142 r\u0119koje\u015bci: FGN<\/p>\n<p><iframe title=\"Cold Steel&#039;s Atlas Lock Test featuring the  new Engage 3.5&quot;\" width=\"800\" height=\"450\" src=\"https:\/\/www.youtube.com\/embed\/nh_7tHY8Ypw?feature=oembed\" frameborder=\"0\" allow=\"accelerometer; autoplay; clipboard-write; encrypted-media; gyroscope; picture-in-picture; web-share\" referrerpolicy=\"strict-origin-when-cross-origin\" allowfullscreen><\/iframe><\/p>\n<p>&nbsp;<\/p>\n","protected":false},"excerpt":{"rendered":"<p><strong>Dost\u0119pne z szerok\u0105 gam\u0105 stali i kszta\u0142t\u00f3w ostrzy \u2013 a tak\u017ce w r\u00f3\u017cnych przedzia\u0142ach cenowych \u2013 nowe no\u017ce Engage firmy Cold Steel s\u0105 przeznaczone do noszenia na co dzie\u0144.<\/strong><\/p>\n","protected":false},"featured_media":345005,"comment_status":"open","ping_status":"closed","template":"","meta":[],"pwb-brand":[3596],"product_brand":[],"product_cat":[3296,3307],"product_tag":[3671],"class_list":{"0":"post-345020","1":"product","2":"type-product","3":"status-publish","4":"has-post-thumbnail","6":"pwb-brand-zimna-stal","7":"product_cat-noze-pl","8":"product_cat-zamykanie-nozy","9":"product_tag-b2b-pl","11":"first","12":"instock","13":"taxable","14":"shipping-taxable","15":"purchasable","16":"product-type-simple"},"brands":[{"id":3596,"name":"Zimna stal","slug":"zimna-stal"}],"_links":{"self":[{"href":"https:\/\/www.moskito.cz\/pl\/wp-json\/wp\/v2\/product\/345020","targetHints":{"allow":["GET"]}}],"collection":[{"href":"https:\/\/www.moskito.cz\/pl\/wp-json\/wp\/v2\/product"}],"about":[{"href":"https:\/\/www.moskito.cz\/pl\/wp-json\/wp\/v2\/types\/product"}],"replies":[{"embeddable":true,"href":"https:\/\/www.moskito.cz\/pl\/wp-json\/wp\/v2\/comments?post=345020"}],"wp:featuredmedia":[{"embeddable":true,"href":"https:\/\/www.moskito.cz\/pl\/wp-json\/wp\/v2\/media\/345005"}],"wp:attachment":[{"href":"https:\/\/www.moskito.cz\/pl\/wp-json\/wp\/v2\/media?parent=345020"}],"wp:term":[{"taxonomy":"pwb-brand","embeddable":true,"href":"https:\/\/www.moskito.cz\/pl\/wp-json\/wp\/v2\/pwb-brand?post=345020"},{"taxonomy":"product_brand","embeddable":true,"href":"https:\/\/www.moskito.cz\/pl\/wp-json\/wp\/v2\/product_brand?post=345020"},{"taxonomy":"product_cat","embeddable":true,"href":"https:\/\/www.moskito.cz\/pl\/wp-json\/wp\/v2\/product_cat?post=345020"},{"taxonomy":"product_tag","embeddable":true,"href":"https:\/\/www.moskito.cz\/pl\/wp-json\/wp\/v2\/product_tag?post=345020"}],"curies":[{"name":"wp","href":"https:\/\/api.w.org\/{rel}","templated":true}]}}