{"id":345096,"date":"2020-01-10T14:33:00","date_gmt":"2020-01-10T13:33:00","guid":{"rendered":"https:\/\/www.moskito.cz\/produkt\/noz-rambo-naprawiono-blokator-serc-ostatniej-krwi\/"},"modified":"2025-07-11T07:50:25","modified_gmt":"2025-07-11T06:50:25","slug":"noz-rambo-naprawiono-blokator-serc-ostatniej-krwi","status":"publish","type":"product","link":"https:\/\/www.moskito.cz\/pl\/produkt\/noz-rambo-naprawiono-blokator-serc-ostatniej-krwi\/","title":{"rendered":"N\u00f3\u017c Rambo naprawiono Blokator Serc Ostatniej Krwi"},"content":{"rendered":"<p>Naprawiony n\u00f3\u017c <strong>Rambo Last Blood<\/strong> Heartstopper.<\/p>\n<p><strong>Wydanie licencjonowane<\/strong> stworzone przy u\u017cyciu prawdziwego no\u017ca u\u017cytego w filmie. W zestawie pochwa na n\u00f3\u017c i smycz z br\u0105zowej sk\u00f3ry bawolej.<br \/>\nCa\u0142kowita d\u0142ugo\u015b\u0107 no\u017ca wynosi 37 cm. D\u0142ugo\u015b\u0107 polerowanego, satynowego ostrza wynosi 22,5 cm.<\/p>\n<p><iframe title=\"The Rambo knives\" width=\"800\" height=\"450\" src=\"https:\/\/www.youtube.com\/embed\/GtN_772bV-o?feature=oembed\" frameborder=\"0\" allow=\"accelerometer; autoplay; clipboard-write; encrypted-media; gyroscope; picture-in-picture; web-share\" referrerpolicy=\"strict-origin-when-cross-origin\" allowfullscreen><\/iframe><\/p>\n<p>&nbsp;<\/p>\n","protected":false},"excerpt":{"rendered":"<p><strong>Licencjonowana wersja no\u017ca Rambo stworzona przy u\u017cyciu prawdziwego no\u017ca u\u017cytego w filmie.<\/strong><br \/>\n<strong>Bezp\u0142atny transport.<\/strong><\/p>\n","protected":false},"featured_media":176025,"comment_status":"open","ping_status":"closed","template":"","meta":[],"pwb-brand":[3556],"product_brand":[],"product_cat":[3297,3296],"product_tag":[3671],"class_list":{"0":"post-345096","1":"product","2":"type-product","3":"status-publish","4":"has-post-thumbnail","6":"pwb-brand-rambo-pl","7":"product_cat-solidne-noze","8":"product_cat-noze-pl","9":"product_tag-b2b-pl","11":"first","12":"instock","13":"taxable","14":"shipping-taxable","15":"purchasable","16":"product-type-simple"},"brands":[{"id":3556,"name":"Rambo","slug":"rambo-pl"}],"_links":{"self":[{"href":"https:\/\/www.moskito.cz\/pl\/wp-json\/wp\/v2\/product\/345096","targetHints":{"allow":["GET"]}}],"collection":[{"href":"https:\/\/www.moskito.cz\/pl\/wp-json\/wp\/v2\/product"}],"about":[{"href":"https:\/\/www.moskito.cz\/pl\/wp-json\/wp\/v2\/types\/product"}],"replies":[{"embeddable":true,"href":"https:\/\/www.moskito.cz\/pl\/wp-json\/wp\/v2\/comments?post=345096"}],"wp:featuredmedia":[{"embeddable":true,"href":"https:\/\/www.moskito.cz\/pl\/wp-json\/wp\/v2\/media\/176025"}],"wp:attachment":[{"href":"https:\/\/www.moskito.cz\/pl\/wp-json\/wp\/v2\/media?parent=345096"}],"wp:term":[{"taxonomy":"pwb-brand","embeddable":true,"href":"https:\/\/www.moskito.cz\/pl\/wp-json\/wp\/v2\/pwb-brand?post=345096"},{"taxonomy":"product_brand","embeddable":true,"href":"https:\/\/www.moskito.cz\/pl\/wp-json\/wp\/v2\/product_brand?post=345096"},{"taxonomy":"product_cat","embeddable":true,"href":"https:\/\/www.moskito.cz\/pl\/wp-json\/wp\/v2\/product_cat?post=345096"},{"taxonomy":"product_tag","embeddable":true,"href":"https:\/\/www.moskito.cz\/pl\/wp-json\/wp\/v2\/product_tag?post=345096"}],"curies":[{"name":"wp","href":"https:\/\/api.w.org\/{rel}","templated":true}]}}