{"id":345118,"date":"2019-09-18T18:34:51","date_gmt":"2019-09-18T17:34:51","guid":{"rendered":"https:\/\/www.moskito.cz\/produkt\/rambo-iii-stallone-sygnatura-rb9297\/"},"modified":"2025-07-11T07:49:58","modified_gmt":"2025-07-11T06:49:58","slug":"rambo-iii-stallone-sygnatura-rb9297","status":"publish","type":"product","link":"https:\/\/www.moskito.cz\/pl\/produkt\/rambo-iii-stallone-sygnatura-rb9297\/","title":{"rendered":"Rambo III Stallone sygnatura RB9297"},"content":{"rendered":"<p><strong>Rambo<\/strong> III Stallone Sygnatura RB9297<\/p>\n<p>Oficjalnie licencjonowana ca\u0142kowicie autentyczna replika legendarnego no\u017ca Johna Rambo znanego r\u00f3wnie\u017c jako <strong>Sylvester Stallone<\/strong> z filmu Rambo 3. Ca\u0142kowita d\u0142ugo\u015b\u0107 no\u017ca wynosi 46 cm, ostrze wykonane jest ze stali nierdzewnej 420. R\u0119koje\u015b\u0107 no\u017ca wykonana jest z wysokiej jako\u015bci laminowanego drewna. W pakiecie znajduje si\u0119 r\u00f3wnie\u017c wysokiej jako\u015bci sk\u00f3rzane etui.<\/p>\n<p>Wydanie. Og\u00f3\u0142em 18&#8243;. 13&#8243; niestandardowe du\u017ce ostrze typu bowie ze stali nierdzewnej z antyodblaskowym otworem na celownik. Laminowane uchwyty z twardego drewna z os\u0142on\u0105 i g\u0142owic\u0105 ze stali nierdzewnej. Smycz ze sznurka w kolorze czarnym. Pochwa z najwy\u017cszej p\u00f3\u0142ki ze sk\u00f3ry licowej z wi\u0105zaniem na nogawce. Oficjalnie licencjonowana reprodukcja. Limitowana edycja 10 000 sztuk.<\/p>\n<p><iframe title=\"The Rambo knives\" width=\"800\" height=\"450\" src=\"https:\/\/www.youtube.com\/embed\/GtN_772bV-o?feature=oembed\" frameborder=\"0\" allow=\"accelerometer; autoplay; clipboard-write; encrypted-media; gyroscope; picture-in-picture; web-share\" referrerpolicy=\"strict-origin-when-cross-origin\" allowfullscreen><\/iframe><\/p>\n<p>&nbsp;<\/p>\n<p>&nbsp;<\/p>\n","protected":false},"excerpt":{"rendered":"<p>N\u00f3\u017c <strong>Rambo<\/strong> z pochw\u0105.<\/p>\n","protected":false},"featured_media":166435,"comment_status":"open","ping_status":"closed","template":"","meta":[],"pwb-brand":[3556],"product_brand":[],"product_cat":[3297,3296],"product_tag":[3671],"class_list":{"0":"post-345118","1":"product","2":"type-product","3":"status-publish","4":"has-post-thumbnail","6":"pwb-brand-rambo-pl","7":"product_cat-solidne-noze","8":"product_cat-noze-pl","9":"product_tag-b2b-pl","11":"first","12":"outofstock","13":"taxable","14":"shipping-taxable","15":"purchasable","16":"product-type-simple"},"brands":[{"id":3556,"name":"Rambo","slug":"rambo-pl"}],"_links":{"self":[{"href":"https:\/\/www.moskito.cz\/pl\/wp-json\/wp\/v2\/product\/345118","targetHints":{"allow":["GET"]}}],"collection":[{"href":"https:\/\/www.moskito.cz\/pl\/wp-json\/wp\/v2\/product"}],"about":[{"href":"https:\/\/www.moskito.cz\/pl\/wp-json\/wp\/v2\/types\/product"}],"replies":[{"embeddable":true,"href":"https:\/\/www.moskito.cz\/pl\/wp-json\/wp\/v2\/comments?post=345118"}],"wp:featuredmedia":[{"embeddable":true,"href":"https:\/\/www.moskito.cz\/pl\/wp-json\/wp\/v2\/media\/166435"}],"wp:attachment":[{"href":"https:\/\/www.moskito.cz\/pl\/wp-json\/wp\/v2\/media?parent=345118"}],"wp:term":[{"taxonomy":"pwb-brand","embeddable":true,"href":"https:\/\/www.moskito.cz\/pl\/wp-json\/wp\/v2\/pwb-brand?post=345118"},{"taxonomy":"product_brand","embeddable":true,"href":"https:\/\/www.moskito.cz\/pl\/wp-json\/wp\/v2\/product_brand?post=345118"},{"taxonomy":"product_cat","embeddable":true,"href":"https:\/\/www.moskito.cz\/pl\/wp-json\/wp\/v2\/product_cat?post=345118"},{"taxonomy":"product_tag","embeddable":true,"href":"https:\/\/www.moskito.cz\/pl\/wp-json\/wp\/v2\/product_tag?post=345118"}],"curies":[{"name":"wp","href":"https:\/\/api.w.org\/{rel}","templated":true}]}}