{"id":345133,"date":"2024-06-18T10:21:10","date_gmt":"2024-06-18T09:43:47","guid":{"rendered":"https:\/\/www.moskito.cz\/produkt\/noz-zamykany-cold-steel-pro-lite-clip-point\/"},"modified":"2025-05-07T11:17:39","modified_gmt":"2025-05-07T10:17:39","slug":"noz-zamykany-cold-steel-pro-lite-clip-point","status":"publish","type":"product","link":"https:\/\/www.moskito.cz\/pl\/produkt\/noz-zamykany-cold-steel-pro-lite-clip-point\/","title":{"rendered":"N\u00f3\u017c zamykany Cold Steel PRO LITE CLIP POINT"},"content":{"rendered":"<p>N\u00f3\u017c zamykany <strong>Cold Steel<\/strong> PRO LITE CLIP POINT.<\/p>\n<p>Naszym celem przy tworzeniu serii Pro Lite by\u0142o dostarczenie wytrzyma\u0142ego no\u017ca sk\u0142adanego o oczekiwanej doskona\u0142ej wytrzyma\u0142o\u015bci i trwa\u0142o\u015bci Cold Steel w przyst\u0119pnej cenie. Zaprojektowany przez s\u0142ynnego tw\u00f3rc\u0119 no\u017cy Andrew Demke, Pro Lite posiada niemieckie ostrze z hartowanej krio stali nierdzewnej 4116 z trwa\u0142ym wyko\u0144czeniem typu stonewashed i klasycznym profilem klipsa. Nasz trwa\u0142y mechanizm blokuj\u0105cy Tri-Ad zapewnia bezpieczne zamkni\u0119cie. Teksturowany uchwyt wykonany jest z teksturowanego nylonu wype\u0142nionego szk\u0142em i posiada klips kieszeniowy ze stali nierdzewnej, kt\u00f3ry mo\u017cna nosi\u0107 obur\u0119cznie, z\u0142o\u017con\u0105 lew\u0105 lub praw\u0105 r\u0119k\u0105.<\/p>\n<p>Waga: 93 g<br \/>\nRozmiar ca\u0142kowity: 20,3 cm<br \/>\nD\u0142ugo\u015b\u0107 ostrza: 8,9 cm<br \/>\nGrubo\u015b\u0107 ostrza: 0,3 cm<br \/>\nStal: 4116SS<br \/>\nD\u0142ugo\u015b\u0107 r\u0105czki: 11,4 cm<br \/>\nMateria\u0142 r\u0119koje\u015bci: d\u0142ugi GFN<\/p>\n","protected":false},"excerpt":{"rendered":"<p><strong>Ma\u0142y n\u00f3\u017c sk\u0142adany Pro Lite to n\u00f3\u017c do codziennego u\u017cytku, charakteryzuj\u0105cy si\u0119 doskona\u0142\u0105 trwa\u0142o\u015bci\u0105 i wytrzyma\u0142o\u015bci\u0105.<\/strong><\/p>\n","protected":false},"featured_media":345128,"comment_status":"open","ping_status":"closed","template":"","meta":[],"pwb-brand":[3596],"product_brand":[],"product_cat":[3296,3307],"product_tag":[3671],"class_list":{"0":"post-345133","1":"product","2":"type-product","3":"status-publish","4":"has-post-thumbnail","6":"pwb-brand-zimna-stal","7":"product_cat-noze-pl","8":"product_cat-zamykanie-nozy","9":"product_tag-b2b-pl","11":"first","12":"instock","13":"taxable","14":"shipping-taxable","15":"purchasable","16":"product-type-simple"},"brands":[{"id":3596,"name":"Zimna stal","slug":"zimna-stal"}],"_links":{"self":[{"href":"https:\/\/www.moskito.cz\/pl\/wp-json\/wp\/v2\/product\/345133","targetHints":{"allow":["GET"]}}],"collection":[{"href":"https:\/\/www.moskito.cz\/pl\/wp-json\/wp\/v2\/product"}],"about":[{"href":"https:\/\/www.moskito.cz\/pl\/wp-json\/wp\/v2\/types\/product"}],"replies":[{"embeddable":true,"href":"https:\/\/www.moskito.cz\/pl\/wp-json\/wp\/v2\/comments?post=345133"}],"wp:featuredmedia":[{"embeddable":true,"href":"https:\/\/www.moskito.cz\/pl\/wp-json\/wp\/v2\/media\/345128"}],"wp:attachment":[{"href":"https:\/\/www.moskito.cz\/pl\/wp-json\/wp\/v2\/media?parent=345133"}],"wp:term":[{"taxonomy":"pwb-brand","embeddable":true,"href":"https:\/\/www.moskito.cz\/pl\/wp-json\/wp\/v2\/pwb-brand?post=345133"},{"taxonomy":"product_brand","embeddable":true,"href":"https:\/\/www.moskito.cz\/pl\/wp-json\/wp\/v2\/product_brand?post=345133"},{"taxonomy":"product_cat","embeddable":true,"href":"https:\/\/www.moskito.cz\/pl\/wp-json\/wp\/v2\/product_cat?post=345133"},{"taxonomy":"product_tag","embeddable":true,"href":"https:\/\/www.moskito.cz\/pl\/wp-json\/wp\/v2\/product_tag?post=345133"}],"curies":[{"name":"wp","href":"https:\/\/api.w.org\/{rel}","templated":true}]}}