{"id":345202,"date":"2024-06-18T11:03:34","date_gmt":"2024-06-18T11:06:07","guid":{"rendered":"https:\/\/www.moskito.cz\/produkt\/noz-skladany-cold-steel-stockman\/"},"modified":"2025-05-07T11:17:43","modified_gmt":"2025-05-07T10:17:43","slug":"noz-skladany-cold-steel-stockman","status":"publish","type":"product","link":"https:\/\/www.moskito.cz\/pl\/produkt\/noz-skladany-cold-steel-stockman\/","title":{"rendered":"N\u00f3\u017c sk\u0142adany Cold Steel STOCKMAN"},"content":{"rendered":"<p>N\u00f3\u017c sk\u0142adany <strong>Cold Steel<\/strong> STOCKMAN.<\/p>\n<p>N\u00f3\u017c sk\u0142adany <strong>Cold Steel Stockman<\/strong> to nieco wi\u0119ksza i wytrzymalsza wersja Gentleman&#8217;s Stockman. Seria Stockman to nasza wariacja na temat klasycznego no\u017ca m\u0119skiego. Posiada uchwyty wykonane z prawdziwej ko\u015bci i jest akcentowany zag\u0142\u00f3wkami z polerowanego metalu. Solidne uchwyty s\u0105 zasadniczo przystosowane do ci\u0119\u017ckiej pracy, nawet w r\u0119kawiczkach. Jest zbudowany w tradycyjnym stylu Jack Knife z trzema ostrzami z polerowanej stali nierdzewnej 8Cr13MoV: ostrzem klipsowym do przek\u0142uwania i ci\u0119cia, ostrzem do sk\u00f3rowania i patroszenia oraz ostrzem z owczej \u0142apy, kt\u00f3re zapobiega przek\u0142uciom podczas krojenia. Jest to praktyczny n\u00f3\u017c, kt\u00f3ry przydaje si\u0119 do wszelkiego rodzaju prac i doskonale sprawdza si\u0119 w niemal ka\u017cdym \u015brodowisku, od miasta po wie\u015b. Jest to \u015bwietny scyzoryk, kt\u00f3ry idealnie nadaje si\u0119 do projekt\u00f3w domowych, do u\u017cytku na zewn\u0105trz lub jako n\u00f3\u017c my\u015bliwski.<\/p>\n<p>D\u0142ugo\u015b\u0107 ostrza 1: <span id=\"cwos\" class=\"qv3Wpe\">8,75<\/span> cm<\/p>\n<p>D\u0142ugo\u015b\u0107 ostrza 2: <span id=\"cwos\" class=\"qv3Wpe\">5,75<\/span> cm<br \/>\nD\u0142ugo\u015b\u0107 ostrza 3: 5 cm<br \/>\nRodzina stali: stal nierdzewna 8Cr13MoV<\/p>\n<p>Kolor: ko\u015b\u0107<\/p>\n<p>Linia produkt\u00f3w: Stockman<\/p>\n<p>Mechanizm blokuj\u0105cy: Przegub przesuwny<\/p>\n<p>&nbsp;<\/p>\n","protected":false},"excerpt":{"rendered":"<p><strong>N\u00f3\u017c sk\u0142adany Cold Steel Stockman to nieco wi\u0119ksza i wytrzymalsza wersja Gentleman&#8217;s Stockman. Seria Stockman to nasza wariacja na temat klasycznego no\u017ca m\u0119skiego.<\/strong><\/p>\n","protected":false},"featured_media":345168,"comment_status":"open","ping_status":"closed","template":"","meta":[],"pwb-brand":[3596],"product_brand":[],"product_cat":[3296,3307],"product_tag":[3671],"class_list":{"0":"post-345202","1":"product","2":"type-product","3":"status-publish","4":"has-post-thumbnail","6":"pwb-brand-zimna-stal","7":"product_cat-noze-pl","8":"product_cat-zamykanie-nozy","9":"product_tag-b2b-pl","11":"first","12":"outofstock","13":"taxable","14":"shipping-taxable","15":"purchasable","16":"product-type-simple"},"brands":[{"id":3596,"name":"Zimna stal","slug":"zimna-stal"}],"_links":{"self":[{"href":"https:\/\/www.moskito.cz\/pl\/wp-json\/wp\/v2\/product\/345202","targetHints":{"allow":["GET"]}}],"collection":[{"href":"https:\/\/www.moskito.cz\/pl\/wp-json\/wp\/v2\/product"}],"about":[{"href":"https:\/\/www.moskito.cz\/pl\/wp-json\/wp\/v2\/types\/product"}],"replies":[{"embeddable":true,"href":"https:\/\/www.moskito.cz\/pl\/wp-json\/wp\/v2\/comments?post=345202"}],"wp:featuredmedia":[{"embeddable":true,"href":"https:\/\/www.moskito.cz\/pl\/wp-json\/wp\/v2\/media\/345168"}],"wp:attachment":[{"href":"https:\/\/www.moskito.cz\/pl\/wp-json\/wp\/v2\/media?parent=345202"}],"wp:term":[{"taxonomy":"pwb-brand","embeddable":true,"href":"https:\/\/www.moskito.cz\/pl\/wp-json\/wp\/v2\/pwb-brand?post=345202"},{"taxonomy":"product_brand","embeddable":true,"href":"https:\/\/www.moskito.cz\/pl\/wp-json\/wp\/v2\/product_brand?post=345202"},{"taxonomy":"product_cat","embeddable":true,"href":"https:\/\/www.moskito.cz\/pl\/wp-json\/wp\/v2\/product_cat?post=345202"},{"taxonomy":"product_tag","embeddable":true,"href":"https:\/\/www.moskito.cz\/pl\/wp-json\/wp\/v2\/product_tag?post=345202"}],"curies":[{"name":"wp","href":"https:\/\/api.w.org\/{rel}","templated":true}]}}