{"id":345255,"date":"2024-06-18T12:20:23","date_gmt":"2024-06-18T11:20:23","guid":{"rendered":"https:\/\/www.moskito.cz\/produkt\/noze-do-rzutu-cold-steel-z-uchwytem-paracord-3-opakowania-z-pochwa\/"},"modified":"2025-05-07T11:17:45","modified_gmt":"2025-05-07T10:17:45","slug":"noze-do-rzutu-cold-steel-z-uchwytem-paracord-3-opakowania-z-pochwa","status":"publish","type":"product","link":"https:\/\/www.moskito.cz\/pl\/produkt\/noze-do-rzutu-cold-steel-z-uchwytem-paracord-3-opakowania-z-pochwa\/","title":{"rendered":"NO\u017bE DO RZUTU Cold Steel Z UCHWYTEM PARACORD &#8211; 3 OPAKOWANIA Z POCHW\u0104"},"content":{"rendered":"<p>NO\u017bE DO RZUTU <strong>Cold Steel<\/strong> Z UCHWYTEM PARACORD &#8211; 3 OPAKOWANIA Z POCHW\u0104.<\/p>\n<p>Wykonane z wytrzyma\u0142ej stali 420SS i wyko\u0144czone odporn\u0105 na zarysowania czarn\u0105 pow\u0142ok\u0105 ochronn\u0105. Te no\u017ce do rzucania s\u0105 doskonale wywa\u017cone, co zapewnia dok\u0142adno\u015b\u0107 i trwa\u0142o\u015b\u0107 oraz d\u0142ug\u0105 \u017cywotno\u015b\u0107. Ich ostre, funkcjonalne ostrza i r\u0119koje\u015bci owini\u0119te paracordem sprawiaj\u0105, \u017ce mog\u0105 pe\u0142ni\u0107 funkcj\u0119 doskona\u0142ych no\u017cy bushcraftowych lub survivalowych. Zestaw trzech mo\u017cna \u0142atwo przechowywa\u0107 w do\u0142\u0105czonym nylonowym etui.<\/p>\n<p>Waga: 138 g<br \/>\nRozmiar ca\u0142kowity: 22,9 cm<br \/>\nD\u0142ugo\u015b\u0107 ostrza: 10,2 cm<br \/>\nGrubo\u015b\u0107 ostrza: 0,39 cm<br \/>\nStal: 420SS<br \/>\nD\u0142ugo\u015b\u0107 r\u0105czki: 12,7 cm<br \/>\nMateria\u0142 obudowy: nylon<\/p>\n","protected":false},"excerpt":{"rendered":"<p><strong>Te no\u017ce do rzucania s\u0105 doskonale wywa\u017cone, co zapewnia dok\u0142adno\u015b\u0107 i trwa\u0142o\u015b\u0107 oraz d\u0142ug\u0105 \u017cywotno\u015b\u0107. Ich ostre, funkcjonalne ostrza i r\u0119koje\u015bci owini\u0119te paracordem sprawiaj\u0105, \u017ce mog\u0105 pe\u0142ni\u0107 funkcj\u0119 doskona\u0142ych no\u017cy bushcraftowych lub survivalowych.<\/strong><\/p>\n","protected":false},"featured_media":345224,"comment_status":"open","ping_status":"closed","template":"","meta":[],"pwb-brand":[3596],"product_brand":[],"product_cat":[3543,3296],"product_tag":[3671],"class_list":{"0":"post-345255","1":"product","2":"type-product","3":"status-publish","4":"has-post-thumbnail","6":"pwb-brand-zimna-stal","7":"product_cat-rzucac-nozami","8":"product_cat-noze-pl","9":"product_tag-b2b-pl","11":"first","12":"instock","13":"sold-individually","14":"taxable","15":"shipping-taxable","16":"purchasable","17":"product-type-simple"},"brands":[{"id":3596,"name":"Zimna stal","slug":"zimna-stal"}],"_links":{"self":[{"href":"https:\/\/www.moskito.cz\/pl\/wp-json\/wp\/v2\/product\/345255","targetHints":{"allow":["GET"]}}],"collection":[{"href":"https:\/\/www.moskito.cz\/pl\/wp-json\/wp\/v2\/product"}],"about":[{"href":"https:\/\/www.moskito.cz\/pl\/wp-json\/wp\/v2\/types\/product"}],"replies":[{"embeddable":true,"href":"https:\/\/www.moskito.cz\/pl\/wp-json\/wp\/v2\/comments?post=345255"}],"wp:featuredmedia":[{"embeddable":true,"href":"https:\/\/www.moskito.cz\/pl\/wp-json\/wp\/v2\/media\/345224"}],"wp:attachment":[{"href":"https:\/\/www.moskito.cz\/pl\/wp-json\/wp\/v2\/media?parent=345255"}],"wp:term":[{"taxonomy":"pwb-brand","embeddable":true,"href":"https:\/\/www.moskito.cz\/pl\/wp-json\/wp\/v2\/pwb-brand?post=345255"},{"taxonomy":"product_brand","embeddable":true,"href":"https:\/\/www.moskito.cz\/pl\/wp-json\/wp\/v2\/product_brand?post=345255"},{"taxonomy":"product_cat","embeddable":true,"href":"https:\/\/www.moskito.cz\/pl\/wp-json\/wp\/v2\/product_cat?post=345255"},{"taxonomy":"product_tag","embeddable":true,"href":"https:\/\/www.moskito.cz\/pl\/wp-json\/wp\/v2\/product_tag?post=345255"}],"curies":[{"name":"wp","href":"https:\/\/api.w.org\/{rel}","templated":true}]}}