{"id":345325,"date":"2024-06-19T04:21:22","date_gmt":"2024-06-19T03:24:44","guid":{"rendered":"https:\/\/www.moskito.cz\/produkt\/noz-zamykany-emerson-apache-sf\/"},"modified":"2025-05-07T11:17:46","modified_gmt":"2025-05-07T10:17:46","slug":"noz-zamykany-emerson-apache-sf","status":"publish","type":"product","link":"https:\/\/www.moskito.cz\/pl\/produkt\/noz-zamykany-emerson-apache-sf\/","title":{"rendered":"N\u00f3\u017c zamykany Emerson Apache SF"},"content":{"rendered":"<p>N\u00f3\u017c zamykany <strong>Emerson<\/strong> Apache SF.<\/p>\n<p>Jednymi z najbardziej przera\u017caj\u0105cych Indian z ameryka\u0144skiego Dzikiego Zachodu by\u0142y plemiona Apacz\u00f3w. Najbardziej znan\u0105 z nich by\u0142a grupa wojownik\u00f3w dowodzona przez Geronimo, rodzimego Apacza z plemienia Bedonkohe.<\/p>\n<p>Geronimo by\u0142 jednym z ostatnich wielkich wojownik\u00f3w wojen indyjskich, kt\u00f3ry ostatecznie zosta\u0142 schwytany 4-go. Wrzesie\u0144 1886. Zosta\u0142 schwytany z karabinem Winchester, pistoletem Colt i no\u017cem Bowie.<\/p>\n<p>Kiedy projektowa\u0142em Emerson Apache, by\u0142o co\u015b w wygl\u0105dzie i dotyku, w \u201eklimacie\u201d tego no\u017ca, kt\u00f3ry nazywa\u0142 mnie \u201eindyjskim\u201d. By\u0142o prymitywnie, szorstko i twardo. Nazwa\u0142em go Apache. P\u00f3\u017aniej dowiedzia\u0142em si\u0119, \u017ce kiedy Geronimo w ko\u0144cu odda\u0142 jedn\u0105 ze swoich ostatnich i najcenniejszych rzeczy, by\u0142 n\u00f3\u017c Sheffield Bowie.<\/p>\n<p>Ten n\u00f3\u017c po prostu mia\u0142 taki by\u0107. Kiedy go podnosisz, niemal s\u0142ycha\u0107 skrzypienie wytartej sk\u00f3ry i zapach sza\u0142wii w ciep\u0142ym wietrze. I mo\u017cesz poczu\u0107 niez\u0142omnego ducha tego, kt\u00f3ry b\u0119dzie walczy\u0142 do gorzkiego ko\u0144ca.<\/p>\n<p>R\u0119koje\u015b\u0107: G-10<br \/>\nOstrze: 154 cm<br \/>\nObr\u00f3bka powierzchniowa ostrza: Stone Washed<\/p>\n<p>D\u0142ugo\u015b\u0107 ca\u0142kowita: 22 cm<br \/>\nD\u0142ugo\u015b\u0107 ostrza: 9,25 cm<br \/>\nTwardo\u015b\u0107 57-59RC<br \/>\nWaga 6,0 uncji<\/p>\n<p>&nbsp;<\/p>\n","protected":false},"excerpt":{"rendered":"<p><strong>NO\u017bE EMERSON S\u0104 POSZUKIWANE PRZEZ ELITE WOJSKOWE I ORGANY PRAWNE<\/strong><br \/>\n<strong>PRZEZ \u017bO\u0141NIERZY NA CA\u0141YM \u015aWIECIE I USTANOWI\u0141Y STANDARD, WED\u0141UG KT\u00d3REGO OCENIONE S\u0104 WSZYSTKIE INNE NO\u017bE TAKTYCZNE.<\/strong><\/p>\n<p>Bezp\u0142atny transport.<\/p>\n","protected":false},"featured_media":345292,"comment_status":"open","ping_status":"closed","template":"","meta":[],"pwb-brand":[3785],"product_brand":[],"product_cat":[3296,3307],"product_tag":[],"class_list":{"0":"post-345325","1":"product","2":"type-product","3":"status-publish","4":"has-post-thumbnail","6":"pwb-brand-emersona","7":"product_cat-noze-pl","8":"product_cat-zamykanie-nozy","10":"first","11":"outofstock","12":"taxable","13":"shipping-taxable","14":"purchasable","15":"product-type-simple"},"brands":[{"id":3785,"name":"Emersona","slug":"emersona"}],"_links":{"self":[{"href":"https:\/\/www.moskito.cz\/pl\/wp-json\/wp\/v2\/product\/345325","targetHints":{"allow":["GET"]}}],"collection":[{"href":"https:\/\/www.moskito.cz\/pl\/wp-json\/wp\/v2\/product"}],"about":[{"href":"https:\/\/www.moskito.cz\/pl\/wp-json\/wp\/v2\/types\/product"}],"replies":[{"embeddable":true,"href":"https:\/\/www.moskito.cz\/pl\/wp-json\/wp\/v2\/comments?post=345325"}],"wp:featuredmedia":[{"embeddable":true,"href":"https:\/\/www.moskito.cz\/pl\/wp-json\/wp\/v2\/media\/345292"}],"wp:attachment":[{"href":"https:\/\/www.moskito.cz\/pl\/wp-json\/wp\/v2\/media?parent=345325"}],"wp:term":[{"taxonomy":"pwb-brand","embeddable":true,"href":"https:\/\/www.moskito.cz\/pl\/wp-json\/wp\/v2\/pwb-brand?post=345325"},{"taxonomy":"product_brand","embeddable":true,"href":"https:\/\/www.moskito.cz\/pl\/wp-json\/wp\/v2\/product_brand?post=345325"},{"taxonomy":"product_cat","embeddable":true,"href":"https:\/\/www.moskito.cz\/pl\/wp-json\/wp\/v2\/product_cat?post=345325"},{"taxonomy":"product_tag","embeddable":true,"href":"https:\/\/www.moskito.cz\/pl\/wp-json\/wp\/v2\/product_tag?post=345325"}],"curies":[{"name":"wp","href":"https:\/\/api.w.org\/{rel}","templated":true}]}}