{"id":345380,"date":"2024-06-19T04:46:55","date_gmt":"2024-06-19T03:49:48","guid":{"rendered":"https:\/\/www.moskito.cz\/produkt\/noz-zamykany-emerson-hattin-sf\/"},"modified":"2025-05-07T11:17:47","modified_gmt":"2025-05-07T10:17:47","slug":"noz-zamykany-emerson-hattin-sf","status":"publish","type":"product","link":"https:\/\/www.moskito.cz\/pl\/produkt\/noz-zamykany-emerson-hattin-sf\/","title":{"rendered":"N\u00f3\u017c zamykany Emerson Hattin SF"},"content":{"rendered":"<p>N\u00f3\u017c zamykany <strong>Emerson<\/strong> Hattin SF.<\/p>\n<p>Kiedy europejscy krzy\u017cowcy po raz pierwszy zetkn\u0119li si\u0119 z armiami islamu na Bliskim Wschodzie, byli zaskoczeni taktyk\u0105 bojow\u0105 ich muzu\u0142ma\u0144skich wrog\u00f3w. Po raz pierwszy europejskie armie stawi\u0142y czo\u0142a b\u0142yskawicznym najazdom lekkiej kawalerii konnej, uzbrojonej tak\u017ce w b\u0142yskawiczny miecz \u2013 szabl\u0119. Lekka, szybka i zab\u00f3jcza to prawdopodobnie najlepsze s\u0142owa, kt\u00f3rymi mo\u017cna opisa\u0107 t\u0119 egzotyczn\u0105 i pot\u0119\u017cn\u0105 bro\u0144.<\/p>\n<p>Bu\u0142at by\u0142 broni\u0105 jednor\u0119czn\u0105 z bardzo pewnym chwytem, \u200b\u200ba jego linie tworzy\u0142y wdzi\u0119czny \u0142uk tn\u0105cy a\u017c do \u015bmierci, w wyniku czego powsta\u0142a bro\u0144 r\u00f3wnie skuteczna w k\u0142uciu i ci\u0119ciu. <strong>Emerson Hattin<\/strong> zosta\u0142 nazwany na cze\u015b\u0107 bitwy pod Hattin, kt\u00f3ra mia\u0142a miejsce 4 Lipiec 1187, historyczna bitwa stoczona na ja\u0142owych r\u00f3wninach poni\u017cej Rog\u00f3w Hattin, kt\u00f3ra zako\u0144czy\u0142a si\u0119 mia\u017cd\u017c\u0105c\u0105 kl\u0119sk\u0105 krzy\u017cowc\u00f3w i Bizantyjczyk\u00f3w przez armi\u0119 Sal Al A Dina (Saladyna), najwi\u0119kszego ze wszystkich islamskich wojownik\u00f3w i p\u00f3\u017aniejszego wroga Ryszarda Coure de Leone (Ryszarda Lwie Serce).  <strong>Emerson Hattin<\/strong> ma ostrze w kszta\u0142cie bu\u0142atu i przekazuje dok\u0142adnie to samo znaczenie trzech s\u0142\u00f3w: lekki, szybki i zab\u00f3jczy, kt\u00f3re zosta\u0142y po raz pierwszy opisane prawie tysi\u0105c lat temu.<\/p>\n<p>Kiedy go podniesiesz, zamknij oczy, a by\u0107 mo\u017ce us\u0142yszysz okrzyk bojowy wojownik\u00f3w i brz\u0119k zaostrzonej stali daleko od bitwy, kt\u00f3ra wci\u0105\u017c nawiedza ja\u0142owe r\u00f3wniny Bliskiego Wschodu i kt\u00f3ra wci\u0105\u017c trwa. prowadzi\u0142 dzisiaj pomi\u0119dzy si\u0142ami dobra i z\u0142a.<\/p>\n<p>Ernest <strong>Emerson<\/strong> jest niew\u0105tpliwie jednym z najbardziej p\u0142odnych projektant\u00f3w no\u017cy wszechczas\u00f3w. Jego projekty s\u0105 najbardziej wp\u0142ywow\u0105 si\u0142\u0105 w bran\u017cy no\u017cy od ponad 20 lat i s\u0105dz\u0105c po wp\u0142ywie, jaki wywar\u0142y, musia\u0142y to by\u0107 ca\u0142kiem dobre projekty. To powoduje problem. Emerson ma wi\u0119cej projekt\u00f3w ni\u017c no\u017cy.<\/p>\n<p>Jak sam m\u00f3wi: \u201eMam bank projekt\u00f3w, kt\u00f3rych zbudowanie zaj\u0119\u0142oby nawet dziesi\u0119ciolecia, i wci\u0105\u017c tworz\u0119 nowe projekty\u201d.<\/p>\n<p>Aby przedstawi\u0107 Ci te sugestie, u\u017cytkownik no\u017ca, <strong>firma Emerson Knives,<\/strong> wprowadzi\u0142a ide\u0119 \u201ebieg\u00f3w specjalnych\u201d. Ka\u017cdego roku produkujemy 6 takich nowych projekt\u00f3w w ramach \u201eserii specjalnej\u201d, dzi\u0119ki czemu b\u0119dziesz mie\u0107 szans\u0119 na posiadanie tych nowych, unikalnych i ekscytuj\u0105cych projekt\u00f3w no\u017cy. B\u0119d\u0105 wydawane co dwa miesi\u0105ce w niezwykle limitowanych ilo\u015bciach.<\/p>\n<p>R\u0119koje\u015bci: Czarna \u017cywica epoksydowa G-10 \/ w\u0142\u00f3kno szklane<br \/>\nZamek: tytan<br \/>\nOstrze: 154 cm<br \/>\nWyko\u0144czenie: Stonewashed<br \/>\nD\u0142ugo\u015b\u0107 ca\u0142kowita: 24 cm<br \/>\nD\u0142ugo\u015b\u0107 ostrza: 10 cm<br \/>\nTwardo\u015b\u0107 57-59 RC<\/p>\n<p><iframe title=\"Emerson Knives 3rd Special Limited Run - The Hattin. Available for Pre-sale now.\" width=\"800\" height=\"450\" src=\"https:\/\/www.youtube.com\/embed\/ASMhmI0oM6g?feature=oembed\" frameborder=\"0\" allow=\"accelerometer; autoplay; clipboard-write; encrypted-media; gyroscope; picture-in-picture; web-share\" referrerpolicy=\"strict-origin-when-cross-origin\" allowfullscreen><\/iframe><\/p>\n<p>&nbsp;<\/p>\n","protected":false},"excerpt":{"rendered":"<p><strong>Kiedy go podniesiesz, zamknij oczy, a by\u0107 mo\u017ce us\u0142yszysz okrzyk bojowy wojownik\u00f3w i brz\u0119k zaostrzonej stali daleko od bitwy, kt\u00f3ra wci\u0105\u017c nawiedza ja\u0142owe r\u00f3wniny Bliskiego Wschodu i kt\u00f3ra wci\u0105\u017c trwa. prowadzi\u0142 dzisiaj pomi\u0119dzy si\u0142ami dobra i z\u0142a.<\/strong><\/p>\n<p><strong>Bezp\u0142atny transport.<\/strong><\/p>\n","protected":false},"featured_media":345332,"comment_status":"open","ping_status":"closed","template":"","meta":[],"pwb-brand":[3785],"product_brand":[],"product_cat":[3296,3307],"product_tag":[],"class_list":{"0":"post-345380","1":"product","2":"type-product","3":"status-publish","4":"has-post-thumbnail","6":"pwb-brand-emersona","7":"product_cat-noze-pl","8":"product_cat-zamykanie-nozy","10":"first","11":"outofstock","12":"taxable","13":"shipping-taxable","14":"purchasable","15":"product-type-simple"},"brands":[{"id":3785,"name":"Emersona","slug":"emersona"}],"_links":{"self":[{"href":"https:\/\/www.moskito.cz\/pl\/wp-json\/wp\/v2\/product\/345380","targetHints":{"allow":["GET"]}}],"collection":[{"href":"https:\/\/www.moskito.cz\/pl\/wp-json\/wp\/v2\/product"}],"about":[{"href":"https:\/\/www.moskito.cz\/pl\/wp-json\/wp\/v2\/types\/product"}],"replies":[{"embeddable":true,"href":"https:\/\/www.moskito.cz\/pl\/wp-json\/wp\/v2\/comments?post=345380"}],"wp:featuredmedia":[{"embeddable":true,"href":"https:\/\/www.moskito.cz\/pl\/wp-json\/wp\/v2\/media\/345332"}],"wp:attachment":[{"href":"https:\/\/www.moskito.cz\/pl\/wp-json\/wp\/v2\/media?parent=345380"}],"wp:term":[{"taxonomy":"pwb-brand","embeddable":true,"href":"https:\/\/www.moskito.cz\/pl\/wp-json\/wp\/v2\/pwb-brand?post=345380"},{"taxonomy":"product_brand","embeddable":true,"href":"https:\/\/www.moskito.cz\/pl\/wp-json\/wp\/v2\/product_brand?post=345380"},{"taxonomy":"product_cat","embeddable":true,"href":"https:\/\/www.moskito.cz\/pl\/wp-json\/wp\/v2\/product_cat?post=345380"},{"taxonomy":"product_tag","embeddable":true,"href":"https:\/\/www.moskito.cz\/pl\/wp-json\/wp\/v2\/product_tag?post=345380"}],"curies":[{"name":"wp","href":"https:\/\/api.w.org\/{rel}","templated":true}]}}