{"id":345429,"date":"2024-06-19T05:06:55","date_gmt":"2024-06-19T04:07:39","guid":{"rendered":"https:\/\/www.moskito.cz\/produkt\/noz-zamykany-emerson-cqc-45-sf\/"},"modified":"2025-05-07T11:17:50","modified_gmt":"2025-05-07T10:17:50","slug":"noz-zamykany-emerson-cqc-45-sf","status":"publish","type":"product","link":"https:\/\/www.moskito.cz\/pl\/produkt\/noz-zamykany-emerson-cqc-45-sf\/","title":{"rendered":"N\u00f3\u017c zamykany Emerson CQC-45 SF"},"content":{"rendered":"<p>N\u00f3\u017c zamykany <strong>Emerson<\/strong> CQC-45 SF.<\/p>\n<p>N\u00f3\u017c posiada klasyczn\u0105, ergonomiczn\u0105 r\u0119koje\u015b\u0107 firmy Emerson oraz sprawdzone i ponadczasowe, ostre jak brzytwa ostrze w stylu Bowie. Ostrze wykonane jest z najwy\u017cszej jako\u015bci stali Crucible 154CM, poddanej obr\u00f3bce cieplnej do uzyskania optymalnej twardo\u015bci roboczej Rockwell RC 57-59.<\/p>\n<p>Kiedy Les Baer poprosi\u0142 mnie o zaprojektowanie no\u017ca pasuj\u0105cego do pistoletu <strong>CQC-45<\/strong>, oczywi\u015bcie wybra\u0142em n\u00f3\u017c Emerson Nineteen-11, teraz przemianowany na CQC-45. Od samego pocz\u0105tku n\u00f3\u017c ten mia\u0142 uciele\u015bnia\u0107 prost\u0105, wytrzyma\u0142\u0105 skuteczno\u015b\u0107 kultowej broni, od kt\u00f3rej pochodzi nazwa. Bardzo znany historyk i rusznikarz z 1911 roku powiedzia\u0142 mi kiedy\u015b: \u201eErnesti, gdyby John H. Browning m\u00f3g\u0142 poprosi\u0107 kogokolwiek o zaprojektowanie no\u017ca pasuj\u0105cego do jego broni, wybra\u0142by ciebie\u201d. . Gdybym m\u00f3g\u0142 do\u017cy\u0107 cho\u0107 ma\u0142ej cz\u0119\u015bci tego komplementu w swoim \u017cyciu, by\u0142bym szcz\u0119\u015bliwy.<\/p>\n<p>R\u0119koje\u015bci: Czarna \u017cywica epoksydowa G-10 \/ w\u0142\u00f3kno szklane<br \/>\nZamek: tytan<br \/>\nOstrze: 154 cm<br \/>\nWyko\u0144czenie: Stonewashed<br \/>\nD\u0142ugo\u015b\u0107 ca\u0142kowita: 21 cm<br \/>\nD\u0142ugo\u015b\u0107 ostrza: 9 cm<br \/>\nTwardo\u015b\u0107 57-59 RC<\/p>\n","protected":false},"excerpt":{"rendered":"<p><strong>NO\u017bE EMERSON S\u0104 POSZUKIWANE PRZEZ ELITE WOJSKOWE I ORGANY PRAWNE<\/strong><br \/>\n<strong>PRZEZ \u017bO\u0141NIERZY NA CA\u0141YM \u015aWIECIE I USTANOWI\u0141Y STANDARD, WED\u0141UG KT\u00d3REGO OCENIONE S\u0104 WSZYSTKIE INNE NO\u017bE TAKTYCZNE.<\/strong><\/p>\n<p>Bezp\u0142atny transport.<\/p>\n","protected":false},"featured_media":345390,"comment_status":"open","ping_status":"closed","template":"","meta":[],"pwb-brand":[3785],"product_brand":[],"product_cat":[3296,3307],"product_tag":[],"class_list":{"0":"post-345429","1":"product","2":"type-product","3":"status-publish","4":"has-post-thumbnail","6":"pwb-brand-emersona","7":"product_cat-noze-pl","8":"product_cat-zamykanie-nozy","10":"first","11":"outofstock","12":"taxable","13":"shipping-taxable","14":"purchasable","15":"product-type-simple"},"brands":[{"id":3785,"name":"Emersona","slug":"emersona"}],"_links":{"self":[{"href":"https:\/\/www.moskito.cz\/pl\/wp-json\/wp\/v2\/product\/345429","targetHints":{"allow":["GET"]}}],"collection":[{"href":"https:\/\/www.moskito.cz\/pl\/wp-json\/wp\/v2\/product"}],"about":[{"href":"https:\/\/www.moskito.cz\/pl\/wp-json\/wp\/v2\/types\/product"}],"replies":[{"embeddable":true,"href":"https:\/\/www.moskito.cz\/pl\/wp-json\/wp\/v2\/comments?post=345429"}],"wp:featuredmedia":[{"embeddable":true,"href":"https:\/\/www.moskito.cz\/pl\/wp-json\/wp\/v2\/media\/345390"}],"wp:attachment":[{"href":"https:\/\/www.moskito.cz\/pl\/wp-json\/wp\/v2\/media?parent=345429"}],"wp:term":[{"taxonomy":"pwb-brand","embeddable":true,"href":"https:\/\/www.moskito.cz\/pl\/wp-json\/wp\/v2\/pwb-brand?post=345429"},{"taxonomy":"product_brand","embeddable":true,"href":"https:\/\/www.moskito.cz\/pl\/wp-json\/wp\/v2\/product_brand?post=345429"},{"taxonomy":"product_cat","embeddable":true,"href":"https:\/\/www.moskito.cz\/pl\/wp-json\/wp\/v2\/product_cat?post=345429"},{"taxonomy":"product_tag","embeddable":true,"href":"https:\/\/www.moskito.cz\/pl\/wp-json\/wp\/v2\/product_tag?post=345429"}],"curies":[{"name":"wp","href":"https:\/\/api.w.org\/{rel}","templated":true}]}}