{"id":345448,"date":"2024-06-19T05:21:15","date_gmt":"2024-06-19T04:22:25","guid":{"rendered":"https:\/\/www.moskito.cz\/produkt\/noz-skladany-emerson-sheepdog\/"},"modified":"2025-05-07T11:17:51","modified_gmt":"2025-05-07T10:17:51","slug":"noz-skladany-emerson-sheepdog","status":"publish","type":"product","link":"https:\/\/www.moskito.cz\/pl\/produkt\/noz-skladany-emerson-sheepdog\/","title":{"rendered":"N\u00f3\u017c sk\u0142adany Emerson Sheepdog"},"content":{"rendered":"<p>N\u00f3\u017c sk\u0142adany <strong>Emerson<\/strong> Sheepdog.<\/p>\n<p><strong>Owczarek<\/strong> jest jednym z najlepszych przyjaci\u00f3\u0142 cz\u0142owieka, gotowym w ka\u017cdej chwili wkroczy\u0107 do akcji, aby chroni\u0107 stado i swoj\u0105 ludzk\u0105 rodzin\u0119. S\u0105 zawsze na s\u0142u\u017cbie i zawsze Twoim sta\u0142ym towarzyszem. By\u0107 mo\u017ce masz ju\u017c przy sobie swojego \u201eowczarka\u201d, ale teraz mo\u017cesz mie\u0107 psa pasterskiego, kt\u00f3rego mo\u017cesz nosi\u0107 w kieszeni. Przedstawiamy <strong>n\u00f3\u017c Sheepdog<\/strong> firmy <strong>Emerson Knives<\/strong> i nie daj si\u0119 zwie\u015b\u0107 jego rozmiarowi. Ten kieszonkowy ochraniacz charakteryzuje si\u0119 du\u017c\u0105 wytrzyma\u0142o\u015bci\u0105, u\u017cyteczno\u015bci\u0105 i wytrzyma\u0142o\u015bci\u0105. Dzi\u0119ki naszym potr\u00f3jnym funkcjom otwierania \u2013 przyciskowi kciuka, fali i p\u0142etwie, jest on gotowy do dzia\u0142ania w ka\u017cdej chwili, podobnie jak jego psia inspiracja. Nigdy nie rozstawaj si\u0119 z wersj\u0105 EDC najlepszego przyjaciela cz\u0142owieka. <strong>No\u015b owczarka Emerson,<\/strong> gdziekolwiek si\u0119 wybierasz.<\/p>\n<p>R\u0119koje\u015bci: Czarna \u017cywica epoksydowa G-10 \/ w\u0142\u00f3kno szklane<br \/>\nZamek: tytan<br \/>\nOstrze: 154 cm<br \/>\nWyko\u0144czenie: Stonewashed<br \/>\nD\u0142ugo\u015b\u0107 ca\u0142kowita: 18 cm<br \/>\nD\u0142ugo\u015b\u0107 ostrza: 7,5 cm<br \/>\nTwardo\u015b\u0107 57-59 RC<\/p>\n","protected":false},"excerpt":{"rendered":"<p><strong>Stra\u017cnik i obro\u0144ca. Kiedy n\u00f3\u017c jest narz\u0119dziem, kt\u00f3rego potrzebujesz, Pasterz nigdy Ci\u0119 nie zawiedzie. Do pracy, do przygody, do sytuacji awaryjnych i do ochrony \u2013 pasterz jest najlepszym przyjacielem cz\u0142owieka.  <\/strong><\/p>\n<p><strong>Bezp\u0142atny transport.<\/strong><\/p>\n","protected":false},"featured_media":345439,"comment_status":"open","ping_status":"closed","template":"","meta":[],"pwb-brand":[3785],"product_brand":[],"product_cat":[3307,3296],"product_tag":[],"class_list":{"0":"post-345448","1":"product","2":"type-product","3":"status-publish","4":"has-post-thumbnail","6":"pwb-brand-emersona","7":"product_cat-zamykanie-nozy","8":"product_cat-noze-pl","10":"first","11":"instock","12":"taxable","13":"shipping-taxable","14":"purchasable","15":"product-type-simple"},"brands":[{"id":3785,"name":"Emersona","slug":"emersona"}],"_links":{"self":[{"href":"https:\/\/www.moskito.cz\/pl\/wp-json\/wp\/v2\/product\/345448","targetHints":{"allow":["GET"]}}],"collection":[{"href":"https:\/\/www.moskito.cz\/pl\/wp-json\/wp\/v2\/product"}],"about":[{"href":"https:\/\/www.moskito.cz\/pl\/wp-json\/wp\/v2\/types\/product"}],"replies":[{"embeddable":true,"href":"https:\/\/www.moskito.cz\/pl\/wp-json\/wp\/v2\/comments?post=345448"}],"wp:featuredmedia":[{"embeddable":true,"href":"https:\/\/www.moskito.cz\/pl\/wp-json\/wp\/v2\/media\/345439"}],"wp:attachment":[{"href":"https:\/\/www.moskito.cz\/pl\/wp-json\/wp\/v2\/media?parent=345448"}],"wp:term":[{"taxonomy":"pwb-brand","embeddable":true,"href":"https:\/\/www.moskito.cz\/pl\/wp-json\/wp\/v2\/pwb-brand?post=345448"},{"taxonomy":"product_brand","embeddable":true,"href":"https:\/\/www.moskito.cz\/pl\/wp-json\/wp\/v2\/product_brand?post=345448"},{"taxonomy":"product_cat","embeddable":true,"href":"https:\/\/www.moskito.cz\/pl\/wp-json\/wp\/v2\/product_cat?post=345448"},{"taxonomy":"product_tag","embeddable":true,"href":"https:\/\/www.moskito.cz\/pl\/wp-json\/wp\/v2\/product_tag?post=345448"}],"curies":[{"name":"wp","href":"https:\/\/api.w.org\/{rel}","templated":true}]}}