{"id":345488,"date":"2024-06-19T05:37:31","date_gmt":"2024-06-19T04:39:53","guid":{"rendered":"https:\/\/www.moskito.cz\/produkt\/noz-skladany-emerson-bulldog\/"},"modified":"2025-05-07T11:17:52","modified_gmt":"2025-05-07T10:17:52","slug":"noz-skladany-emerson-bulldog","status":"publish","type":"product","link":"https:\/\/www.moskito.cz\/pl\/produkt\/noz-skladany-emerson-bulldog\/","title":{"rendered":"N\u00f3\u017c sk\u0142adany Emerson Bulldog"},"content":{"rendered":"<p>N\u00f3\u017c sk\u0142adany <strong>Emerson Bulldog<\/strong> .<\/p>\n<p>Emerson Bulldog to trwa\u0142a i wytrzyma\u0142a torba na co dzie\u0144, kt\u00f3rej szukasz. Bulldog jest bardzo prostym no\u017cem dzi\u0119ki prostemu ostrzu, kt\u00f3re osi\u0105ga ostry koniec tanto pod ostrymi k\u0105tami. Posiada kwadratowy uchwyt G-10 z ochron\u0105 palc\u00f3w w po\u0142\u0105czeniu z nasz\u0105 opatentowan\u0105 funkcj\u0105 Emerson Wave umo\u017cliwiaj\u0105c\u0105 szybkie wyjmowanie z kieszeni. Emerson Bulldog to ulubiony n\u00f3\u017c policjant\u00f3w poszukuj\u0105cych praktycznego, ma\u0142ego, ale wytrzyma\u0142ego no\u017ca do zada\u0144 specjalnych. Ostrze oferowane jest w wersji kamiennej lub powlekanej na czarno, z g\u0142adkimi lub cz\u0119\u015bciowo z\u0105bkowanymi kraw\u0119dziami. Przekonaj si\u0119, dlaczego n\u00f3\u017c Bulldog jest tak niezawodny.<\/p>\n<p>R\u0119koje\u015bci: Czarna \u017cywica epoksydowa G-10 \/ w\u0142\u00f3kno szklane<br \/>\nZamek: tytan<br \/>\nOstrze: 154 cm<br \/>\nWyko\u0144czenie: Stonewashed<br \/>\nD\u0142ugo\u015b\u0107 ca\u0142kowita: 19 cm<br \/>\nD\u0142ugo\u015b\u0107 ostrza: 8 cm<br \/>\nTwardo\u015b\u0107 57-59 RC<\/p>\n<p><iframe title=\"The Emerson Knives Bulldog\" width=\"800\" height=\"450\" src=\"https:\/\/www.youtube.com\/embed\/EYQ1QIL6Zu0?feature=oembed\" frameborder=\"0\" allow=\"accelerometer; autoplay; clipboard-write; encrypted-media; gyroscope; picture-in-picture; web-share\" referrerpolicy=\"strict-origin-when-cross-origin\" allowfullscreen><\/iframe><\/p>\n<p><iframe title=\"Emerson Bulldog | A Closer Look\" width=\"800\" height=\"450\" src=\"https:\/\/www.youtube.com\/embed\/I8PAyCUwvn8?feature=oembed\" frameborder=\"0\" allow=\"accelerometer; autoplay; clipboard-write; encrypted-media; gyroscope; picture-in-picture; web-share\" referrerpolicy=\"strict-origin-when-cross-origin\" allowfullscreen><\/iframe><\/p>\n<p>&nbsp;<\/p>\n","protected":false},"excerpt":{"rendered":"<p><strong>Bulldog Emerson Knives, jeden z wielu projekt\u00f3w no\u017cy Emerson Knife Design\u00ae, to doskona\u0142e narz\u0119dzie do codziennego noszenia lub n\u00f3\u017c sprawdzony w walce, gotowy do walki!<\/strong><\/p>\n<p><strong>Bezp\u0142atny transport.<\/strong><\/p>\n","protected":false},"featured_media":345457,"comment_status":"open","ping_status":"closed","template":"","meta":[],"pwb-brand":[3785],"product_brand":[],"product_cat":[3296,3307],"product_tag":[],"class_list":{"0":"post-345488","1":"product","2":"type-product","3":"status-publish","4":"has-post-thumbnail","6":"pwb-brand-emersona","7":"product_cat-noze-pl","8":"product_cat-zamykanie-nozy","10":"first","11":"outofstock","12":"taxable","13":"shipping-taxable","14":"purchasable","15":"product-type-simple"},"brands":[{"id":3785,"name":"Emersona","slug":"emersona"}],"_links":{"self":[{"href":"https:\/\/www.moskito.cz\/pl\/wp-json\/wp\/v2\/product\/345488","targetHints":{"allow":["GET"]}}],"collection":[{"href":"https:\/\/www.moskito.cz\/pl\/wp-json\/wp\/v2\/product"}],"about":[{"href":"https:\/\/www.moskito.cz\/pl\/wp-json\/wp\/v2\/types\/product"}],"replies":[{"embeddable":true,"href":"https:\/\/www.moskito.cz\/pl\/wp-json\/wp\/v2\/comments?post=345488"}],"wp:featuredmedia":[{"embeddable":true,"href":"https:\/\/www.moskito.cz\/pl\/wp-json\/wp\/v2\/media\/345457"}],"wp:attachment":[{"href":"https:\/\/www.moskito.cz\/pl\/wp-json\/wp\/v2\/media?parent=345488"}],"wp:term":[{"taxonomy":"pwb-brand","embeddable":true,"href":"https:\/\/www.moskito.cz\/pl\/wp-json\/wp\/v2\/pwb-brand?post=345488"},{"taxonomy":"product_brand","embeddable":true,"href":"https:\/\/www.moskito.cz\/pl\/wp-json\/wp\/v2\/product_brand?post=345488"},{"taxonomy":"product_cat","embeddable":true,"href":"https:\/\/www.moskito.cz\/pl\/wp-json\/wp\/v2\/product_cat?post=345488"},{"taxonomy":"product_tag","embeddable":true,"href":"https:\/\/www.moskito.cz\/pl\/wp-json\/wp\/v2\/product_tag?post=345488"}],"curies":[{"name":"wp","href":"https:\/\/api.w.org\/{rel}","templated":true}]}}