{"id":345522,"date":"2024-06-19T05:57:16","date_gmt":"2024-06-19T04:57:16","guid":{"rendered":"https:\/\/www.moskito.cz\/produkt\/noz-zamykany-emerson-seax-sf\/"},"modified":"2025-05-07T11:17:53","modified_gmt":"2025-05-07T10:17:53","slug":"noz-zamykany-emerson-seax-sf","status":"publish","type":"product","link":"https:\/\/www.moskito.cz\/pl\/produkt\/noz-zamykany-emerson-seax-sf\/","title":{"rendered":"N\u00f3\u017c zamykany Emerson SEAX SF"},"content":{"rendered":"<p>N\u00f3\u017c zamykany <strong>Emerson<\/strong> SEAX SF.<\/p>\n<p>Gdy co\u015b jest w porz\u0105dku, nie ma co poprawia\u0107 i b\u0119dzie s\u0142u\u017cy\u0107 latami. Zaprezentowany pierwotnie na Shot Show 2018, <strong>n\u00f3\u017c Seax<\/strong> zyska\u0142 coraz wi\u0119ksz\u0105 popularno\u015b\u0107 w najdalszych zak\u0105tkach Internetu. Na rynku nie ma zbyt wielu sk\u0142adanych wersji produkowanych masowo, a poniewa\u017c jeste\u015bmy fanami broni vintage, chcieli\u015bmy odcisn\u0105\u0107 pi\u0119tno na kultowym projekcie. OBEJRZYJ FILM PONI\u017bEJ.<\/p>\n<p>R\u0119koje\u015bci: Czarna \u017cywica epoksydowa G-10 \/ w\u0142\u00f3kno szklane<br \/>\nZamek: tytan<br \/>\nOstrze: 154 cm<br \/>\nWyko\u0144czenie: Stonewashed<br \/>\nD\u0142ugo\u015b\u0107 ca\u0142kowita: 23 cm<br \/>\nD\u0142ugo\u015b\u0107 ostrza: 9,7 cm<br \/>\nTwardo\u015b\u0107 57-59 RC<\/p>\n<p><iframe title=\"The Emerson Knives Seax Folding Knife\" width=\"800\" height=\"450\" src=\"https:\/\/www.youtube.com\/embed\/mtv5IK5p8hE?feature=oembed\" frameborder=\"0\" allow=\"accelerometer; autoplay; clipboard-write; encrypted-media; gyroscope; picture-in-picture; web-share\" referrerpolicy=\"strict-origin-when-cross-origin\" allowfullscreen><\/iframe><\/p>\n<p>&nbsp;<\/p>\n","protected":false},"excerpt":{"rendered":"<p><strong>Sprawdzony przez wieki jako trwa\u0142y projekt do u\u017cytku na \u015bwie\u017cym powietrzu, Viking Seax to idealny n\u00f3\u017c u\u017cytkowy zar\u00f3wno dla my\u015bliwych, rybak\u00f3w, jak i rzemie\u015blnik\u00f3w, a je\u015bli zrobisz wszystkie trzy, Seax nigdy Ci\u0119 nie zawiedzie.  <\/strong><\/p>\n<p><strong>Bezp\u0142atny transport.<\/strong><\/p>\n","protected":false},"featured_media":345497,"comment_status":"open","ping_status":"closed","template":"","meta":[],"pwb-brand":[3785],"product_brand":[],"product_cat":[3307,3296],"product_tag":[],"class_list":{"0":"post-345522","1":"product","2":"type-product","3":"status-publish","4":"has-post-thumbnail","6":"pwb-brand-emersona","7":"product_cat-zamykanie-nozy","8":"product_cat-noze-pl","10":"first","11":"instock","12":"taxable","13":"shipping-taxable","14":"purchasable","15":"product-type-simple"},"brands":[{"id":3785,"name":"Emersona","slug":"emersona"}],"_links":{"self":[{"href":"https:\/\/www.moskito.cz\/pl\/wp-json\/wp\/v2\/product\/345522","targetHints":{"allow":["GET"]}}],"collection":[{"href":"https:\/\/www.moskito.cz\/pl\/wp-json\/wp\/v2\/product"}],"about":[{"href":"https:\/\/www.moskito.cz\/pl\/wp-json\/wp\/v2\/types\/product"}],"replies":[{"embeddable":true,"href":"https:\/\/www.moskito.cz\/pl\/wp-json\/wp\/v2\/comments?post=345522"}],"wp:featuredmedia":[{"embeddable":true,"href":"https:\/\/www.moskito.cz\/pl\/wp-json\/wp\/v2\/media\/345497"}],"wp:attachment":[{"href":"https:\/\/www.moskito.cz\/pl\/wp-json\/wp\/v2\/media?parent=345522"}],"wp:term":[{"taxonomy":"pwb-brand","embeddable":true,"href":"https:\/\/www.moskito.cz\/pl\/wp-json\/wp\/v2\/pwb-brand?post=345522"},{"taxonomy":"product_brand","embeddable":true,"href":"https:\/\/www.moskito.cz\/pl\/wp-json\/wp\/v2\/product_brand?post=345522"},{"taxonomy":"product_cat","embeddable":true,"href":"https:\/\/www.moskito.cz\/pl\/wp-json\/wp\/v2\/product_cat?post=345522"},{"taxonomy":"product_tag","embeddable":true,"href":"https:\/\/www.moskito.cz\/pl\/wp-json\/wp\/v2\/product_tag?post=345522"}],"curies":[{"name":"wp","href":"https:\/\/api.w.org\/{rel}","templated":true}]}}