{"id":345559,"date":"2024-06-19T06:11:10","date_gmt":"2024-06-19T05:12:49","guid":{"rendered":"https:\/\/www.moskito.cz\/produkt\/noz-skladany-emerson-tiger\/"},"modified":"2025-05-07T11:17:55","modified_gmt":"2025-05-07T10:17:55","slug":"noz-skladany-emerson-tiger","status":"publish","type":"product","link":"https:\/\/www.moskito.cz\/pl\/produkt\/noz-skladany-emerson-tiger\/","title":{"rendered":"N\u00f3\u017c sk\u0142adany Emerson Tiger"},"content":{"rendered":"<p>N\u00f3\u017c sk\u0142adany <strong>Emerson<\/strong> Tiger.<\/p>\n<p>N\u00f3\u017c <strong>Emerson Tiger<\/strong> jest jak prawdziwy tygrys \u2013 drapie\u017cnik wierzcho\u0142kowy. To rasowy n\u00f3\u017c bojowy z ostr\u0105 jak brzytwa ko\u0144c\u00f3wk\u0105 w po\u0142\u0105czeniu z powa\u017cnym stylem r\u0119koje\u015bci do samoobrony, kt\u00f3rego zwie\u0144czeniem jest legendarna ergonomia firmy Emerson. N\u00f3\u017c taktyczny Tiger to n\u00f3\u017c, na kt\u00f3rym ka\u017cdy, zar\u00f3wno \u017co\u0142nierz, jak i cywil, mo\u017ce polega\u0107 w sytuacji zagro\u017cenia \u017cycia lub sytuacji awaryjnej.<\/p>\n<p>R\u0119koje\u015bci: Czarna \u017cywica epoksydowa G-10 \/ w\u0142\u00f3kno szklane<br \/>\nZamek: tytan<br \/>\nOstrze: 154 cm<br \/>\nWyko\u0144czenie: Stonewashed<br \/>\nD\u0142ugo\u015b\u0107 ca\u0142kowita: 23 cm<br \/>\nD\u0142ugo\u015b\u0107 ostrza: 9,5 cm<br \/>\nTwardo\u015b\u0107 57-59 RC<\/p>\n<p><iframe title=\"The Emerson Knives Tiger with the Wave Feature\" width=\"800\" height=\"450\" src=\"https:\/\/www.youtube.com\/embed\/yAV8AvwiRqw?feature=oembed\" frameborder=\"0\" allow=\"accelerometer; autoplay; clipboard-write; encrypted-media; gyroscope; picture-in-picture; web-share\" referrerpolicy=\"strict-origin-when-cross-origin\" allowfullscreen><\/iframe><\/p>\n<p><iframe title=\"The Emerson Tiger | Know Your Emerson\" width=\"800\" height=\"450\" src=\"https:\/\/www.youtube.com\/embed\/xwgpmlBctdQ?feature=oembed\" frameborder=\"0\" allow=\"accelerometer; autoplay; clipboard-write; encrypted-media; gyroscope; picture-in-picture; web-share\" referrerpolicy=\"strict-origin-when-cross-origin\" allowfullscreen><\/iframe><\/p>\n<p>&nbsp;<\/p>\n<p>&nbsp;<\/p>\n","protected":false},"excerpt":{"rendered":"<p><strong>Tygrys to drapie\u017cnik, kt\u00f3ry nie zna strachu. Emerson Tiger ze swoim wdzi\u0119cznym ostrzem w g\u00f3rze nie boi si\u0119 \u017cadnego zadania, jakiego od niego oczekujesz. To \u015bwietny projekt do polowa\u0144 i u\u017cytku, a nawet do samoobrony, je\u015bli kiedykolwiek spotkasz szalonego grizzly.  <\/strong><\/p>\n<p><strong>Bezp\u0142atny transport.<\/strong><\/p>\n","protected":false},"featured_media":345531,"comment_status":"open","ping_status":"closed","template":"","meta":[],"pwb-brand":[3785],"product_brand":[],"product_cat":[3296,3307],"product_tag":[],"class_list":{"0":"post-345559","1":"product","2":"type-product","3":"status-publish","4":"has-post-thumbnail","6":"pwb-brand-emersona","7":"product_cat-noze-pl","8":"product_cat-zamykanie-nozy","10":"first","11":"outofstock","12":"taxable","13":"shipping-taxable","14":"purchasable","15":"product-type-simple"},"brands":[{"id":3785,"name":"Emersona","slug":"emersona"}],"_links":{"self":[{"href":"https:\/\/www.moskito.cz\/pl\/wp-json\/wp\/v2\/product\/345559","targetHints":{"allow":["GET"]}}],"collection":[{"href":"https:\/\/www.moskito.cz\/pl\/wp-json\/wp\/v2\/product"}],"about":[{"href":"https:\/\/www.moskito.cz\/pl\/wp-json\/wp\/v2\/types\/product"}],"replies":[{"embeddable":true,"href":"https:\/\/www.moskito.cz\/pl\/wp-json\/wp\/v2\/comments?post=345559"}],"wp:featuredmedia":[{"embeddable":true,"href":"https:\/\/www.moskito.cz\/pl\/wp-json\/wp\/v2\/media\/345531"}],"wp:attachment":[{"href":"https:\/\/www.moskito.cz\/pl\/wp-json\/wp\/v2\/media?parent=345559"}],"wp:term":[{"taxonomy":"pwb-brand","embeddable":true,"href":"https:\/\/www.moskito.cz\/pl\/wp-json\/wp\/v2\/pwb-brand?post=345559"},{"taxonomy":"product_brand","embeddable":true,"href":"https:\/\/www.moskito.cz\/pl\/wp-json\/wp\/v2\/product_brand?post=345559"},{"taxonomy":"product_cat","embeddable":true,"href":"https:\/\/www.moskito.cz\/pl\/wp-json\/wp\/v2\/product_cat?post=345559"},{"taxonomy":"product_tag","embeddable":true,"href":"https:\/\/www.moskito.cz\/pl\/wp-json\/wp\/v2\/product_tag?post=345559"}],"curies":[{"name":"wp","href":"https:\/\/api.w.org\/{rel}","templated":true}]}}