{"id":345586,"date":"2024-06-19T06:21:42","date_gmt":"2024-06-19T09:57:30","guid":{"rendered":"https:\/\/www.moskito.cz\/produkt\/skladany-noz-do-stekow-firmy-emerson\/"},"modified":"2025-05-07T11:17:56","modified_gmt":"2025-05-07T10:17:56","slug":"skladany-noz-do-stekow-firmy-emerson","status":"publish","type":"product","link":"https:\/\/www.moskito.cz\/pl\/produkt\/skladany-noz-do-stekow-firmy-emerson\/","title":{"rendered":"Sk\u0142adany n\u00f3\u017c do stek\u00f3w firmy Emerson"},"content":{"rendered":"<p>Sk\u0142adany n\u00f3\u017c do stek\u00f3w <strong>firmy Emerson<\/strong> .<\/p>\n<p>Jestem mi\u0119so\u017cerc\u0105. Jem mi\u0119so, du\u017co mi\u0119sa. Uwielbiam dobry stek. Zamawiam to za ka\u017cdym razem, gdy wychodzimy na kolacj\u0119. Ale za ka\u017cdym razem, gdy go dostaj\u0119, bez wzgl\u0119du na to, jak wspania\u0142y jest stek, no\u017ce do stek\u00f3w s\u0105 okropne. Wi\u0119kszo\u015b\u0107 z nich jest nudniejsza ni\u017c n\u00f3\u017c do mas\u0142a i tak tania i tandetna, \u017ce \u200b\u200bmam wra\u017cenie, \u017ce szczerze m\u00f3wi\u0105c, stanowi\u0105 obraz\u0119 dla doskonale przygotowanego steku za 60 dolar\u00f3w.<\/p>\n<p>Dlatego zazwyczaj musz\u0119 wysi\u0105\u015b\u0107 z Emerson Commander, Roadhouse lub Tiger, aby wykona\u0107 zadanie. Tak naprawd\u0119 czasami m\u00f3j n\u00f3\u017c w\u0119druje po stole do tych, kt\u00f3rzy nie nosz\u0105 no\u017ca Emersona. Czasem w \u0142adnej restauracji z bia\u0142ym obrusem widz\u0119 innych go\u015bci, kt\u00f3rzy z lekkim szokiem obserwuj\u0105, jak podajemy n\u00f3\u017c bojowy po stole. Ale wiem, \u017ce nie jestem sam, poniewa\u017c co tydzie\u0144 otrzymujemy e-maile lub zdj\u0119cia od naszych klient\u00f3w pokazuj\u0105ce, co ich firma Emerson zrobi\u0142a z delikatnym kawa\u0142kiem sezonowanej na sucho wo\u0142owiny.<\/p>\n<p>Oto sk\u0142adany n\u00f3\u017c do stek\u00f3w <strong>firmy Emerson<\/strong> . Nigdy nie wystraszysz innych go\u015bci z restauracji ani nie przegonisz kelnera, kt\u00f3ry wzdryga si\u0119 ze strachu, ponownie dzwoni\u0105c pod numer 911. N\u00f3\u017c do stek\u00f3w Emerson to konstrukcja specjalnie zaprojektowana. Tego cel? Do \u0142atwego krojenia steku na idealne kawa\u0142ki wielko\u015bci k\u0119sa. Nie rozdzieraj, nie mia\u017cd\u017c ani nie niszcz doskona\u0142ego obiadu Wagyu t\u0119pym blaszanym no\u017cem wyprodukowanym w Chinach.<\/p>\n<p>Co wi\u0119cej, zdecydowanie nie mo\u017cna ignorowa\u0107 \u201eczynnika pokazowego\u201d. Podobnie jak gracz w bilard z w\u0142asnor\u0119cznie wykonanym kijem bilardowym, b\u0119dziesz m\u00f3g\u0142 zaimponowa\u0107 innym go\u015bciom swoim w\u0142asnym, osobistym no\u017cem do stek\u00f3w firmy Emerson. Od razu b\u0119d\u0105 wiedzie\u0107, \u017ce na pewno znasz si\u0119 na ekskluzywnych nowojorskich dzielnicach.<\/p>\n<p>Mo\u017cesz nosi\u0107 ten n\u00f3\u017c wsz\u0119dzie, nawet je\u015bli jeste\u015b otoczony t\u0142umem garnitur\u00f3w Armaniego, jednocze\u015bnie ciesz\u0105c si\u0119 pewno\u015bci\u0105 siebie i wy\u017cszo\u015bci\u0105, wiedz\u0105c, \u017ce jeste\u015b m\u0119\u017cczyzn\u0105 nosz\u0105cym w\u0142asny n\u00f3\u017c do stek\u00f3w. Je\u015bli wi\u0119c kto\u015b kiedykolwiek powie: \u201eCz\u0142owieku, ten n\u00f3\u017c nie przekroi\u0142by nawet mas\u0142a\u201d, mo\u017cesz po prostu si\u0119 u\u015bmiechn\u0105\u0107 i zaoferowa\u0107: \u201eMasz, pozw\u00f3l, \u017ce ci to przynios\u0119\u201d.<\/p>\n<p>PS N\u00f3\u017c i tak w wypadku samochodowym odetnie komu\u015b pas bezpiecze\u0144stwa. W ko\u0144cu jest <strong>Emersonem<\/strong> .<\/p>\n<p>R\u0119koje\u015bci: Richlite<br \/>\nZamek: tytan<br \/>\nOstrze: 154 cm<br \/>\nWyko\u0144czenie: Stonewashed<br \/>\nD\u0142ugo\u015b\u0107 ca\u0142kowita: 22 cm<br \/>\nD\u0142ugo\u015b\u0107 ostrza: 9,75 cm<br \/>\nTwardo\u015b\u0107 57-59 RC<\/p>\n<p><iframe title=\"The Signature Series Carnivore Folding Steak Knife\" width=\"800\" height=\"450\" src=\"https:\/\/www.youtube.com\/embed\/6MjRfPAKCXs?feature=oembed\" frameborder=\"0\" allow=\"accelerometer; autoplay; clipboard-write; encrypted-media; gyroscope; picture-in-picture; web-share\" referrerpolicy=\"strict-origin-when-cross-origin\" allowfullscreen><\/iframe><\/p>\n<p>&nbsp;<\/p>\n","protected":false},"excerpt":{"rendered":"<p><strong>Oto sk\u0142adany n\u00f3\u017c do stek\u00f3w firmy Emerson. Nigdy nie wystraszysz innych go\u015bci z restauracji ani nie przegonisz kelnera, kt\u00f3ry wzdryga si\u0119 ze strachu, ponownie dzwoni\u0105c pod numer 911. N\u00f3\u017c do stek\u00f3w Emerson to konstrukcja specjalnie zaprojektowana.<\/strong><\/p>\n<p><strong>Bezp\u0142atny transport.<\/strong><\/p>\n","protected":false},"featured_media":345566,"comment_status":"open","ping_status":"closed","template":"","meta":[],"pwb-brand":[3785],"product_brand":[],"product_cat":[3296,3307],"product_tag":[],"class_list":{"0":"post-345586","1":"product","2":"type-product","3":"status-publish","4":"has-post-thumbnail","6":"pwb-brand-emersona","7":"product_cat-noze-pl","8":"product_cat-zamykanie-nozy","10":"first","11":"outofstock","12":"taxable","13":"shipping-taxable","14":"purchasable","15":"product-type-simple"},"brands":[{"id":3785,"name":"Emersona","slug":"emersona"}],"_links":{"self":[{"href":"https:\/\/www.moskito.cz\/pl\/wp-json\/wp\/v2\/product\/345586","targetHints":{"allow":["GET"]}}],"collection":[{"href":"https:\/\/www.moskito.cz\/pl\/wp-json\/wp\/v2\/product"}],"about":[{"href":"https:\/\/www.moskito.cz\/pl\/wp-json\/wp\/v2\/types\/product"}],"replies":[{"embeddable":true,"href":"https:\/\/www.moskito.cz\/pl\/wp-json\/wp\/v2\/comments?post=345586"}],"wp:featuredmedia":[{"embeddable":true,"href":"https:\/\/www.moskito.cz\/pl\/wp-json\/wp\/v2\/media\/345566"}],"wp:attachment":[{"href":"https:\/\/www.moskito.cz\/pl\/wp-json\/wp\/v2\/media?parent=345586"}],"wp:term":[{"taxonomy":"pwb-brand","embeddable":true,"href":"https:\/\/www.moskito.cz\/pl\/wp-json\/wp\/v2\/pwb-brand?post=345586"},{"taxonomy":"product_brand","embeddable":true,"href":"https:\/\/www.moskito.cz\/pl\/wp-json\/wp\/v2\/product_brand?post=345586"},{"taxonomy":"product_cat","embeddable":true,"href":"https:\/\/www.moskito.cz\/pl\/wp-json\/wp\/v2\/product_cat?post=345586"},{"taxonomy":"product_tag","embeddable":true,"href":"https:\/\/www.moskito.cz\/pl\/wp-json\/wp\/v2\/product_tag?post=345586"}],"curies":[{"name":"wp","href":"https:\/\/api.w.org\/{rel}","templated":true}]}}