{"id":345603,"date":"2024-06-19T15:20:50","date_gmt":"2024-06-19T14:22:59","guid":{"rendered":"https:\/\/www.moskito.cz\/produkt\/noz-do-rzucania-cold-steel-micro-flight\/"},"modified":"2025-05-07T11:17:57","modified_gmt":"2025-05-07T10:17:57","slug":"noz-do-rzucania-cold-steel-micro-flight","status":"publish","type":"product","link":"https:\/\/www.moskito.cz\/pl\/produkt\/noz-do-rzucania-cold-steel-micro-flight\/","title":{"rendered":"N\u00f3\u017c do rzucania Cold Steel Micro Flight"},"content":{"rendered":"<p>N\u00f3\u017c do rzucania <strong>Cold Steel<\/strong> Micro Flight.<\/p>\n<p><strong>Miotacz Micro Flight Thrower<\/strong> jest smuk\u0142y, op\u0142ywowy i niezwykle kompaktowy. Ale nie dajcie si\u0119 zwie\u015b\u0107 jego niewielkim rozmiarom i bud\u017cetowej cenie, poniewa\u017c zapewnia on ogromn\u0105 moc za bardzo niewielkie pieni\u0105dze. Wykonany z super wytrzyma\u0142ej \u201estali spr\u0119\u017cynowej\u201d, z pewno\u015bci\u0105 zapewni Ci lata zabawy w rzucaniu. Dodatkow\u0105 zalet\u0105 jest szerokie ostrze lancy, zintegrowana os\u0142ona i ergonomicznie zaprojektowany uchwyt, dzi\u0119ki kt\u00f3rym mo\u017cna \u0142atwo i tanio przekszta\u0142ci\u0107 go w bardzo skuteczny n\u00f3\u017c do but\u00f3w.<\/p>\n<p>Waga: 77 g<br \/>\nRozmiar ca\u0142kowity: 20 cm<br \/>\nGrubo\u015b\u0107 ostrza: 0,2 cm<br \/>\nWielko\u015b\u0107 g\u0142owy<br \/>\nStal: stal w\u0119glowa 1055<\/p>\n","protected":false},"excerpt":{"rendered":"<p><strong>Micro Flight to naprawd\u0119 ma\u0142y n\u00f3\u017c do rzucania, wa\u017c\u0105cy zaledwie 77g. Z tym no\u017cem do rzucania b\u0119dziesz si\u0119 dobrze bawi\u0107.<\/strong><\/p>\n","protected":false},"featured_media":345597,"comment_status":"open","ping_status":"closed","template":"","meta":[],"pwb-brand":[3596],"product_brand":[],"product_cat":[3296,3543],"product_tag":[],"class_list":{"0":"post-345603","1":"product","2":"type-product","3":"status-publish","4":"has-post-thumbnail","6":"pwb-brand-zimna-stal","7":"product_cat-noze-pl","8":"product_cat-rzucac-nozami","10":"first","11":"outofstock","12":"taxable","13":"shipping-taxable","14":"purchasable","15":"product-type-simple"},"brands":[{"id":3596,"name":"Zimna stal","slug":"zimna-stal"}],"_links":{"self":[{"href":"https:\/\/www.moskito.cz\/pl\/wp-json\/wp\/v2\/product\/345603","targetHints":{"allow":["GET"]}}],"collection":[{"href":"https:\/\/www.moskito.cz\/pl\/wp-json\/wp\/v2\/product"}],"about":[{"href":"https:\/\/www.moskito.cz\/pl\/wp-json\/wp\/v2\/types\/product"}],"replies":[{"embeddable":true,"href":"https:\/\/www.moskito.cz\/pl\/wp-json\/wp\/v2\/comments?post=345603"}],"wp:featuredmedia":[{"embeddable":true,"href":"https:\/\/www.moskito.cz\/pl\/wp-json\/wp\/v2\/media\/345597"}],"wp:attachment":[{"href":"https:\/\/www.moskito.cz\/pl\/wp-json\/wp\/v2\/media?parent=345603"}],"wp:term":[{"taxonomy":"pwb-brand","embeddable":true,"href":"https:\/\/www.moskito.cz\/pl\/wp-json\/wp\/v2\/pwb-brand?post=345603"},{"taxonomy":"product_brand","embeddable":true,"href":"https:\/\/www.moskito.cz\/pl\/wp-json\/wp\/v2\/product_brand?post=345603"},{"taxonomy":"product_cat","embeddable":true,"href":"https:\/\/www.moskito.cz\/pl\/wp-json\/wp\/v2\/product_cat?post=345603"},{"taxonomy":"product_tag","embeddable":true,"href":"https:\/\/www.moskito.cz\/pl\/wp-json\/wp\/v2\/product_tag?post=345603"}],"curies":[{"name":"wp","href":"https:\/\/api.w.org\/{rel}","templated":true}]}}