{"id":345621,"date":"2024-06-19T15:34:06","date_gmt":"2024-06-19T14:34:50","guid":{"rendered":"https:\/\/www.moskito.cz\/produkt\/noz-skladany-cold-steel-counter-point-xl\/"},"modified":"2025-05-07T11:17:58","modified_gmt":"2025-05-07T10:17:58","slug":"noz-skladany-cold-steel-counter-point-xl","status":"publish","type":"product","link":"https:\/\/www.moskito.cz\/pl\/produkt\/noz-skladany-cold-steel-counter-point-xl\/","title":{"rendered":"N\u00f3\u017c sk\u0142adany Cold Steel Counter Point XL"},"content":{"rendered":"<p>N\u00f3\u017c sk\u0142adany <strong>Cold Steel<\/strong> Counter Point XL.<\/p>\n<p>Sp\u0119dzili\u015bmy lata na badaniach wysokiej klasy no\u017cy do but\u00f3w, a teraz zastosowali\u015bmy t\u0119 wiedz\u0119 w no\u017cu sk\u0142adanym <strong>Cold Steel<\/strong> Counter Point. Counter Point jest dost\u0119pny w trzech rozmiarach ostrzy \u2013 3\u201d, 4\u201d i 6\u201d. Ich ostrza w\u0142\u00f3czni inspirowane ig\u0142ami maj\u0105 charakterystyczn\u0105 fa\u0142szyw\u0105 kraw\u0119d\u017a i b\u0142yszcz\u0105ce, satynowe wyko\u0144czenie, dzi\u0119ki czemu ostrze nie tylko \u015bwietnie wygl\u0105da, ale tak\u017ce zapewnia doskona\u0142\u0105 wydajno\u015b\u0107. Wykonany z japo\u0144skiej stali AUS10A, Counter Point jest wysoce odporny na korozj\u0119 i plamy oraz ma bardzo ostr\u0105 i trwa\u0142\u0105 kraw\u0119d\u017a, nie tylko bardzo mocn\u0105, ale tak\u017ce wygodn\u0105 i pewn\u0105 w niemal ka\u017cdym chwycie. Dla zwi\u0119kszenia wytrzyma\u0142o\u015bci i bezpiecze\u0144stwa wyposa\u017cyli\u015bmy Counter Point w nasz s\u0142ynny mechanizm blokuj\u0105cy Tri-Ad, kt\u00f3ry wielokrotnie udowodni\u0142, \u017ce jest niezwykle mocny i odporny na uderzenia.<\/p>\n<p>Waga: 224 g<br \/>\nRozmiar ca\u0142kowity: 33,33 cm<br \/>\nD\u0142ugo\u015b\u0107 ostrza: 15,24 cm<br \/>\nGrubo\u015b\u0107 ostrza: 0,4 cm<br \/>\nStal: AUS 10A<br \/>\nD\u0142ugo\u015b\u0107 r\u0105czki: 18 cm<br \/>\nMateria\u0142 r\u0119koje\u015bci: D\u0142ugi Griv-Ex\u2122<\/p>\n<p>&nbsp;<\/p>\n","protected":false},"excerpt":{"rendered":"<p><strong>Sp\u0119dzili\u015bmy lata na badaniach wysokiej klasy no\u017cy do but\u00f3w, a teraz zastosowali\u015bmy t\u0119 wiedz\u0119 w no\u017cu sk\u0142adanym Cold Steel Counter Point.<\/strong><\/p>\n<p><strong>Bezp\u0142atny transport.<\/strong><\/p>\n","protected":false},"featured_media":345613,"comment_status":"open","ping_status":"closed","template":"","meta":[],"pwb-brand":[3596],"product_brand":[],"product_cat":[3296,3307],"product_tag":[],"class_list":{"0":"post-345621","1":"product","2":"type-product","3":"status-publish","4":"has-post-thumbnail","6":"pwb-brand-zimna-stal","7":"product_cat-noze-pl","8":"product_cat-zamykanie-nozy","10":"first","11":"instock","12":"taxable","13":"shipping-taxable","14":"purchasable","15":"product-type-simple"},"brands":[{"id":3596,"name":"Zimna stal","slug":"zimna-stal"}],"_links":{"self":[{"href":"https:\/\/www.moskito.cz\/pl\/wp-json\/wp\/v2\/product\/345621","targetHints":{"allow":["GET"]}}],"collection":[{"href":"https:\/\/www.moskito.cz\/pl\/wp-json\/wp\/v2\/product"}],"about":[{"href":"https:\/\/www.moskito.cz\/pl\/wp-json\/wp\/v2\/types\/product"}],"replies":[{"embeddable":true,"href":"https:\/\/www.moskito.cz\/pl\/wp-json\/wp\/v2\/comments?post=345621"}],"wp:featuredmedia":[{"embeddable":true,"href":"https:\/\/www.moskito.cz\/pl\/wp-json\/wp\/v2\/media\/345613"}],"wp:attachment":[{"href":"https:\/\/www.moskito.cz\/pl\/wp-json\/wp\/v2\/media?parent=345621"}],"wp:term":[{"taxonomy":"pwb-brand","embeddable":true,"href":"https:\/\/www.moskito.cz\/pl\/wp-json\/wp\/v2\/pwb-brand?post=345621"},{"taxonomy":"product_brand","embeddable":true,"href":"https:\/\/www.moskito.cz\/pl\/wp-json\/wp\/v2\/product_brand?post=345621"},{"taxonomy":"product_cat","embeddable":true,"href":"https:\/\/www.moskito.cz\/pl\/wp-json\/wp\/v2\/product_cat?post=345621"},{"taxonomy":"product_tag","embeddable":true,"href":"https:\/\/www.moskito.cz\/pl\/wp-json\/wp\/v2\/product_tag?post=345621"}],"curies":[{"name":"wp","href":"https:\/\/api.w.org\/{rel}","templated":true}]}}