{"id":345672,"date":"2024-06-19T16:00:11","date_gmt":"2024-06-19T15:00:59","guid":{"rendered":"https:\/\/www.moskito.cz\/produkt\/zamykany-noz-sog-escape\/"},"modified":"2025-05-07T11:17:59","modified_gmt":"2025-05-07T10:17:59","slug":"zamykany-noz-sog-escape","status":"publish","type":"product","link":"https:\/\/www.moskito.cz\/pl\/produkt\/zamykany-noz-sog-escape\/","title":{"rendered":"Zamykany n\u00f3\u017c SOG ESCAPE"},"content":{"rendered":"<p>Zamykany n\u00f3\u017c <strong>SOG<\/strong> ESCAPE.<\/p>\n<p><strong>Escape<\/strong> to sk\u0142adany n\u00f3\u017c, kt\u00f3ry ma idealny rozmiar do codziennego noszenia, a jednocze\u015bnie ma ogromne mo\u017cliwo\u015bci dzi\u0119ki ostrzu, kt\u00f3re mo\u017cna otworzy\u0107 jedn\u0105 r\u0119k\u0105. W r\u0119koje\u015bci zintegrowany jest przecinak do linek (idealny do przecinania linek, sznurk\u00f3w, pas\u00f3w bezpiecze\u0144stwa itp.), zbijak do szk\u0142a w ekstremalnych przypadkach, nasz opatentowany \u015bci\u0105gacz izolacji oraz dodatkowe ostrza do przecinania \u017cy\u0142ek (kt\u00f3re s\u0105 przechowywane pod p\u0142yt\u0105 uchwytu). Wszystko to, w po\u0142\u0105czeniu z solidnym, cz\u0119\u015bciowo z\u0105bkowanym ostrzem typu grot i r\u0119koje\u015bci\u0105 z twardego anodyzowanego aluminium, m\u00f3wi, \u017ce jestem gotowy na wszystko, co stanie mi na drodze.<\/p>\n<p>Rozmiar ca\u0142kowity: 20,8 cm<br \/>\nD\u0142ugo\u015b\u0107 ostrza: 8,6 cm<br \/>\nGrubo\u015b\u0107 ostrza: 0,33 cm<br \/>\nStal: 9Cr18MoV<br \/>\nMateria\u0142 r\u0119koje\u015bci: anodowane aluminium 6061-T6 z os\u0142on\u0105 z poliw\u0119glanu<\/p>\n","protected":false},"excerpt":{"rendered":"<p><strong>Escape to sk\u0142adany n\u00f3\u017c, kt\u00f3ry ma idealny rozmiar do codziennego noszenia, a jednocze\u015bnie ma ogromne mo\u017cliwo\u015bci dzi\u0119ki ostrzu, kt\u00f3re mo\u017cna otworzy\u0107 jedn\u0105 r\u0119k\u0105.<\/strong><\/p>\n","protected":false},"featured_media":345631,"comment_status":"open","ping_status":"closed","template":"","meta":[],"pwb-brand":[3606],"product_brand":[],"product_cat":[3296,3307],"product_tag":[],"class_list":{"0":"post-345672","1":"product","2":"type-product","3":"status-publish","4":"has-post-thumbnail","6":"pwb-brand-sog-pl","7":"product_cat-noze-pl","8":"product_cat-zamykanie-nozy","10":"first","11":"outofstock","12":"taxable","13":"shipping-taxable","14":"purchasable","15":"product-type-simple"},"brands":[{"id":3606,"name":"SOG","slug":"sog-pl"}],"_links":{"self":[{"href":"https:\/\/www.moskito.cz\/pl\/wp-json\/wp\/v2\/product\/345672","targetHints":{"allow":["GET"]}}],"collection":[{"href":"https:\/\/www.moskito.cz\/pl\/wp-json\/wp\/v2\/product"}],"about":[{"href":"https:\/\/www.moskito.cz\/pl\/wp-json\/wp\/v2\/types\/product"}],"replies":[{"embeddable":true,"href":"https:\/\/www.moskito.cz\/pl\/wp-json\/wp\/v2\/comments?post=345672"}],"wp:featuredmedia":[{"embeddable":true,"href":"https:\/\/www.moskito.cz\/pl\/wp-json\/wp\/v2\/media\/345631"}],"wp:attachment":[{"href":"https:\/\/www.moskito.cz\/pl\/wp-json\/wp\/v2\/media?parent=345672"}],"wp:term":[{"taxonomy":"pwb-brand","embeddable":true,"href":"https:\/\/www.moskito.cz\/pl\/wp-json\/wp\/v2\/pwb-brand?post=345672"},{"taxonomy":"product_brand","embeddable":true,"href":"https:\/\/www.moskito.cz\/pl\/wp-json\/wp\/v2\/product_brand?post=345672"},{"taxonomy":"product_cat","embeddable":true,"href":"https:\/\/www.moskito.cz\/pl\/wp-json\/wp\/v2\/product_cat?post=345672"},{"taxonomy":"product_tag","embeddable":true,"href":"https:\/\/www.moskito.cz\/pl\/wp-json\/wp\/v2\/product_tag?post=345672"}],"curies":[{"name":"wp","href":"https:\/\/api.w.org\/{rel}","templated":true}]}}