{"id":345735,"date":"2024-06-19T16:41:30","date_gmt":"2024-06-19T15:46:45","guid":{"rendered":"https:\/\/www.moskito.cz\/produkt\/solidny-noz-sog-rapid-rescue-czerwony\/"},"modified":"2025-05-07T11:18:01","modified_gmt":"2025-05-07T10:18:01","slug":"solidny-noz-sog-rapid-rescue-czerwony","status":"publish","type":"product","link":"https:\/\/www.moskito.cz\/pl\/produkt\/solidny-noz-sog-rapid-rescue-czerwony\/","title":{"rendered":"Solidny n\u00f3\u017c SOG Rapid Rescue czerwony"},"content":{"rendered":"<p>Solidny n\u00f3\u017c <strong>SOG<\/strong> Rapid Rescue czerwony.<\/p>\n<p>Zestaw Rapid Rescue obejmuje przecinak pas\u00f3w bezpiecze\u0144stwa i zbijak do szyb. Przechowywany na breloczku do kluczy lub na smyczy, Rapid mo\u017cna szybko i \u0142atwo roz\u0142o\u017cy\u0107, a gdy nie jest u\u017cywany, znika poza zasi\u0119giem radaru. Konstrukcja r\u0119koje\u015bci intuicyjnie prowadzi palce do optymalnej pozycji podczas rozk\u0142adania i zapewnia pewny chwyt podczas pracy. Rapid mo\u017cna szybko wysun\u0105\u0107 z kabury za pomoc\u0105 prostego poci\u0105gni\u0119cia i mo\u017cna go \u0142atwo obs\u0142ugiwa\u0107 jednym palcem przez otw\u00f3r na palec wskazuj\u0105cy. Wykonane z pe\u0142nym trzpieniem, aluminiowym pier\u015bcieniem poci\u0105gowym oraz teksturowan\u0105 r\u0119koje\u015bci\u0105 i os\u0142on\u0105 GRN.<\/p>\n<p>GRUBO\u015a\u0106 OSTRZA: 3 mm<br \/>\nSTAL: 2Cr13<br \/>\nMATERIA\u0141 OBUDOWY: 30% GRN<br \/>\nMATERIA\u0141 UCHWYTU: GRN<br \/>\nWYMIAR CA\u0141KOWITY: 7 cm<\/p>\n","protected":false},"excerpt":{"rendered":"<p><strong>Rapid Rescue to awaryjny przecinak pas\u00f3w bezpiecze\u0144stwa i rozbijacz szyb.<\/strong><\/p>\n","protected":false},"featured_media":345687,"comment_status":"open","ping_status":"closed","template":"","meta":[],"pwb-brand":[3606],"product_brand":[],"product_cat":[3296,3297],"product_tag":[],"class_list":{"0":"post-345735","1":"product","2":"type-product","3":"status-publish","4":"has-post-thumbnail","6":"pwb-brand-sog-pl","7":"product_cat-noze-pl","8":"product_cat-solidne-noze","10":"first","11":"instock","12":"taxable","13":"shipping-taxable","14":"purchasable","15":"product-type-simple"},"brands":[{"id":3606,"name":"SOG","slug":"sog-pl"}],"_links":{"self":[{"href":"https:\/\/www.moskito.cz\/pl\/wp-json\/wp\/v2\/product\/345735","targetHints":{"allow":["GET"]}}],"collection":[{"href":"https:\/\/www.moskito.cz\/pl\/wp-json\/wp\/v2\/product"}],"about":[{"href":"https:\/\/www.moskito.cz\/pl\/wp-json\/wp\/v2\/types\/product"}],"replies":[{"embeddable":true,"href":"https:\/\/www.moskito.cz\/pl\/wp-json\/wp\/v2\/comments?post=345735"}],"wp:featuredmedia":[{"embeddable":true,"href":"https:\/\/www.moskito.cz\/pl\/wp-json\/wp\/v2\/media\/345687"}],"wp:attachment":[{"href":"https:\/\/www.moskito.cz\/pl\/wp-json\/wp\/v2\/media?parent=345735"}],"wp:term":[{"taxonomy":"pwb-brand","embeddable":true,"href":"https:\/\/www.moskito.cz\/pl\/wp-json\/wp\/v2\/pwb-brand?post=345735"},{"taxonomy":"product_brand","embeddable":true,"href":"https:\/\/www.moskito.cz\/pl\/wp-json\/wp\/v2\/product_brand?post=345735"},{"taxonomy":"product_cat","embeddable":true,"href":"https:\/\/www.moskito.cz\/pl\/wp-json\/wp\/v2\/product_cat?post=345735"},{"taxonomy":"product_tag","embeddable":true,"href":"https:\/\/www.moskito.cz\/pl\/wp-json\/wp\/v2\/product_tag?post=345735"}],"curies":[{"name":"wp","href":"https:\/\/api.w.org\/{rel}","templated":true}]}}