{"id":345788,"date":"2024-06-20T09:20:45","date_gmt":"2024-06-20T08:20:45","guid":{"rendered":"https:\/\/www.moskito.cz\/produkt\/naprawiono-noz-tellus-fx-wolf-grey\/"},"modified":"2025-05-07T11:18:02","modified_gmt":"2025-05-07T10:18:02","slug":"naprawiono-noz-tellus-fx-wolf-grey","status":"publish","type":"product","link":"https:\/\/www.moskito.cz\/pl\/produkt\/naprawiono-noz-tellus-fx-wolf-grey\/","title":{"rendered":"Naprawiono n\u00f3\u017c Tellus FX Wolf Grey"},"content":{"rendered":"<p>Naprawiono n\u00f3\u017c <strong>Tellus FX<\/strong> Wolf Grey.<\/p>\n<p>Tellus FX \u2013 n\u00f3\u017c z solidnym ostrzem i g\u0142adk\u0105 kraw\u0119dzi\u0105. Najlepszy n\u00f3\u017c do pracy w trudnych warunkach. Mo\u017cna znale\u017a\u0107 jego zastosowanie w przyrodzie.<\/p>\n<p>Stal nierdzewna CRYO 440C<\/p>\n<p>Stal nierdzewna CRYO 440C stanowi idealne po\u0142\u0105czenie doskona\u0142ej odporno\u015bci na korozj\u0119 i zu\u017cycie wymaganej w przypadku no\u017ca przeznaczonego do trudnych zastosowa\u0144 na zewn\u0105trz. Wyko\u0144czenie Stonewashed zapewnia zwi\u0119kszon\u0105 odporno\u015b\u0107 na korozj\u0119 i ukrywa zadrapania, dzi\u0119ki czemu n\u00f3\u017c wygl\u0105da \u015bwietnie.<\/p>\n<p>Uchwyt GRN<\/p>\n<p>Nylon jest popularnym materia\u0142em na r\u0119koje\u015bci no\u017cy ze wzgl\u0119du na jego wytrzyma\u0142o\u015b\u0107, odporno\u015b\u0107 na uderzenia, oboj\u0119tno\u015b\u0107 chemiczn\u0105 i stabilno\u015b\u0107 w wysokich temperaturach. Wszystkie te w\u0142a\u015bciwo\u015bci zosta\u0142y ulepszone w Tellus FX poprzez dodanie w\u0142\u00f3kien szklanych do nylonu, aby stworzy\u0107 nowy i jeszcze trwalszy materia\u0142, nylon wzmocniony w\u0142\u00f3knem szklanym (GRN).<\/p>\n<p>Obudowa kompatybilna z UMS<\/p>\n<p>Pokrowiec zawiera najlepsze cz\u0119\u015bci uniwersalnego systemu mocowania SOG, umo\u017cliwiaj\u0105c bezpieczne i dostosowane do indywidualnych potrzeb noszenie podczas r\u00f3\u017cnorodnych przyg\u00f3d na \u015bwie\u017cym powietrzu.<\/p>\n<p>Waga: 191<br \/>\nRozmiar ca\u0142kowity: 22,9 cm<br \/>\nD\u0142ugo\u015b\u0107 ostrza: 10,8 cm<br \/>\nGrubo\u015b\u0107 ostrza: 0,38 cm<br \/>\nStal: CRYO 440 (9Cr18MoV)<br \/>\nMateria\u0142 r\u0119koje\u015bci: GRN<\/p>\n<p>&nbsp;<\/p>\n<p><iframe title=\"Tellus and Altair Knives - Texas Axis Deer Hunt\" width=\"800\" height=\"450\" src=\"https:\/\/www.youtube.com\/embed\/3nAfH51J9f0?feature=oembed\" frameborder=\"0\" allow=\"accelerometer; autoplay; clipboard-write; encrypted-media; gyroscope; picture-in-picture; web-share\" referrerpolicy=\"strict-origin-when-cross-origin\" allowfullscreen><\/iframe><\/p>\n<p>&nbsp;<\/p>\n<p>&nbsp;<\/p>\n","protected":false},"excerpt":{"rendered":"<p><strong>Tellus FX \u2013 n\u00f3\u017c z solidnym ostrzem i g\u0142adk\u0105 kraw\u0119dzi\u0105. Najlepszy n\u00f3\u017c do pracy w trudnych warunkach.<\/strong><\/p>\n","protected":false},"featured_media":345748,"comment_status":"open","ping_status":"closed","template":"","meta":[],"pwb-brand":[3606],"product_brand":[],"product_cat":[3297,3296],"product_tag":[3671],"class_list":{"0":"post-345788","1":"product","2":"type-product","3":"status-publish","4":"has-post-thumbnail","6":"pwb-brand-sog-pl","7":"product_cat-solidne-noze","8":"product_cat-noze-pl","9":"product_tag-b2b-pl","11":"first","12":"outofstock","13":"taxable","14":"shipping-taxable","15":"purchasable","16":"product-type-simple"},"brands":[{"id":3606,"name":"SOG","slug":"sog-pl"}],"_links":{"self":[{"href":"https:\/\/www.moskito.cz\/pl\/wp-json\/wp\/v2\/product\/345788","targetHints":{"allow":["GET"]}}],"collection":[{"href":"https:\/\/www.moskito.cz\/pl\/wp-json\/wp\/v2\/product"}],"about":[{"href":"https:\/\/www.moskito.cz\/pl\/wp-json\/wp\/v2\/types\/product"}],"replies":[{"embeddable":true,"href":"https:\/\/www.moskito.cz\/pl\/wp-json\/wp\/v2\/comments?post=345788"}],"wp:featuredmedia":[{"embeddable":true,"href":"https:\/\/www.moskito.cz\/pl\/wp-json\/wp\/v2\/media\/345748"}],"wp:attachment":[{"href":"https:\/\/www.moskito.cz\/pl\/wp-json\/wp\/v2\/media?parent=345788"}],"wp:term":[{"taxonomy":"pwb-brand","embeddable":true,"href":"https:\/\/www.moskito.cz\/pl\/wp-json\/wp\/v2\/pwb-brand?post=345788"},{"taxonomy":"product_brand","embeddable":true,"href":"https:\/\/www.moskito.cz\/pl\/wp-json\/wp\/v2\/product_brand?post=345788"},{"taxonomy":"product_cat","embeddable":true,"href":"https:\/\/www.moskito.cz\/pl\/wp-json\/wp\/v2\/product_cat?post=345788"},{"taxonomy":"product_tag","embeddable":true,"href":"https:\/\/www.moskito.cz\/pl\/wp-json\/wp\/v2\/product_tag?post=345788"}],"curies":[{"name":"wp","href":"https:\/\/api.w.org\/{rel}","templated":true}]}}