{"id":345878,"date":"2024-06-20T09:46:24","date_gmt":"2024-06-20T08:47:02","guid":{"rendered":"https:\/\/www.moskito.cz\/produkt\/noz-staly-sog-ether-fx\/"},"modified":"2025-05-07T11:18:04","modified_gmt":"2025-05-07T10:18:04","slug":"noz-staly-sog-ether-fx","status":"publish","type":"product","link":"https:\/\/www.moskito.cz\/pl\/produkt\/noz-staly-sog-ether-fx\/","title":{"rendered":"N\u00f3\u017c sta\u0142y SOG Ether FX"},"content":{"rendered":"<p>N\u00f3\u017c sta\u0142y <strong>SOG<\/strong> Ether FX.<\/p>\n<p><strong>Ether FX<\/strong> to idealny towarzysz dla entuzjast\u00f3w sp\u0119dzania czasu na \u015bwie\u017cym powietrzu i polowa\u0144, a jego waga 2,1 uncji sprawia, \u017ce \u200b\u200bidealnie nadaje si\u0119 do lekkiego przenoszenia i pakowania. Ostrze ze stali CPM S35VN gwarantuje wyj\u0105tkow\u0105 wytrzyma\u0142o\u015b\u0107, zachowanie kraw\u0119dzi i odporno\u015b\u0107 na korozj\u0119. Ostrza ze szczotkowanym satynowym wyko\u0144czeniem nadaj\u0105 mu solidny wygl\u0105d i zapewniaj\u0105 dodatkow\u0105 ochron\u0119 przed zu\u017cyciem. N\u00f3\u017c wyposa\u017cono w r\u0119koje\u015b\u0107 G10, kt\u00f3ra znana jest ze swojej trwa\u0142o\u015bci i doskona\u0142ego chwytu nawet w stanie mokrym. \u0141uski s\u0105 zdejmowane, dzi\u0119ki czemu Ether FX jest jeszcze l\u017cejszy i cie\u0144szy, a jednocze\u015bnie pozwala na dostosowanie no\u017ca za pomoc\u0105 owijek paracordowych w celu zapewnienia wi\u0119kszej personalizacji i funkcjonalno\u015bci. Aby zapewni\u0107 wygodne przenoszenie i przechowywanie, Ether FX jest wyposa\u017cony w kabur\u0119 kompatybiln\u0105 z Kydex SOG UMS, kt\u00f3ra oferuje wiele opcji mocowania, umo\u017cliwiaj\u0105c bezpieczne przymocowanie go do paska, plecaka lub sprz\u0119tu.<\/p>\n<p>Lekka i kompaktowa konstrukcja<br \/>\nPod wzgl\u0119dem wagi i przestrzeni teksturowane r\u0119koje\u015bci G10 mo\u017cna \u0142atwo wyj\u0105\u0107, a szkieletowa rama no\u017ca przekszta\u0142ca n\u00f3\u017c w l\u017cejsze i bardziej wydajne, kompaktowe narz\u0119dzie bez uszczerbku dla jego wytrzyma\u0142o\u015bci i funkcjonalno\u015bci. Nasz system os\u0142on UMS pozwala na wiele sposob\u00f3w utrzymania eteru we w\u0142a\u015bciwych miejscach.<\/p>\n<p>Wysokiej jako\u015bci ostrze<br \/>\nSatynowe wyko\u0144czenie ostrza S35VN zapewnia solidny i charakterystyczny wygl\u0105d, zapewniaj\u0105c jednocze\u015bnie dodatkow\u0105 warstw\u0119 ochrony przed zu\u017cyciem. Ostrze wykonuje pe\u0142ne ci\u0119cie wzd\u0142u\u017c kr\u0119gos\u0142upa i zapewnia lepsz\u0105 kontrol\u0119 i chwyt dla precyzyjnego ci\u0119cia. Wg\u0142\u0119bione ostrze stanowi dodatkow\u0105 powierzchni\u0119 dotykow\u0105 zapewniaj\u0105c\u0105 pewny chwyt podczas ka\u017cdego rodzaju ci\u0119cia.<\/p>\n<p>Stal S35VN<\/p>\n<p>Wykonany ze stali CPM S35VV, Ether FX gwarantuje wyj\u0105tkow\u0105 wytrzyma\u0142o\u015b\u0107, zachowanie kraw\u0119dzi i odporno\u015b\u0107 na korozj\u0119. Szczotkowane, satynowe wyko\u0144czenie ostrza nadaje mu solidny i charakterystyczny wygl\u0105d, zapewniaj\u0105c jednocze\u015bnie dodatkow\u0105 warstw\u0119 ochrony przed zu\u017cyciem. Wg\u0142\u0119bienia i skoki zapewniaj\u0105 pewny chwyt podczas ka\u017cdego rodzaju ci\u0119cia.<\/p>\n<p>Odpinane uchwyty G10<\/p>\n<p>Ether FX posiada wyjmowane r\u0119koje\u015bci Blaze Orange G10, kt\u00f3re u\u0142atwiaj\u0105 znalezienie no\u017ca na dnie plecaka lub na \u015bci\u00f3\u0142ce. G10 s\u0142ynie z wyj\u0105tkowej wytrzyma\u0142o\u015bci, kt\u00f3ra pozwala na bezpieczny i wygodny chwyt nawet w mokrych lub \u015bliskich warunkach.<\/p>\n<p>Kabura Kydex UMS<\/p>\n<p>Aby zwi\u0119kszy\u0107 swoj\u0105 wszechstronno\u015b\u0107, Provider FX ma wbudowane otwory na smycz i wszechstronny system mocowania SOG. Dzi\u0119ki tym funkcjom n\u00f3\u017c mo\u017cna przymocowa\u0107 do najr\u00f3\u017cniejszych urz\u0105dze\u0144 i akcesori\u00f3w, dzi\u0119ki czemu b\u0119dziesz mie\u0107 pewno\u015b\u0107, \u017ce b\u0119dzie on zawsze pod r\u0119k\u0105 wtedy, gdy b\u0119dzie najbardziej potrzebny.<\/p>\n<p>Waga: 60g<br \/>\nRozmiar ca\u0142kowity: 18 m<br \/>\nD\u0142ugo\u015b\u0107 ostrza: 7,9 cm<br \/>\nGrubo\u015b\u0107 ostrza: 0,36 cm<br \/>\nStal: CPM S35VN<br \/>\nMateria\u0142 r\u0119koje\u015bci: GRN<br \/>\nMateria\u0142 obudowy: Kydex<\/p>\n<p>&nbsp;<\/p>\n<p><iframe title=\"Ether FX\" width=\"800\" height=\"450\" src=\"https:\/\/www.youtube.com\/embed\/u4cnd0XZUIU?feature=oembed\" frameborder=\"0\" allow=\"accelerometer; autoplay; clipboard-write; encrypted-media; gyroscope; picture-in-picture; web-share\" referrerpolicy=\"strict-origin-when-cross-origin\" allowfullscreen><\/iframe><\/p>\n<p>&nbsp;<\/p>\n","protected":false},"excerpt":{"rendered":"<p><strong>Ether FX to idealny towarzysz dla entuzjast\u00f3w sp\u0119dzania czasu na \u015bwie\u017cym powietrzu i polowa\u0144, a jego waga 60 g sprawia, \u017ce \u200b\u200bidealnie nadaje si\u0119 do lekkiego przenoszenia i pakowania.<\/strong><\/p>\n<p><strong>Bezp\u0142atny transport.<\/strong><\/p>\n","protected":false},"featured_media":345797,"comment_status":"open","ping_status":"closed","template":"","meta":[],"pwb-brand":[3606],"product_brand":[],"product_cat":[3296,3297],"product_tag":[3671],"class_list":{"0":"post-345878","1":"product","2":"type-product","3":"status-publish","4":"has-post-thumbnail","6":"pwb-brand-sog-pl","7":"product_cat-noze-pl","8":"product_cat-solidne-noze","9":"product_tag-b2b-pl","11":"first","12":"outofstock","13":"taxable","14":"shipping-taxable","15":"purchasable","16":"product-type-simple"},"brands":[{"id":3606,"name":"SOG","slug":"sog-pl"}],"_links":{"self":[{"href":"https:\/\/www.moskito.cz\/pl\/wp-json\/wp\/v2\/product\/345878","targetHints":{"allow":["GET"]}}],"collection":[{"href":"https:\/\/www.moskito.cz\/pl\/wp-json\/wp\/v2\/product"}],"about":[{"href":"https:\/\/www.moskito.cz\/pl\/wp-json\/wp\/v2\/types\/product"}],"replies":[{"embeddable":true,"href":"https:\/\/www.moskito.cz\/pl\/wp-json\/wp\/v2\/comments?post=345878"}],"wp:featuredmedia":[{"embeddable":true,"href":"https:\/\/www.moskito.cz\/pl\/wp-json\/wp\/v2\/media\/345797"}],"wp:attachment":[{"href":"https:\/\/www.moskito.cz\/pl\/wp-json\/wp\/v2\/media?parent=345878"}],"wp:term":[{"taxonomy":"pwb-brand","embeddable":true,"href":"https:\/\/www.moskito.cz\/pl\/wp-json\/wp\/v2\/pwb-brand?post=345878"},{"taxonomy":"product_brand","embeddable":true,"href":"https:\/\/www.moskito.cz\/pl\/wp-json\/wp\/v2\/product_brand?post=345878"},{"taxonomy":"product_cat","embeddable":true,"href":"https:\/\/www.moskito.cz\/pl\/wp-json\/wp\/v2\/product_cat?post=345878"},{"taxonomy":"product_tag","embeddable":true,"href":"https:\/\/www.moskito.cz\/pl\/wp-json\/wp\/v2\/product_tag?post=345878"}],"curies":[{"name":"wp","href":"https:\/\/api.w.org\/{rel}","templated":true}]}}