{"id":345951,"date":"2024-06-20T10:07:47","date_gmt":"2024-06-20T09:08:51","guid":{"rendered":"https:\/\/www.moskito.cz\/produkt\/noz-zamykany-sog-twitch-iii-czarny\/"},"modified":"2025-05-07T11:18:05","modified_gmt":"2025-05-07T10:18:05","slug":"noz-zamykany-sog-twitch-iii-czarny","status":"publish","type":"product","link":"https:\/\/www.moskito.cz\/pl\/produkt\/noz-zamykany-sog-twitch-iii-czarny\/","title":{"rendered":"N\u00f3\u017c zamykany SOG Twitch III Czarny"},"content":{"rendered":"<p>N\u00f3\u017c zamykany <strong>SOG<\/strong> Twitch III Czarny.<\/p>\n<p>Elegancki, mocny i wzmocniony ulepszonym stalowym ostrzem o d\u0142ugo\u015bci 154 cm, nasz sk\u0142adany n\u00f3\u017c <strong>Twitch III<\/strong> przenosi popularn\u0105 seri\u0119 Twitch na wy\u017cszy poziom. <strong>Twitch III<\/strong> ma smuk\u0142y profil, kt\u00f3ry umo\u017cliwia \u0142atwe przenoszenie i \u0142atw\u0105 obs\u0142ug\u0119. Nasza niezawodna technologia wspomagana umo\u017cliwia szybkie wdro\u017cenie jedn\u0105 r\u0119k\u0105. 3,1-calowe ostrze z mo\u017cliwo\u015bci\u0105 szybkiego monta\u017cu jest przymocowane do przemy\u015blanie ukszta\u0142towanego, teksturowanego aluminium. Niezawodny mechanizm blokuj\u0105cy utrzymuje ostrze bezpiecznie na miejscu podczas u\u017cytkowania, dzi\u0119ki czemu mo\u017cesz czu\u0107 si\u0119 bezpiecznie i bez zmartwie\u0144.<\/p>\n<p>Twitch III to Tw\u00f3j nowy, pierwszy wyb\u00f3r w przypadku scyzoryka EDC<br \/>\nBez tego nie mo\u017cesz wyj\u015b\u0107 z domu. N\u00f3\u017c sk\u0142adany Twitch III przenosi popularn\u0105 lini\u0119 Twitch na wy\u017cszy poziom, \u0142\u0105cz\u0105c najnowocze\u015bniejsz\u0105 technologi\u0119 i ulepszone materia\u0142y z wygodn\u0105, \u200b\u200bkompaktow\u0105 konstrukcj\u0105.<\/p>\n<p>R\u0119koje\u015b\u0107 z aluminium 6061.<\/p>\n<p>Zwyci\u0119ska kombinacja. Cienki i lekki, co u\u0142atwia przenoszenie. Subtelnie teksturowana dla pewnego chwytu, wyko\u0144czona g\u0142\u0119bokim dwustronnym klipsem kieszeniowym.<\/p>\n<p>Ostrze STALOWE 154CM<\/p>\n<p>Wytrzyma\u0142e ostrze o d\u0142ugo\u015bci 3,1 cala, hartowane CRYO i d\u0142ugo\u015bci 154 cm, utrzyma kraw\u0119d\u017a ka\u017cdego ci\u0119cia w domu, w pracy, a nawet w lesie.<\/p>\n<p>SUPER SZYBKIE OTWARCIE<\/p>\n<p>Niezwykle szybkie otwieranie jedn\u0105 r\u0119k\u0105 za pomoc\u0105 podw\u00f3jnych ko\u0142k\u00f3w kciukowych lub kopni\u0119cie w plecy. Prosta blokada kr\u0119gos\u0142upa bezpiecznie blokuje ostrze w miejscu podczas u\u017cytkowania.<\/p>\n<p>Waga: 74 g<br \/>\nRozmiar ca\u0142kowity: 17,8 cm<br \/>\nD\u0142ugo\u015b\u0107 ostrza: 7,9 cm<br \/>\nGrubo\u015b\u0107 ostrza: 0,25 cm<br \/>\nStal: 154 cm<br \/>\nD\u0142ugo\u015b\u0107 r\u0105czki: 10,4 cm<br \/>\nMateria\u0142 r\u0119koje\u015bci: aluminium 6061<br \/>\nTyp bezpiecznika: LockBack<\/p>\n<p><iframe title=\"Twitch III\" width=\"800\" height=\"450\" src=\"https:\/\/www.youtube.com\/embed\/FghDrJM7ITA?feature=oembed\" frameborder=\"0\" allow=\"accelerometer; autoplay; clipboard-write; encrypted-media; gyroscope; picture-in-picture; web-share\" referrerpolicy=\"strict-origin-when-cross-origin\" allowfullscreen><\/iframe><\/p>\n<p>&nbsp;<\/p>\n<p>&nbsp;<\/p>\n","protected":false},"excerpt":{"rendered":"<p><strong>Twitch III to Tw\u00f3j nowy, pierwszy wyb\u00f3r w przypadku scyzoryka EDC<\/strong><br \/>\n<strong>Bez tego nie mo\u017cesz wyj\u015b\u0107 z domu. N\u00f3\u017c sk\u0142adany Twitch III przenosi popularn\u0105 lini\u0119 Twitch na wy\u017cszy poziom, \u0142\u0105cz\u0105c najnowocze\u015bniejsz\u0105 technologi\u0119 i ulepszone materia\u0142y z wygodn\u0105, \u200b\u200bkompaktow\u0105 konstrukcj\u0105.<\/strong><\/p>\n<p>&nbsp;<\/p>\n","protected":false},"featured_media":345887,"comment_status":"open","ping_status":"closed","template":"","meta":[],"pwb-brand":[3606],"product_brand":[],"product_cat":[3296,3307],"product_tag":[3671],"class_list":{"0":"post-345951","1":"product","2":"type-product","3":"status-publish","4":"has-post-thumbnail","6":"pwb-brand-sog-pl","7":"product_cat-noze-pl","8":"product_cat-zamykanie-nozy","9":"product_tag-b2b-pl","11":"first","12":"instock","13":"taxable","14":"shipping-taxable","15":"purchasable","16":"product-type-simple"},"brands":[{"id":3606,"name":"SOG","slug":"sog-pl"}],"_links":{"self":[{"href":"https:\/\/www.moskito.cz\/pl\/wp-json\/wp\/v2\/product\/345951","targetHints":{"allow":["GET"]}}],"collection":[{"href":"https:\/\/www.moskito.cz\/pl\/wp-json\/wp\/v2\/product"}],"about":[{"href":"https:\/\/www.moskito.cz\/pl\/wp-json\/wp\/v2\/types\/product"}],"replies":[{"embeddable":true,"href":"https:\/\/www.moskito.cz\/pl\/wp-json\/wp\/v2\/comments?post=345951"}],"wp:featuredmedia":[{"embeddable":true,"href":"https:\/\/www.moskito.cz\/pl\/wp-json\/wp\/v2\/media\/345887"}],"wp:attachment":[{"href":"https:\/\/www.moskito.cz\/pl\/wp-json\/wp\/v2\/media?parent=345951"}],"wp:term":[{"taxonomy":"pwb-brand","embeddable":true,"href":"https:\/\/www.moskito.cz\/pl\/wp-json\/wp\/v2\/pwb-brand?post=345951"},{"taxonomy":"product_brand","embeddable":true,"href":"https:\/\/www.moskito.cz\/pl\/wp-json\/wp\/v2\/product_brand?post=345951"},{"taxonomy":"product_cat","embeddable":true,"href":"https:\/\/www.moskito.cz\/pl\/wp-json\/wp\/v2\/product_cat?post=345951"},{"taxonomy":"product_tag","embeddable":true,"href":"https:\/\/www.moskito.cz\/pl\/wp-json\/wp\/v2\/product_tag?post=345951"}],"curies":[{"name":"wp","href":"https:\/\/api.w.org\/{rel}","templated":true}]}}