{"id":346036,"date":"2024-06-20T10:37:18","date_gmt":"2024-06-20T09:37:18","guid":{"rendered":"https:\/\/www.moskito.cz\/produkt\/noz-solidny-sog-bowie-2-0\/"},"modified":"2024-06-20T10:37:58","modified_gmt":"2024-06-20T09:37:58","slug":"noz-solidny-sog-bowie-2-0","status":"publish","type":"product","link":"https:\/\/www.moskito.cz\/pl\/produkt\/noz-solidny-sog-bowie-2-0\/","title":{"rendered":"N\u00f3\u017c solidny SOG BOWIE 2.0"},"content":{"rendered":"<p>N\u00f3\u017c solidny <strong>SOG<\/strong> BOWIE 2.0.<\/p>\n<p>Oryginalne ostrze sta\u0142e <strong>SOG Bowie<\/strong> , kt\u00f3re zapocz\u0105tkowa\u0142o nasz\u0105 firm\u0119, wzorowane by\u0142o na no\u017cu u\u017cywanym przez Grup\u0119 Studyjno-Obserwacyjn\u0105 Si\u0142 Specjalnych USA oraz innych elitarnych \u017co\u0142nierzy wojny w Wietnamie. <strong>SOG Bowie<\/strong> 2.0 \u0142\u0105czy w sobie tradycyjny <strong>SOG Bowie<\/strong> z nowoczesn\u0105 technologi\u0105 i materia\u0142ami. Korzysta z twardych czarnych pow\u0142ok TiNi i stali AUS-8, dzi\u0119ki czemu jest najwy\u017cszej jako\u015bci no\u017cem o sta\u0142ym ostrzu. SOG Bowie 2.0 sta\u0142 si\u0119 klasykiem, kt\u00f3ry nie ma sobie r\u00f3wnych pod wzgl\u0119dem jako\u015bci. Ukszta\u0142towany jelec, g\u0142\u0119bokie, wkl\u0119s\u0142e szlifowanie oraz precyzyjne detale i fasetowana ko\u0144c\u00f3wka to niew\u0105tpliwe znaki rozpoznawcze.<\/p>\n<p>Du\u017ce i odwa\u017cne, solidne ostrze<br \/>\nTen pi\u0119kny Bowie ma swoje korzenie w dziedzictwie wojskowym SOG, gdzie by\u0142 u\u017cywany przez si\u0142y specjalne i innych elitarnych \u017co\u0142nierzy podczas wojny w Wietnamie.<\/p>\n<p>Solidne ostrze wielkoformatowe, stylowe i tre\u015bciwe<br \/>\nPosiada wszechstronne ostrze wykonane z wysokiej jako\u015bci stali epoksydowej AUS-8, po\u0142\u0105czone ze sk\u00f3rzan\u0105 r\u0119koje\u015bci\u0105 i os\u0142on\u0105 krzy\u017cow\u0105 oraz g\u0142\u00f3wk\u0105 ze stali nierdzewnej.<\/p>\n<p>Klasyczny design uchwytu<\/p>\n<p>R\u0105czka z plisowan\u0105 sk\u00f3r\u0105 epoksydow\u0105 zapewnia klasyczny wygl\u0105d i wygod\u0119.<\/p>\n<p>Kszta\u0142towany ochraniacz krzy\u017ca<\/p>\n<p>Zapewnia bezpiecze\u0144stwo i zdrowie palc\u00f3w. Wygl\u0105da te\u017c fajnie.<\/p>\n<p>D\u0142ugo\u015b\u0107 ca\u0142kowita: <span id=\"cwos\" class=\"qv3Wpe\">27,5 cm<\/span><br \/>\nWaga produktu: 11,20 uncji<br \/>\nD\u0142ugo\u015b\u0107 ostrza: <span id=\"cwos\" class=\"qv3Wpe\">16<\/span> cm<br \/>\nGrubo\u015b\u0107 ostrza: 0,6 cm<br \/>\nWhetstone: Tak<br \/>\nOtw\u00f3r na smycz: Tak<br \/>\nWyko\u0144czenie: Twarde czarne TiNi<br \/>\nTyp kraw\u0119dzi: prosty<br \/>\nTyp ostrza ze stali: AUS-8<br \/>\nMateria\u0142 r\u0119koje\u015bci: sk\u00f3rzane podk\u0142adki<br \/>\nKolor r\u0119koje\u015bci: br\u0105zowy<br \/>\nTwardo\u015b\u0107: Rc. 57-58<br \/>\nW komplecie etui: Tak<br \/>\nKolor skorupy: czarny<br \/>\nRodzaj mocowania kurtki: P\u0119tla<br \/>\nMateria\u0142 pow\u0142oki: sk\u00f3ra<\/p>\n<p><iframe title=\"SOG Knives Bowie 2.0\" width=\"800\" height=\"450\" src=\"https:\/\/www.youtube.com\/embed\/k6HjM-vii_M?feature=oembed\" frameborder=\"0\" allow=\"accelerometer; autoplay; clipboard-write; encrypted-media; gyroscope; picture-in-picture; web-share\" referrerpolicy=\"strict-origin-when-cross-origin\" allowfullscreen><\/iframe><\/p>\n<p>&nbsp;<\/p>\n<p>&nbsp;<\/p>\n<p>&nbsp;<\/p>\n<p>&nbsp;<\/p>\n","protected":false},"excerpt":{"rendered":"<p><strong>Ten pi\u0119kny Bowie ma swoje korzenie w dziedzictwie wojskowym SOG, gdzie by\u0142 u\u017cywany przez si\u0142y specjalne i innych elitarnych \u017co\u0142nierzy podczas wojny w Wietnamie.<\/strong><\/p>\n<p><strong>Bezp\u0142atny transport.<\/strong><\/p>\n","protected":false},"featured_media":345960,"comment_status":"open","ping_status":"closed","template":"","meta":[],"pwb-brand":[3606],"product_brand":[],"product_cat":[3297,3296],"product_tag":[3671],"class_list":{"0":"post-346036","1":"product","2":"type-product","3":"status-publish","4":"has-post-thumbnail","6":"pwb-brand-sog-pl","7":"product_cat-solidne-noze","8":"product_cat-noze-pl","9":"product_tag-b2b-pl","11":"first","12":"outofstock","13":"taxable","14":"shipping-taxable","15":"purchasable","16":"product-type-simple"},"brands":[{"id":3606,"name":"SOG","slug":"sog-pl"}],"_links":{"self":[{"href":"https:\/\/www.moskito.cz\/pl\/wp-json\/wp\/v2\/product\/346036","targetHints":{"allow":["GET"]}}],"collection":[{"href":"https:\/\/www.moskito.cz\/pl\/wp-json\/wp\/v2\/product"}],"about":[{"href":"https:\/\/www.moskito.cz\/pl\/wp-json\/wp\/v2\/types\/product"}],"replies":[{"embeddable":true,"href":"https:\/\/www.moskito.cz\/pl\/wp-json\/wp\/v2\/comments?post=346036"}],"wp:featuredmedia":[{"embeddable":true,"href":"https:\/\/www.moskito.cz\/pl\/wp-json\/wp\/v2\/media\/345960"}],"wp:attachment":[{"href":"https:\/\/www.moskito.cz\/pl\/wp-json\/wp\/v2\/media?parent=346036"}],"wp:term":[{"taxonomy":"pwb-brand","embeddable":true,"href":"https:\/\/www.moskito.cz\/pl\/wp-json\/wp\/v2\/pwb-brand?post=346036"},{"taxonomy":"product_brand","embeddable":true,"href":"https:\/\/www.moskito.cz\/pl\/wp-json\/wp\/v2\/product_brand?post=346036"},{"taxonomy":"product_cat","embeddable":true,"href":"https:\/\/www.moskito.cz\/pl\/wp-json\/wp\/v2\/product_cat?post=346036"},{"taxonomy":"product_tag","embeddable":true,"href":"https:\/\/www.moskito.cz\/pl\/wp-json\/wp\/v2\/product_tag?post=346036"}],"curies":[{"name":"wp","href":"https:\/\/api.w.org\/{rel}","templated":true}]}}