{"id":346323,"date":"2024-06-20T14:22:51","date_gmt":"2024-06-20T13:27:35","guid":{"rendered":"https:\/\/www.moskito.cz\/produkt\/naprawiono-efekt-dostawcy-noz-sog\/"},"modified":"2025-05-07T11:18:09","modified_gmt":"2025-05-07T10:18:09","slug":"naprawiono-efekt-dostawcy-noz-sog","status":"publish","type":"product","link":"https:\/\/www.moskito.cz\/pl\/produkt\/naprawiono-efekt-dostawcy-noz-sog\/","title":{"rendered":"Naprawiono efekt dostawcy N\u00f3\u017c SOG"},"content":{"rendered":"<p>Naprawiono efekt dostawcy no\u017ca <strong>SOG<\/strong> .<\/p>\n<p>Provider FX to wszechstronny i niezawodny towarzysz dla my\u015bliwych i entuzjast\u00f3w sp\u0119dzania czasu na \u015bwie\u017cym powietrzu. Zbudowany z my\u015bl\u0105 o precyzji i trwa\u0142o\u015bci, ten wyj\u0105tkowy n\u00f3\u017c zosta\u0142 zaprojektowany tak, aby zapewni\u0107 doskona\u0142\u0105 wydajno\u015b\u0107 w dziczy. Posiada ostrze ze stali kamiennej o \u015brednicy 3,75 cala i d\u0142ugo\u015bci 154 cm, znane z doskona\u0142ego trzymania kraw\u0119dzi i odporno\u015bci na korozj\u0119. Ostrze wykonuje pe\u0142ne ci\u0119cie wzd\u0142u\u017c kr\u0119gos\u0142upa i zapewnia lepsz\u0105 kontrol\u0119 i chwyt dla precyzyjnego ci\u0119cia. Solidny i teksturowany uchwyt wagi G10 zapewnia pewny chwyt i mo\u017cna go \u0142atwo wyj\u0105\u0107, aby uzyska\u0107 lekk\u0105 i kompaktow\u0105 paczk\u0119. W pochwie Kydex zastosowano uniwersalny system monta\u017cu SOG, kt\u00f3ry pozwala mie\u0107 n\u00f3\u017c pod r\u0119k\u0105 zawsze, gdy go potrzebujesz.<\/p>\n<p>Zbudowany z my\u015bl\u0105 o wydajno\u015bci<br \/>\nWyko\u0144czenie ostrza o grubo\u015bci 154 cm zapewnia solidny i charakterystyczny wygl\u0105d, zapewniaj\u0105c jednocze\u015bnie dodatkow\u0105 warstw\u0119 ochrony przed zu\u017cyciem. Ostrze wykonuje pe\u0142ne ci\u0119cie wzd\u0142u\u017c kr\u0119gos\u0142upa i zapewnia lepsz\u0105 kontrol\u0119 i chwyt dla precyzyjnego ci\u0119cia.<\/p>\n<p>Niezale\u017cnie od tego, czy \u015bledzisz gr\u0119, czy podbijasz dzicz, Provider FX jest idealnym towarzyszem Twoich przyg\u00f3d na \u015bwie\u017cym powietrzu.<br \/>\nSolidna konstrukcja, najwy\u017cszej jako\u015bci materia\u0142y i przemy\u015blana konstrukcja sprawiaj\u0105, \u017ce jest to niezast\u0105pione narz\u0119dzie zar\u00f3wno dla my\u015bliwych, wczasowicz\u00f3w, jak i mi\u0142o\u015bnik\u00f3w przyrody. Zaufaj dostawcy walut, kt\u00f3ry zapewnia wyj\u0105tkow\u0105 wydajno\u015b\u0107 i niezawodno\u015b\u0107 na ka\u017cdym kroku.<\/p>\n<p>Stal 154CM<\/p>\n<p>Sercem Provider FX jest ostrze kute z wysokiej jako\u015bci stali 154CM. Ta najwy\u017cszej jako\u015bci stal, znana z doskona\u0142ego trzymania ostrza i odporno\u015bci na korozj\u0119, gwarantuje, \u017ce Tw\u00f3j n\u00f3\u017c pozostanie ostry i niezawodny nawet przy d\u0142ugotrwa\u0142ym u\u017cytkowaniu w trudnych warunkach. D\u0142ugo\u015b\u0107 ostrza wynosi 3,75 cala, co stanowi idealn\u0105 r\u00f3wnowag\u0119 pomi\u0119dzy wszechstronno\u015bci\u0105 i zwrotno\u015bci\u0105. Przy ca\u0142kowitej d\u0142ugo\u015bci 8,1 cala n\u00f3\u017c ten zapewnia wystarczaj\u0105cy zasi\u0119g, zachowuj\u0105c jednocze\u015bnie kompaktow\u0105 i przeno\u015bn\u0105 konstrukcj\u0119.<\/p>\n<p>Odpinane uchwyty G10<\/p>\n<p>Zaprojektowany, aby spe\u0142ni\u0107 Twoje potrzeby, Provider FX ma od\u0142\u0105czany zielony uchwyt G10, kt\u00f3ry zapewnia lekko\u015b\u0107 i kompaktowo\u015b\u0107 przenoszenia i pakowania. G10 s\u0142ynie z wyj\u0105tkowej wytrzyma\u0142o\u015bci, kt\u00f3ra pozwala na bezpieczny i wygodny chwyt nawet w mokrych lub \u015bliskich warunkach.<\/p>\n<p>Waga: 142 g<br \/>\nRozmiar ca\u0142kowity: 20,5 cm<br \/>\nD\u0142ugo\u015b\u0107 ostrza: 9,5 cm<br \/>\nGrubo\u015b\u0107 ostrza: 0,36 cm<br \/>\nStal: KRYO 154CM<br \/>\nMateria\u0142 r\u0119koje\u015bci: GRN<br \/>\nMateria\u0142 obudowy: Kydex<\/p>\n<p><iframe title=\"Provider FX\" width=\"800\" height=\"450\" src=\"https:\/\/www.youtube.com\/embed\/8uWEDZD3w4k?feature=oembed\" frameborder=\"0\" allow=\"accelerometer; autoplay; clipboard-write; encrypted-media; gyroscope; picture-in-picture; web-share\" referrerpolicy=\"strict-origin-when-cross-origin\" allowfullscreen><\/iframe><\/p>\n<p>&nbsp;<\/p>\n<p>&nbsp;<\/p>\n","protected":false},"excerpt":{"rendered":"<p><strong>Provider FX to wszechstronny i niezawodny solidny n\u00f3\u017c dla my\u015bliwych i entuzjast\u00f3w outdooru o konstrukcji Full Tang.<\/strong><\/p>\n<p><strong>Bezp\u0142atny transport.<\/strong><\/p>\n","protected":false},"featured_media":346258,"comment_status":"open","ping_status":"closed","template":"","meta":[],"pwb-brand":[3606],"product_brand":[],"product_cat":[3296,3297],"product_tag":[],"class_list":{"0":"post-346323","1":"product","2":"type-product","3":"status-publish","4":"has-post-thumbnail","6":"pwb-brand-sog-pl","7":"product_cat-noze-pl","8":"product_cat-solidne-noze","10":"first","11":"instock","12":"taxable","13":"shipping-taxable","14":"purchasable","15":"product-type-simple"},"brands":[{"id":3606,"name":"SOG","slug":"sog-pl"}],"_links":{"self":[{"href":"https:\/\/www.moskito.cz\/pl\/wp-json\/wp\/v2\/product\/346323","targetHints":{"allow":["GET"]}}],"collection":[{"href":"https:\/\/www.moskito.cz\/pl\/wp-json\/wp\/v2\/product"}],"about":[{"href":"https:\/\/www.moskito.cz\/pl\/wp-json\/wp\/v2\/types\/product"}],"replies":[{"embeddable":true,"href":"https:\/\/www.moskito.cz\/pl\/wp-json\/wp\/v2\/comments?post=346323"}],"wp:featuredmedia":[{"embeddable":true,"href":"https:\/\/www.moskito.cz\/pl\/wp-json\/wp\/v2\/media\/346258"}],"wp:attachment":[{"href":"https:\/\/www.moskito.cz\/pl\/wp-json\/wp\/v2\/media?parent=346323"}],"wp:term":[{"taxonomy":"pwb-brand","embeddable":true,"href":"https:\/\/www.moskito.cz\/pl\/wp-json\/wp\/v2\/pwb-brand?post=346323"},{"taxonomy":"product_brand","embeddable":true,"href":"https:\/\/www.moskito.cz\/pl\/wp-json\/wp\/v2\/product_brand?post=346323"},{"taxonomy":"product_cat","embeddable":true,"href":"https:\/\/www.moskito.cz\/pl\/wp-json\/wp\/v2\/product_cat?post=346323"},{"taxonomy":"product_tag","embeddable":true,"href":"https:\/\/www.moskito.cz\/pl\/wp-json\/wp\/v2\/product_tag?post=346323"}],"curies":[{"name":"wp","href":"https:\/\/api.w.org\/{rel}","templated":true}]}}