{"id":346411,"date":"2024-06-20T14:49:03","date_gmt":"2024-06-20T13:49:03","guid":{"rendered":"https:\/\/www.moskito.cz\/produkt\/solidny-noz-super-sog-bowie\/"},"modified":"2024-06-20T14:50:49","modified_gmt":"2024-06-20T13:50:49","slug":"solidny-noz-super-sog-bowie","status":"publish","type":"product","link":"https:\/\/www.moskito.cz\/pl\/produkt\/solidny-noz-super-sog-bowie\/","title":{"rendered":"Solidny n\u00f3\u017c SUPER SOG BOWIE"},"content":{"rendered":"<p>Solidny n\u00f3\u017c SUPER <strong>SOG<\/strong> BOWIE.<\/p>\n<p>Do naszej 20. rocznic\u0119 w 2006 roku uruchomili\u015bmy now\u0105 adaptacj\u0119 oryginalnego SOG Bowiego, kt\u00f3ry za\u0142o\u017cy\u0142 firm\u0119. To wielkoformatowe ostrze zachwyci Ci\u0119 precyzyjn\u0105 konstrukcj\u0105 i liniami szlifowania. W przeciwie\u0144stwie do orygina\u0142u, wszystkie cz\u0119\u015bci s\u0105 chronione solidn\u0105 czarn\u0105 pow\u0142ok\u0105 TiNi, co zapewnia najlepszy wygl\u0105d i wydajno\u015b\u0107. Podtrzymuje swoje korzenie dzi\u0119ki z\u0142o\u017conemu sk\u00f3rzanemu uchwytowi pralki i og\u00f3lnemu projektowi<\/p>\n<p>Wielkoformatowe ostrze sta\u0142e XL, kt\u00f3rego styl i esencja zapocz\u0105tkowa\u0142y SOG.<br \/>\nPosiada zakrywaj\u0105ce ca\u0142\u0105 twarz 7,5-calowe czarne ostrze TiNi wykonane z wysokiej jako\u015bci stali AUS-8 z podk\u0142adem ze z\u0142o\u017conej sk\u00f3ry epoksydowej oraz jelcem i g\u0142owic\u0105 ze stali nierdzewnej.<\/p>\n<p>Kszta\u0142towany ochraniacz krzy\u017ca<\/p>\n<p>Zapewnia bezpiecze\u0144stwo i zdrowie palc\u00f3w. Wygl\u0105da te\u017c fajnie.<\/p>\n<p>Klasyczny design uchwytu<\/p>\n<p>R\u0105czka z plisowan\u0105 sk\u00f3r\u0105 epoksydow\u0105 zapewnia klasyczny wygl\u0105d i wygod\u0119.<\/p>\n<p>Naprawiono ostrze wielkoformatowe<\/p>\n<p>Mocne i trwa\u0142e ostrze.<\/p>\n<p>Waga: 493 g<br \/>\nRozmiar ca\u0142kowity: 32,7 cm<br \/>\nD\u0142ugo\u015b\u0107 ostrza: 19,1 cm<br \/>\nGrubo\u015b\u0107 ostrza: 0,64 cm<br \/>\nStal: AUS-8<br \/>\nMateria\u0142 r\u0119koje\u015bci: U\u0142o\u017cone podk\u0142adki ze sk\u00f3ry epoksydowanej<br \/>\nMateria\u0142 obudowy: Sk\u00f3ra<\/p>\n<p>&nbsp;<\/p>\n<p>&nbsp;<\/p>\n","protected":false},"excerpt":{"rendered":"<p><strong>Do naszej 20. rocznic\u0119 w 2006 roku uruchomili\u015bmy now\u0105 adaptacj\u0119 oryginalnego SOG Bowiego, kt\u00f3ry za\u0142o\u017cy\u0142 firm\u0119. To wielkoformatowe ostrze zadziwi Ci\u0119 swoj\u0105 precyzyjn\u0105 konstrukcj\u0105.<\/strong><\/p>\n<p><strong>Bezp\u0142atny transport.<\/strong><\/p>\n","protected":false},"featured_media":346332,"comment_status":"open","ping_status":"closed","template":"","meta":[],"pwb-brand":[3606],"product_brand":[],"product_cat":[3297,3296],"product_tag":[],"class_list":{"0":"post-346411","1":"product","2":"type-product","3":"status-publish","4":"has-post-thumbnail","6":"pwb-brand-sog-pl","7":"product_cat-solidne-noze","8":"product_cat-noze-pl","10":"first","11":"instock","12":"taxable","13":"shipping-taxable","14":"purchasable","15":"product-type-simple"},"brands":[{"id":3606,"name":"SOG","slug":"sog-pl"}],"_links":{"self":[{"href":"https:\/\/www.moskito.cz\/pl\/wp-json\/wp\/v2\/product\/346411","targetHints":{"allow":["GET"]}}],"collection":[{"href":"https:\/\/www.moskito.cz\/pl\/wp-json\/wp\/v2\/product"}],"about":[{"href":"https:\/\/www.moskito.cz\/pl\/wp-json\/wp\/v2\/types\/product"}],"replies":[{"embeddable":true,"href":"https:\/\/www.moskito.cz\/pl\/wp-json\/wp\/v2\/comments?post=346411"}],"wp:featuredmedia":[{"embeddable":true,"href":"https:\/\/www.moskito.cz\/pl\/wp-json\/wp\/v2\/media\/346332"}],"wp:attachment":[{"href":"https:\/\/www.moskito.cz\/pl\/wp-json\/wp\/v2\/media?parent=346411"}],"wp:term":[{"taxonomy":"pwb-brand","embeddable":true,"href":"https:\/\/www.moskito.cz\/pl\/wp-json\/wp\/v2\/pwb-brand?post=346411"},{"taxonomy":"product_brand","embeddable":true,"href":"https:\/\/www.moskito.cz\/pl\/wp-json\/wp\/v2\/product_brand?post=346411"},{"taxonomy":"product_cat","embeddable":true,"href":"https:\/\/www.moskito.cz\/pl\/wp-json\/wp\/v2\/product_cat?post=346411"},{"taxonomy":"product_tag","embeddable":true,"href":"https:\/\/www.moskito.cz\/pl\/wp-json\/wp\/v2\/product_tag?post=346411"}],"curies":[{"name":"wp","href":"https:\/\/api.w.org\/{rel}","templated":true}]}}