{"id":346427,"date":"2022-11-24T23:20:55","date_gmt":"2024-06-20T14:14:39","guid":{"rendered":"https:\/\/www.moskito.cz\/produkt\/naprawiono-noz-extrema-ratio-misericordia-black-warfare-edycja-limitowana\/"},"modified":"2025-05-07T11:18:09","modified_gmt":"2025-05-07T10:18:09","slug":"naprawiono-noz-extrema-ratio-misericordia-black-warfare-edycja-limitowana","status":"publish","type":"product","link":"https:\/\/www.moskito.cz\/pl\/produkt\/naprawiono-noz-extrema-ratio-misericordia-black-warfare-edycja-limitowana\/","title":{"rendered":"Naprawiono n\u00f3\u017c Extrema Ratio MISERICORDIA BLACK WARFARE EDYCJA LIMITOWANA"},"content":{"rendered":"<p>Naprawiono n\u00f3\u017c <strong>Extrema Ratio<\/strong> MISERICORDIA BLACK WARFARE EDYCJA LIMITOWANA.<\/p>\n<p>Extrema Ratio Misericordia Black Warfare to edycja limitowana, licz\u0105ca jedynie 500 sztuk. Ma wszystkie cechy s\u0142ynnej Misericordii przyj\u0119tej 4-go. przez Alpejski Pu\u0142k Spadochronowy, kt\u00f3ry przyczyni\u0142 si\u0119 do jego rozwoju i test\u00f3w, i wybra\u0142 go ze wzgl\u0119du na jego unikalne cechy, kt\u00f3re czyni\u0105 go szczeg\u00f3lnie przydatnym do walki w zasadzkach.<\/p>\n<p>Ostrze jest frezowane ze stali B\u00f6hler N690 i poddane obr\u00f3bce cieplnej do twardo\u015bci 58 HRC dla najlepszego po\u0142\u0105czenia zachowania kraw\u0119dzi i wytrzyma\u0142o\u015bci. Ma 118 mm (4,65 cala) d\u0142ugo\u015bci i 4 mm (0,16 cala grubo\u015bci) i jest szlifowany p\u0142asko. N\u00f3\u017c wa\u017cy zaledwie 87 g (3,1 uncji). Ostrze ma kszta\u0142t grotu w\u0142\u00f3czni i jest pe\u0142niejsze, dzi\u0119ki czemu jest jeszcze l\u017cejsze i ma fa\u0142szyw\u0105 podw\u00f3jn\u0105 kraw\u0119d\u017a do 3\/4 swojej d\u0142ugo\u015bci. Jego wyko\u0144czenie, Black Warfare, wykonane jest z innowacyjnego i oryginalnego wzoru Geotech Camo firmy Extrema Ratio, wyrytego laserowo na powierzchni. R\u0119koje\u015b\u0107 zachowuje charakterystyczny ergonomiczny profil Extrema Ratio i jest wykonana z nylonu wzmocnionego w\u0142\u00f3knem szklanym, aby zapewni\u0107 maksymaln\u0105 wytrzyma\u0142o\u015b\u0107 przez ca\u0142y czas, nawet w najci\u0119\u017cszych warunkach u\u017cytkowania.<\/p>\n<p>Charakterystyczny pier\u015bcie\u0144 na g\u0142owicy pomaga \u017co\u0142nierzowi uzyska\u0107 lepszy chwyt, co zapewnia bezpieczniejsze i skuteczniejsze ci\u0105gni\u0119cie, wyk\u0142adniczo zwi\u0119kszaj\u0105c skuteczno\u015b\u0107 bojow\u0105 Misericordii. Kabur\u0119 kydexow\u0105 mo\u017cna przymocowa\u0107 do klipsa do paska, klipsa ULTICLIP i Malice, a tak\u017ce ta\u015bmy MOLLE z paracordem. Dost\u0119pna jest r\u00f3wnie\u017c opcjonalna, wytrzyma\u0142a nylonowa pochwa z dwiema regulowanymi p\u0119tlami do mocowania do ta\u015bmy MOLLE.<\/p>\n<p>Misericordia Black Warfare jest dostarczana w odpornej na warunki atmosferyczne, kurz i wstrz\u0105sy, wodoodpornej obudowie z polipropylenu o stopniu ochrony IP67, z zaworem ci\u015bnieniowym, w kt\u00f3rej znajduje si\u0119 r\u00f3wnie\u017c os\u0142ona Kydex, podw\u00f3jny klips ulticlip, podw\u00f3jna temper\u00f3wka (ceramiczna i syntetyczny diament) oraz metalowa p\u0142ytka z numerami progresywnymi w ramach limitowanej serii.<\/p>\n<p>WAGA G: 87<br \/>\nWAGA UNCJI: 3,1<br \/>\nD\u0141UGO\u015a\u0106 OSTRZA (MM): 118<br \/>\nD\u0141UGO\u015a\u0106 OSTRZA (CALE): 4,64<br \/>\nD\u0141UGO\u015a\u0106 CA\u0141KOWITA (MM): 233<br \/>\nD\u0141UGO\u015a\u0106 CA\u0141KOWITA (W): 9,17<br \/>\nGRUBO\u015a\u0106 OSTRZA (MM): 4<br \/>\nGRUBO\u015a\u0106 OSTRZY (CALE): 0,16<br \/>\nMATERIA\u0141 OSTRZA: STAL B\u00d6HLER N690 (58HRC)<br \/>\nOBR\u00d3BKA POWIERZCHNI OSTRZY: MIL-C-13924 BURNISHING GEOTECH CAMO<br \/>\nSIATKA G\u0141\u00d3WNA: P\u0141ASKA<br \/>\nMATERIA\u0141 UCHWYTU: NYLON \/ W\u0141\u00d3KNO SZKLANE (FRN)<\/p>\n<p><iframe title=\"New Misericordia Black Warfare\" width=\"800\" height=\"450\" src=\"https:\/\/www.youtube.com\/embed\/2IxpuJsoT1E?feature=oembed\" frameborder=\"0\" allow=\"accelerometer; autoplay; clipboard-write; encrypted-media; gyroscope; picture-in-picture; web-share\" referrerpolicy=\"strict-origin-when-cross-origin\" allowfullscreen><\/iframe><\/p>\n<p>&nbsp;<\/p>\n","protected":false},"excerpt":{"rendered":"<p><strong>Firma Extrema Ratio<\/strong> z siedzib\u0105 w Prato we W\u0142oszech projektuje i produkuje wysokiej jako\u015bci no\u017ce bojowe, wojskowe, kuchenne, my\u015bliwskie i taktyczne od 1997 roku i cieszy si\u0119 reputacj\u0105 dzi\u0119ki najwy\u017cszej jako\u015bci, kt\u00f3ra nie ma sobie r\u00f3wnych w bran\u017cy no\u017cy wojskowych i taktycznych. <strong>Bezp\u0142atny transport.<\/strong><\/p>\n","protected":false},"featured_media":346428,"comment_status":"open","ping_status":"closed","template":"","meta":[],"pwb-brand":[3666],"product_brand":[],"product_cat":[3296,3297],"product_tag":[3671],"class_list":{"0":"post-346427","1":"product","2":"type-product","3":"status-publish","4":"has-post-thumbnail","6":"pwb-brand-stosunek-ekstremow","7":"product_cat-noze-pl","8":"product_cat-solidne-noze","9":"product_tag-b2b-pl","11":"first","12":"instock","13":"taxable","14":"shipping-taxable","15":"purchasable","16":"product-type-simple"},"brands":[{"id":3666,"name":"Stosunek ekstrem\u00f3w","slug":"stosunek-ekstremow"}],"_links":{"self":[{"href":"https:\/\/www.moskito.cz\/pl\/wp-json\/wp\/v2\/product\/346427","targetHints":{"allow":["GET"]}}],"collection":[{"href":"https:\/\/www.moskito.cz\/pl\/wp-json\/wp\/v2\/product"}],"about":[{"href":"https:\/\/www.moskito.cz\/pl\/wp-json\/wp\/v2\/types\/product"}],"replies":[{"embeddable":true,"href":"https:\/\/www.moskito.cz\/pl\/wp-json\/wp\/v2\/comments?post=346427"}],"wp:featuredmedia":[{"embeddable":true,"href":"https:\/\/www.moskito.cz\/pl\/wp-json\/wp\/v2\/media\/346428"}],"wp:attachment":[{"href":"https:\/\/www.moskito.cz\/pl\/wp-json\/wp\/v2\/media?parent=346427"}],"wp:term":[{"taxonomy":"pwb-brand","embeddable":true,"href":"https:\/\/www.moskito.cz\/pl\/wp-json\/wp\/v2\/pwb-brand?post=346427"},{"taxonomy":"product_brand","embeddable":true,"href":"https:\/\/www.moskito.cz\/pl\/wp-json\/wp\/v2\/product_brand?post=346427"},{"taxonomy":"product_cat","embeddable":true,"href":"https:\/\/www.moskito.cz\/pl\/wp-json\/wp\/v2\/product_cat?post=346427"},{"taxonomy":"product_tag","embeddable":true,"href":"https:\/\/www.moskito.cz\/pl\/wp-json\/wp\/v2\/product_tag?post=346427"}],"curies":[{"name":"wp","href":"https:\/\/api.w.org\/{rel}","templated":true}]}}