{"id":346520,"date":"2024-06-20T20:31:52","date_gmt":"2024-06-20T19:32:43","guid":{"rendered":"https:\/\/www.moskito.cz\/produkt\/noz-strzelecki-boker-kalasznikow-wiener-warrior-noz-automatyczny-czerwony\/"},"modified":"2025-05-07T11:18:11","modified_gmt":"2025-05-07T10:18:11","slug":"noz-strzelecki-boker-kalasznikow-wiener-warrior-noz-automatyczny-czerwony","status":"publish","type":"product","link":"https:\/\/www.moskito.cz\/pl\/produkt\/noz-strzelecki-boker-kalasznikow-wiener-warrior-noz-automatyczny-czerwony\/","title":{"rendered":"N\u00f3\u017c Strzelecki Boker Ka\u0142asznikow Wiener Warrior N\u00f3\u017c Automatyczny Czerwony"},"content":{"rendered":"<p>N\u00f3\u017c Strzelecki <strong>Boker<\/strong> Ka\u0142asznikow Wiener Warrior N\u00f3\u017c Automatyczny Czerwony.<\/p>\n<p>Przedstawiamy <strong>Deserowego Wojownika<\/strong> ! By\u0107 mo\u017ce z\u0142amali\u015bmy zasady zaczynaj\u0105c od czego\u015b s\u0142odkiego, ale jeste\u015bmy tutaj, aby to nadrobi\u0107 po\u017cywn\u0105 porcj\u0105 bia\u0142ka prosto ze s\u0142ynnego Warrior Buffet. Przywitaj si\u0119 z <strong>WIENER WARRIOR KALASHNIKOV<\/strong> , \u015bwie\u017c\u0105 i jasn\u0105 ekskluzywn\u0105 <strong>firm\u0105 Moskito s.r.o.<\/strong> Teraz, je\u015bli chodzi o hot dogi, s\u0105 one zwyczajne, a potem niezwyk\u0142e. M\u00f3wimy o tym, jakie mo\u017cna dosta\u0107 na meczu baseballowym, posmarowanym musztard\u0105 i przepe\u0142nionym soczystym mi\u0105\u017cszem. To totalny hit, bez wype\u0142niaczy. Prze\u017cyj fal\u0119 ameryka\u0144skiej nostalgii dzi\u0119ki <strong>Wiener Warrior.<\/strong> Zainspirowany kultowym karabinem, n\u00f3\u017c Boker Ka\u0142asznikow mo\u017ce pochwali\u0107 si\u0119 prost\u0105, ale bardzo funkcjonaln\u0105 konstrukcj\u0105. Wykonany z najwy\u017cszej jako\u015bci materia\u0142\u00f3w, n\u00f3\u017c ten zapewnia wyj\u0105tkow\u0105 wydajno\u015b\u0107 i warto\u015b\u0107. I w\u0142a\u015bnie wtedy, gdy my\u015bla\u0142e\u015b, \u017ce nie mo\u017ce by\u0107 ju\u017c wi\u0119cej zabawy, przedstawiamy Ka\u0142asznikowa w tym niezwykle zabawnym wiede\u0144skim stylu, kt\u00f3ry z pewno\u015bci\u0105 wywo\u0142a rozmow\u0119. Wi\u0119c chwy\u0107 przyprawy i ciesz si\u0119 Wiener Warrior!<\/p>\n<p>SPECYFIKACJA: Ostrze ze stali: D 2<br \/>\nNumer modelu: 01 Kals 178 Nsoi<br \/>\nRodzaj blokady: Przycisk<br \/>\nGrubo\u015b\u0107 ostrza: 0,3 cm<br \/>\nGrubo\u015b\u0107 r\u0105czki: 1,67 cm<br \/>\nD\u0142ugo\u015b\u0107 ostrza: 8,12 cm<br \/>\nD\u0142ugo\u015b\u0107 po otwarciu: 19,12 cm<br \/>\nKraw\u0119d\u017a ostrza: g\u0142adka<br \/>\nKolor wyko\u0144czenia: czerwony<br \/>\nMateria\u0142 r\u0119koje\u015bci: aluminium<br \/>\nPrzypadek u\u017cycia: EDC<\/p>\n","protected":false},"excerpt":{"rendered":"<p>N\u00f3\u017c Strzelecki Boker Ka\u0142asznikow Wiener Warrior N\u00f3\u017c Automatyczny Czerwony. Przedstawiamy Deserowego Wojownika ! By\u0107 mo\u017ce z\u0142amali\u015bmy zasady zaczynaj\u0105c od czego\u015b s\u0142odkiego, ale jeste\u015bmy tutaj, aby to nadrobi\u0107 po\u017cywn\u0105 porcj\u0105 bia\u0142ka prosto ze s\u0142ynnego Warrior Buffet. Przywitaj si\u0119 z WIENER WARRIOR KALASHNIKOV , \u015bwie\u017c\u0105 i jasn\u0105 ekskluzywn\u0105 firm\u0105 Moskito s.r.o. Teraz, je\u015bli chodzi o hot dogi, [&hellip;]<\/p>\n","protected":false},"featured_media":346482,"comment_status":"open","ping_status":"closed","template":"","meta":[],"pwb-brand":[3423],"product_brand":[],"product_cat":[3344,3296],"product_tag":[3671],"class_list":{"0":"post-346520","1":"product","2":"type-product","3":"status-publish","4":"has-post-thumbnail","6":"pwb-brand-bokera","7":"product_cat-noze-strzeleckie","8":"product_cat-noze-pl","9":"product_tag-b2b-pl","11":"first","12":"instock","13":"taxable","14":"shipping-taxable","15":"purchasable","16":"product-type-simple"},"brands":[{"id":3423,"name":"Bokera","slug":"bokera"}],"_links":{"self":[{"href":"https:\/\/www.moskito.cz\/pl\/wp-json\/wp\/v2\/product\/346520","targetHints":{"allow":["GET"]}}],"collection":[{"href":"https:\/\/www.moskito.cz\/pl\/wp-json\/wp\/v2\/product"}],"about":[{"href":"https:\/\/www.moskito.cz\/pl\/wp-json\/wp\/v2\/types\/product"}],"replies":[{"embeddable":true,"href":"https:\/\/www.moskito.cz\/pl\/wp-json\/wp\/v2\/comments?post=346520"}],"wp:featuredmedia":[{"embeddable":true,"href":"https:\/\/www.moskito.cz\/pl\/wp-json\/wp\/v2\/media\/346482"}],"wp:attachment":[{"href":"https:\/\/www.moskito.cz\/pl\/wp-json\/wp\/v2\/media?parent=346520"}],"wp:term":[{"taxonomy":"pwb-brand","embeddable":true,"href":"https:\/\/www.moskito.cz\/pl\/wp-json\/wp\/v2\/pwb-brand?post=346520"},{"taxonomy":"product_brand","embeddable":true,"href":"https:\/\/www.moskito.cz\/pl\/wp-json\/wp\/v2\/product_brand?post=346520"},{"taxonomy":"product_cat","embeddable":true,"href":"https:\/\/www.moskito.cz\/pl\/wp-json\/wp\/v2\/product_cat?post=346520"},{"taxonomy":"product_tag","embeddable":true,"href":"https:\/\/www.moskito.cz\/pl\/wp-json\/wp\/v2\/product_tag?post=346520"}],"curies":[{"name":"wp","href":"https:\/\/api.w.org\/{rel}","templated":true}]}}