{"id":346562,"date":"2024-06-20T21:20:42","date_gmt":"2024-06-20T20:21:29","guid":{"rendered":"https:\/\/www.moskito.cz\/produkt\/noz-strzelecki-boker-plus-kalasznikow-dessert-warrior-blue-donut\/"},"modified":"2025-05-07T11:18:13","modified_gmt":"2025-05-07T10:18:13","slug":"noz-strzelecki-boker-plus-kalasznikow-dessert-warrior-blue-donut","status":"publish","type":"product","link":"https:\/\/www.moskito.cz\/pl\/produkt\/noz-strzelecki-boker-plus-kalasznikow-dessert-warrior-blue-donut\/","title":{"rendered":"N\u00f3\u017c strzelecki Boker Plus Ka\u0142asznikow Dessert Warrior Blue Donut"},"content":{"rendered":"<p>N\u00f3\u017c strzelecki <strong>Boker<\/strong> Plus Ka\u0142asznikow Dessert Warrior Blue Donut.<\/p>\n<p>Deserowy n\u00f3\u017c taktyczny z teksturowanymi gumowymi naci\u0119ciami na czarnej teksturowanej aluminiowej r\u0119koje\u015bci zapewniaj\u0105cej pewny chwyt. Niebieskie ostrze ze stali nierdzewnej AUS-8 z dobrym zachowaniem kraw\u0119dzi. Klips kieszeniowy jest zamontowany z ty\u0142u no\u017ca, dzi\u0119ki czemu n\u00f3\u017c mie\u015bci si\u0119 nisko w kieszeni. Otw\u00f3r na smycz. Automatyczne otwieranie i odblokowanie za pomoc\u0105 przycisku w celu zamkni\u0119cia. \u015awietny n\u00f3\u017c za rozs\u0105dne pieni\u0105dze. Jest nowy, w pude\u0142ku przypominaj\u0105cym magazynek AK-47.<\/p>\n<p>Czy zdarzy\u0142o Ci si\u0119 kiedy\u015b nieszcz\u0119\u015bcie podzieli\u0107 si\u0119 p\u0105czkiem? Twoja sytuacja tylko si\u0119 pogarsza, gdy b\u0119dziesz musia\u0142 pokry\u0107 swoj\u0105 szybk\u0105, zmodyfikowan\u0105, niestandardow\u0105, lustrzan\u0105 kieszonk\u0119 o niskim oporze, lepk\u0105 s\u0142odycz\u0105. Potrzebujesz no\u017ca zaprojektowanego od podstaw, aby wyruszy\u0107 na wojn\u0119 z p\u0105czkiem. I chocia\u017c jego droga do istnienia by\u0142a niekonwencjonalna, Dessert Warrior jest tutaj! Ten automat otwiera si\u0119, zanim ktokolwiek b\u0119dzie m\u00f3g\u0142 wzi\u0105\u0107 wi\u0119cej ni\u017c po\u0142ow\u0119 p\u0105czka. R\u0119koje\u015b\u0107 jest jasnor\u00f3\u017cowa z posypk\u0105, a ostrze ma s\u0142odkoniebieskie wyko\u0144czenie, dzi\u0119ki czemu n\u00f3\u017c b\u0119dzie komponowa\u0142 si\u0119 z \u0142adnymi wypiekami dost\u0119pnymi w sklepie. Dawno min\u0119\u0142y czasy, kiedy nie mia\u0142e\u015b odpowiedniego narz\u0119dzia do pracy!<\/p>\n<p>Chcesz doda\u0107 troch\u0119 blasku swojemu Ka\u0142asznikowowi? Sprawd\u017a te eleganckie klipsy kieszonkowe Flytanium! Te klipsy kieszeniowe pasuj\u0105 tylko do zwyk\u0142ych modeli, a nie Mini i XXL.<\/p>\n<p><strong>Boker Ka\u0142asznikow<\/strong> jest inspirowany karabinem Ka\u0142asznikow. R\u0119koje\u015b\u0107 jest ukszta\u0142towana tak, aby idealnie pasowa\u0142a do d\u0142oni i zapewnia pewny chwyt dzi\u0119ki rowkom na g\u00f3rze i na dole. Ka\u0142asznikow honoruje swojego imiennika projektem, na kt\u00f3rym mo\u017cna polega\u0107.<\/p>\n<p>Materia\u0142 ostrza: stal nierdzewna AUS-8<br \/>\nMateria\u0142 r\u0119koje\u015bci: aluminium<br \/>\nStyl ostrza: Drop Point<br \/>\nWyko\u0144czenie ostrza: Bead Blast<br \/>\nTyp kraw\u0119dzi: standardowy<br \/>\nModel\/wz\u00f3r: Ka\u0142asznikow<br \/>\nTyp no\u017ca: Automatyczny<br \/>\nTyp blokady: blokada przycisku<br \/>\nD\u0142ugo\u015b\u0107 ostrza: 8,12 cm<br \/>\nD\u0142ugo\u015b\u0107 r\u0105czki: 10,75 cm<br \/>\nD\u0142ugo\u015b\u0107 ca\u0142kowita: 19,12 cm<br \/>\nWaga: 3,70 uncji<\/p>\n","protected":false},"excerpt":{"rendered":"<p><strong>Dawno temu nasi kupuj\u0105cy skontaktowali si\u0119 z Bokerem i zam\u00f3wili no\u017ce Ka\u0142asznikowa \u201eDesert Warrior\u201d. Gdzie\u015b w \u0142a\u0144cuchu komunikacyjnym dosta\u0142o dodatkowe \u201es\u201d w pisowni i wyl\u0105dowa\u0142o na biurku projektanta. Rezultat: Deserowy Wojownik. I wiesz co? Nie narzekamy!<\/strong><\/p>\n","protected":false},"featured_media":346531,"comment_status":"open","ping_status":"closed","template":"","meta":[],"pwb-brand":[3423],"product_brand":[],"product_cat":[3296,3344],"product_tag":[3671],"class_list":{"0":"post-346562","1":"product","2":"type-product","3":"status-publish","4":"has-post-thumbnail","6":"pwb-brand-bokera","7":"product_cat-noze-pl","8":"product_cat-noze-strzeleckie","9":"product_tag-b2b-pl","11":"first","12":"outofstock","13":"taxable","14":"shipping-taxable","15":"purchasable","16":"product-type-simple"},"brands":[{"id":3423,"name":"Bokera","slug":"bokera"}],"_links":{"self":[{"href":"https:\/\/www.moskito.cz\/pl\/wp-json\/wp\/v2\/product\/346562","targetHints":{"allow":["GET"]}}],"collection":[{"href":"https:\/\/www.moskito.cz\/pl\/wp-json\/wp\/v2\/product"}],"about":[{"href":"https:\/\/www.moskito.cz\/pl\/wp-json\/wp\/v2\/types\/product"}],"replies":[{"embeddable":true,"href":"https:\/\/www.moskito.cz\/pl\/wp-json\/wp\/v2\/comments?post=346562"}],"wp:featuredmedia":[{"embeddable":true,"href":"https:\/\/www.moskito.cz\/pl\/wp-json\/wp\/v2\/media\/346531"}],"wp:attachment":[{"href":"https:\/\/www.moskito.cz\/pl\/wp-json\/wp\/v2\/media?parent=346562"}],"wp:term":[{"taxonomy":"pwb-brand","embeddable":true,"href":"https:\/\/www.moskito.cz\/pl\/wp-json\/wp\/v2\/pwb-brand?post=346562"},{"taxonomy":"product_brand","embeddable":true,"href":"https:\/\/www.moskito.cz\/pl\/wp-json\/wp\/v2\/product_brand?post=346562"},{"taxonomy":"product_cat","embeddable":true,"href":"https:\/\/www.moskito.cz\/pl\/wp-json\/wp\/v2\/product_cat?post=346562"},{"taxonomy":"product_tag","embeddable":true,"href":"https:\/\/www.moskito.cz\/pl\/wp-json\/wp\/v2\/product_tag?post=346562"}],"curies":[{"name":"wp","href":"https:\/\/api.w.org\/{rel}","templated":true}]}}