{"id":346788,"date":"2024-06-21T14:27:29","date_gmt":"2024-06-21T13:28:12","guid":{"rendered":"https:\/\/www.moskito.cz\/produkt\/noz-do-rzucania-muela-pro-80l-14\/"},"modified":"2024-06-21T14:28:12","modified_gmt":"2024-06-21T13:28:12","slug":"noz-do-rzucania-muela-pro-80l-14","status":"publish","type":"product","link":"https:\/\/www.moskito.cz\/pl\/produkt\/noz-do-rzucania-muela-pro-80l-14\/","title":{"rendered":"N\u00f3\u017c do rzucania Muela PRO-80L-14"},"content":{"rendered":"<p>N\u00f3\u017c do rzucania <strong>Muela<\/strong> PRO-80L-14.<\/p>\n<p><strong>PRO-THROW<\/strong> , n\u00f3\u017c do rzucania (rzutka) o konstrukcji full tang znanej hiszpa\u0144skiej firmy <strong>Muela<\/strong> . Masywna, doskonale wywa\u017cona, idealna dla profesjonalist\u00f3w i mi\u0142o\u015bnik\u00f3w rzucania. Trening z no\u017cem pozwala wykszta\u0142ci\u0107 nawyki prawid\u0142owego chwytu podczas rzucania, szybkiej oceny odleg\u0142o\u015bci do celu oraz prawid\u0142owej techniki rzucania. Wykonane z wytrzyma\u0142ej stali nierdzewnej 420H, hartowanej w zakresie 54-58 HRC.<\/p>\n<p>Etui &#8211; wykonane ze sk\u00f3ry naturalnej w kolorze czarnym. Pochwa posiada mocowanie do paska umo\u017cliwiaj\u0105ce noszenie no\u017ca w pozycji pionowej.<\/p>\n<p>Dane techniczne:<br \/>\nNumer produktu: PRO-80L-14<br \/>\nNazwa: PRO-THROW<br \/>\nRodzaj stali: 420H<br \/>\nTwardo\u015b\u0107 ostrza wed\u0142ug Rockwella: 54-58 HRC<br \/>\nSzeroko\u015b\u0107 ostrza: 3,6 cm \/ 1,42&#8243;<br \/>\nGrubo\u015b\u0107 ostrza: 0,45 cm \/ 0,18&#8243;<br \/>\nD\u0142ugo\u015b\u0107 ca\u0142kowita: 25 cm \/ 9,84 cala<br \/>\nWaga: 203 g \/ 7,16 uncji<br \/>\nTyp kraw\u0119dzi: G\u0142adka<br \/>\nTyp ostrza: sztylet (sztylet)<br \/>\nMateria\u0142 uchwytu: stal nierdzewna<br \/>\nPochwa: Sk\u00f3ra<br \/>\nProducent: Muela, Hiszpania<\/p>\n<p>&nbsp;<\/p>\n","protected":false},"excerpt":{"rendered":"<p><strong>PRO-THROW, n\u00f3\u017c do rzucania (rzutka) o konstrukcji full tang znanej hiszpa\u0144skiej firmy Muela. Masywna, doskonale wywa\u017cona, idealna dla profesjonalist\u00f3w i mi\u0142o\u015bnik\u00f3w rzucania.<\/strong><\/p>\n","protected":false},"featured_media":346765,"comment_status":"open","ping_status":"closed","template":"","meta":[],"pwb-brand":[3912],"product_brand":[],"product_cat":[3543,3296],"product_tag":[],"class_list":{"0":"post-346788","1":"product","2":"type-product","3":"status-publish","4":"has-post-thumbnail","6":"pwb-brand-musiala","7":"product_cat-rzucac-nozami","8":"product_cat-noze-pl","10":"first","11":"outofstock","12":"taxable","13":"shipping-taxable","14":"purchasable","15":"product-type-simple"},"brands":[{"id":3912,"name":"Musia\u0142a","slug":"musiala"}],"_links":{"self":[{"href":"https:\/\/www.moskito.cz\/pl\/wp-json\/wp\/v2\/product\/346788","targetHints":{"allow":["GET"]}}],"collection":[{"href":"https:\/\/www.moskito.cz\/pl\/wp-json\/wp\/v2\/product"}],"about":[{"href":"https:\/\/www.moskito.cz\/pl\/wp-json\/wp\/v2\/types\/product"}],"replies":[{"embeddable":true,"href":"https:\/\/www.moskito.cz\/pl\/wp-json\/wp\/v2\/comments?post=346788"}],"wp:featuredmedia":[{"embeddable":true,"href":"https:\/\/www.moskito.cz\/pl\/wp-json\/wp\/v2\/media\/346765"}],"wp:attachment":[{"href":"https:\/\/www.moskito.cz\/pl\/wp-json\/wp\/v2\/media?parent=346788"}],"wp:term":[{"taxonomy":"pwb-brand","embeddable":true,"href":"https:\/\/www.moskito.cz\/pl\/wp-json\/wp\/v2\/pwb-brand?post=346788"},{"taxonomy":"product_brand","embeddable":true,"href":"https:\/\/www.moskito.cz\/pl\/wp-json\/wp\/v2\/product_brand?post=346788"},{"taxonomy":"product_cat","embeddable":true,"href":"https:\/\/www.moskito.cz\/pl\/wp-json\/wp\/v2\/product_cat?post=346788"},{"taxonomy":"product_tag","embeddable":true,"href":"https:\/\/www.moskito.cz\/pl\/wp-json\/wp\/v2\/product_tag?post=346788"}],"curies":[{"name":"wp","href":"https:\/\/api.w.org\/{rel}","templated":true}]}}