{"id":346885,"date":"2024-06-21T15:07:51","date_gmt":"2024-06-21T14:08:59","guid":{"rendered":"https:\/\/www.moskito.cz\/produkt\/noz-skladany-damascenski-muela-noz-skladany-damascenski-pq-9dam\/"},"modified":"2025-05-07T11:18:21","modified_gmt":"2025-05-07T10:18:21","slug":"noz-skladany-damascenski-muela-noz-skladany-damascenski-pq-9dam","status":"publish","type":"product","link":"https:\/\/www.moskito.cz\/pl\/produkt\/noz-skladany-damascenski-muela-noz-skladany-damascenski-pq-9dam\/","title":{"rendered":"N\u00f3\u017c sk\u0142adany damasce\u0144ski MUELA N\u00f3\u017c sk\u0142adany damasce\u0144ski PQ-9DAM"},"content":{"rendered":"<p>N\u00f3\u017c sk\u0142adany damasce\u0144ski <strong>MUELA<\/strong> N\u00f3\u017c sk\u0142adany damasce\u0144ski PQ-9DAM.<\/p>\n<p>Hiszpa\u0144ski, r\u0119cznie robiony n\u00f3\u017c Muela PQ-9DAM ma ostrze ze stali damasce\u0144skiej, kute przy u\u017cyciu dw\u00f3ch rodzaj\u00f3w stali metod\u0105 metalurgii proszk\u00f3w (RWL34 i PMC27) i \u0142\u0105czone w temperaturze 1150\u00b0C i pod ci\u015bnieniem 1,00 atmosfery, proces ten sprawia, \u017ce \u200b\u200bstal ma dwukrotnie wi\u0119ksz\u0105 odporno\u015b\u0107 na rozdarcie a tak\u017ce podwoi\u0107 odporno\u015b\u0107 na zm\u0119czenie, ci\u0105gliwo\u015b\u0107 i udarno\u015b\u0107, a tak\u017ce wyj\u0105tkowe pi\u0119kno grawerowania;<\/p>\n<p>Nieruchomo\u015bci:<br \/>\n&#8211; R\u0119koje\u015b\u0107 z wk\u0142adkami ze stali nierdzewnej i r\u0119kawem z alpaki z czerwon\u0105 opask\u0105.<br \/>\n&#8211; Drewniane uchwyty Granadillo.<br \/>\n&#8211; Dostarczane w etui z certyfikatem Muela.<br \/>\n&#8211; D\u0142ugo\u015b\u0107 ostrza: 10 cm.<br \/>\n&#8211; D\u0142ugo\u015b\u0107 ca\u0142kowita: 21,5 cm.<br \/>\n&#8211; Waga: 120 gr.<br \/>\n&#8211; Materia\u0142 ostrza: stal nierdzewna damasce\u0144ska (RWL34 i PMC27).<br \/>\n&#8211; System blokowania preform.<\/p>\n<p>&nbsp;<\/p>\n","protected":false},"excerpt":{"rendered":"<p><strong>Hiszpa\u0144ski, r\u0119cznie robiony n\u00f3\u017c Muela PQ-9DAM posiada ostrze ze stali nierdzewnej damasce\u0144skiej, kute przy u\u017cyciu dw\u00f3ch rodzaj\u00f3w stali metod\u0105 metalurgii proszk\u00f3w<\/strong><\/p>\n<p><strong>Bezp\u0142atny transport.<\/strong><\/p>\n","protected":false},"featured_media":346870,"comment_status":"open","ping_status":"closed","template":"","meta":[],"pwb-brand":[3912],"product_brand":[],"product_cat":[3296,3421],"product_tag":[3671],"class_list":{"0":"post-346885","1":"product","2":"type-product","3":"status-publish","4":"has-post-thumbnail","6":"pwb-brand-musiala","7":"product_cat-noze-pl","8":"product_cat-noze-damascenskie","9":"product_tag-b2b-pl","11":"first","12":"instock","13":"taxable","14":"shipping-taxable","15":"purchasable","16":"product-type-simple"},"brands":[{"id":3912,"name":"Musia\u0142a","slug":"musiala"}],"_links":{"self":[{"href":"https:\/\/www.moskito.cz\/pl\/wp-json\/wp\/v2\/product\/346885","targetHints":{"allow":["GET"]}}],"collection":[{"href":"https:\/\/www.moskito.cz\/pl\/wp-json\/wp\/v2\/product"}],"about":[{"href":"https:\/\/www.moskito.cz\/pl\/wp-json\/wp\/v2\/types\/product"}],"replies":[{"embeddable":true,"href":"https:\/\/www.moskito.cz\/pl\/wp-json\/wp\/v2\/comments?post=346885"}],"wp:featuredmedia":[{"embeddable":true,"href":"https:\/\/www.moskito.cz\/pl\/wp-json\/wp\/v2\/media\/346870"}],"wp:attachment":[{"href":"https:\/\/www.moskito.cz\/pl\/wp-json\/wp\/v2\/media?parent=346885"}],"wp:term":[{"taxonomy":"pwb-brand","embeddable":true,"href":"https:\/\/www.moskito.cz\/pl\/wp-json\/wp\/v2\/pwb-brand?post=346885"},{"taxonomy":"product_brand","embeddable":true,"href":"https:\/\/www.moskito.cz\/pl\/wp-json\/wp\/v2\/product_brand?post=346885"},{"taxonomy":"product_cat","embeddable":true,"href":"https:\/\/www.moskito.cz\/pl\/wp-json\/wp\/v2\/product_cat?post=346885"},{"taxonomy":"product_tag","embeddable":true,"href":"https:\/\/www.moskito.cz\/pl\/wp-json\/wp\/v2\/product_tag?post=346885"}],"curies":[{"name":"wp","href":"https:\/\/api.w.org\/{rel}","templated":true}]}}