{"id":346922,"date":"2024-06-21T15:55:34","date_gmt":"2024-06-21T14:57:30","guid":{"rendered":"https:\/\/www.moskito.cz\/produkt\/noz-zamykany-muela-gl-10coa\/"},"modified":"2024-06-21T15:57:30","modified_gmt":"2024-06-21T14:57:30","slug":"noz-zamykany-muela-gl-10coa","status":"publish","type":"product","link":"https:\/\/www.moskito.cz\/pl\/produkt\/noz-zamykany-muela-gl-10coa\/","title":{"rendered":"N\u00f3\u017c zamykany Muela GL-10COA"},"content":{"rendered":"<p>N\u00f3\u017c zamykany <strong>Muela<\/strong> GL-10COA.<\/p>\n<p>No\u017ce <strong>Muela<\/strong> produkowane s\u0105 przez hiszpa\u0144sk\u0105 firm\u0119, kt\u00f3ra produkuje niedrogie i wysokiej jako\u015bci no\u017ce my\u015bliwskie, no\u017ce sk\u0142adane, no\u017ce luksusowe i wiele innych. Do produkcji ostrzy firma Muela wykorzystuje r\u00f3\u017cne rodzaje stali m.in. stale molibdenowo-wanadowe 12C27, 14C28N, MOVA 60 o twardo\u015bci 57-61 HRC, stal Inox 1-42 o twardo\u015bci 54-58HRC.<br \/>\nScyzoryk GL-10COA hiszpa\u0144skiej firmy Muela Manufacturas. R\u0119koje\u015b\u0107 z drewna Cocobolo po\u0142\u0105czona ze srebrnymi okuciami. Klasyczny bezpiecznik grzbietowy z muszk\u0105 w przedniej cz\u0119\u015bci r\u0119koje\u015bci.<\/p>\n<p>Kolor ostrza: klasyczny srebrny<br \/>\nR\u0119koje\u015b\u0107: drewno<br \/>\nKlip: nie<br \/>\nD\u0142ugo\u015b\u0107 ostrza: 9,5 cm<br \/>\nD\u0142ugo\u015b\u0107 r\u0105czki: 12 cm<br \/>\nD\u0142ugo\u015b\u0107 ca\u0142kowita: 21,5 cm<br \/>\nWaga no\u017ca: 195 g<\/p>\n<p>&nbsp;<\/p>\n","protected":false},"excerpt":{"rendered":"<p><strong>No\u017ce Muela produkowane s\u0105 przez hiszpa\u0144sk\u0105 firm\u0119, kt\u00f3ra produkuje niedrogie i wysokiej jako\u015bci no\u017ce my\u015bliwskie, no\u017ce sk\u0142adane, no\u017ce luksusowe i wiele innych.<\/strong><\/p>\n","protected":false},"featured_media":346914,"comment_status":"open","ping_status":"closed","template":"","meta":[],"pwb-brand":[3912],"product_brand":[],"product_cat":[3307,3296],"product_tag":[3671],"class_list":{"0":"post-346922","1":"product","2":"type-product","3":"status-publish","4":"has-post-thumbnail","6":"pwb-brand-musiala","7":"product_cat-zamykanie-nozy","8":"product_cat-noze-pl","9":"product_tag-b2b-pl","11":"first","12":"instock","13":"taxable","14":"shipping-taxable","15":"purchasable","16":"product-type-simple"},"brands":[{"id":3912,"name":"Musia\u0142a","slug":"musiala"}],"_links":{"self":[{"href":"https:\/\/www.moskito.cz\/pl\/wp-json\/wp\/v2\/product\/346922","targetHints":{"allow":["GET"]}}],"collection":[{"href":"https:\/\/www.moskito.cz\/pl\/wp-json\/wp\/v2\/product"}],"about":[{"href":"https:\/\/www.moskito.cz\/pl\/wp-json\/wp\/v2\/types\/product"}],"replies":[{"embeddable":true,"href":"https:\/\/www.moskito.cz\/pl\/wp-json\/wp\/v2\/comments?post=346922"}],"wp:featuredmedia":[{"embeddable":true,"href":"https:\/\/www.moskito.cz\/pl\/wp-json\/wp\/v2\/media\/346914"}],"wp:attachment":[{"href":"https:\/\/www.moskito.cz\/pl\/wp-json\/wp\/v2\/media?parent=346922"}],"wp:term":[{"taxonomy":"pwb-brand","embeddable":true,"href":"https:\/\/www.moskito.cz\/pl\/wp-json\/wp\/v2\/pwb-brand?post=346922"},{"taxonomy":"product_brand","embeddable":true,"href":"https:\/\/www.moskito.cz\/pl\/wp-json\/wp\/v2\/product_brand?post=346922"},{"taxonomy":"product_cat","embeddable":true,"href":"https:\/\/www.moskito.cz\/pl\/wp-json\/wp\/v2\/product_cat?post=346922"},{"taxonomy":"product_tag","embeddable":true,"href":"https:\/\/www.moskito.cz\/pl\/wp-json\/wp\/v2\/product_tag?post=346922"}],"curies":[{"name":"wp","href":"https:\/\/api.w.org\/{rel}","templated":true}]}}