{"id":347151,"date":"2024-06-24T14:15:38","date_gmt":"2024-06-24T13:18:40","guid":{"rendered":"https:\/\/www.moskito.cz\/produkt\/solidny-noz-muela-col-7mic\/"},"modified":"2025-05-07T11:18:32","modified_gmt":"2025-05-07T10:18:32","slug":"solidny-noz-muela-col-7mic","status":"publish","type":"product","link":"https:\/\/www.moskito.cz\/pl\/produkt\/solidny-noz-muela-col-7mic\/","title":{"rendered":"Solidny n\u00f3\u017c Muela COL-7MIC"},"content":{"rendered":"<p>Solidny n\u00f3\u017c <strong>Muela<\/strong> COL-7MIC.<\/p>\n<p>COL-7MIC, satynowy, kompaktowy n\u00f3\u017c my\u015bliwski z konstrukcj\u0105 ze stali X50CrMoV15 na ca\u0142ej powierzchni. Stal poddano obr\u00f3bce kriogenicznej CRYO-T, zwanej tak\u017ce mro\u017ceniem stali. Poprawia to twardo\u015b\u0107 i wytrzyma\u0142o\u015b\u0107 ostrza. Granitowy uchwyt!<\/p>\n<p>1.4116 (X50CrMoV15) \u2013 wysokow\u0119glowa, martenzytyczna stal nierdzewna molibdenowo-wanadowa, charakteryzuj\u0105ca si\u0119 wysok\u0105 odporno\u015bci\u0105 na korozj\u0119 i zu\u017cycie. Wykorzystuje si\u0119 go do produkcji no\u017cy, najnowocze\u015bniejszych sztu\u0107c\u00f3w i narz\u0119dzi chirurgicznych. Charakteryzuje si\u0119 stosunkowo du\u017c\u0105 twardo\u015bci\u0105 jak na stale nierdzewne 56-58 HRC. Sk\u0142ad chemiczny stali zosta\u0142 wzbogacony domieszkami 15,0% chromu, 0,80% molibdenu, 0,20% wanadu.<\/p>\n<p>Stal poddano obr\u00f3bce kriogenicznej CRYO-T, zwanej tak\u017ce zamra\u017caniem i rozmra\u017caniem. Efektem CRYO-T jest jednorodna struktura wewn\u0119trzna stali, co przek\u0142ada si\u0119 na znaczny wzrost wytrzyma\u0142o\u015bci ostrza, wzrost odporno\u015bci na uderzenia, rozci\u0105ganie i skr\u0119canie.<\/p>\n<p>G\u0142ownia &#8211; Szerokie, solidne ostrze typu Drop Point wyko\u0144czone eleganckim satynowym wyko\u0144czeniem. Pomimo swojej grubo\u015bci szlif p\u0142aski zapewnia doskona\u0142e w\u0142a\u015bciwo\u015bci tn\u0105ce w po\u0142\u0105czeniu z doskona\u0142\u0105 trwa\u0142o\u015bci\u0105. Lekko nachylona os\u0142ona zabezpiecza palce przed \u015blizganiem si\u0119 po ostrzu podczas pracy.<\/p>\n<p>Pochwa &#8211; szyta r\u0119cznie, wykonana z wysokiej jako\u015bci sk\u00f3ry bydl\u0119cej w kolorze br\u0105zowym z wyt\u0142oczonym logo producenta. Brzegi etui przeszyte ozdobn\u0105 nici\u0105. Mocowanie do paska umo\u017cliwia noszenie no\u017ca w pozycji pionowej.<\/p>\n<p>Grupa Muela jest obecnie jedn\u0105 z wiod\u0105cych firm w dziedzinie r\u0119cznie robionych no\u017cy my\u015bliwskich, zar\u00f3wno w Hiszpanii, jak i na \u015bwiecie, a jej no\u017ce i scyzoryki ciesz\u0105 si\u0119 du\u017cym uznaniem ze wzgl\u0119du na najwy\u017csz\u0105 jako\u015b\u0107 wykonania.<\/p>\n<p>Dane techniczne:<br \/>\nNumer produktu: COL-7MIC<\/p>\n<p>D\u0142ugo\u015b\u0107 ca\u0142kowita: 15,50 cm \/ 6,1\u2033<br \/>\nD\u0142ugo\u015b\u0107 ostrza: 7,2 cm \/ 2,8\u2033<br \/>\nGrubo\u015b\u0107 ostrza: 0,29 cm \/ 0,114\u2033<br \/>\nWaga: 90,0 g \/ 3,17 uncji<\/p>\n<p>Materia\u0142 ostrza: X50CrMoV15<br \/>\nTwardo\u015b\u0107 ostrza: 56-58 HRc<br \/>\nSzlif ostrza: p\u0142aski<br \/>\nObr\u00f3bka powierzchni ostrza: satyna<\/p>\n<p>Materia\u0142 r\u0119koje\u015bci: Micarta, mosi\u0105dz<br \/>\nPochwa (kabura): Sk\u00f3ra<br \/>\nInne akcesoria: Brak<\/p>\n<p>Projektant: Muela<br \/>\nNazwa marki: Muela<br \/>\nProducent: Muela, Hiszpania<br \/>\nKraj pochodzenia: Hiszpania<\/p>\n","protected":false},"excerpt":{"rendered":"<p><strong>Colibri Granite, Satin, kompaktowy n\u00f3\u017c my\u015bliwski z konstrukcj\u0105 ze stali X50CrMoV15 na ca\u0142ej powierzchni. Stal poddano obr\u00f3bce kriogenicznej CRYO-T, zwanej tak\u017ce mro\u017ceniem stali. Poprawia to twardo\u015b\u0107 i wytrzyma\u0142o\u015b\u0107 ostrza.<\/strong><\/p>\n","protected":false},"featured_media":347111,"comment_status":"open","ping_status":"closed","template":"","meta":[],"pwb-brand":[3912],"product_brand":[],"product_cat":[3296,3297],"product_tag":[3671],"class_list":{"0":"post-347151","1":"product","2":"type-product","3":"status-publish","4":"has-post-thumbnail","6":"pwb-brand-musiala","7":"product_cat-noze-pl","8":"product_cat-solidne-noze","9":"product_tag-b2b-pl","11":"first","12":"instock","13":"taxable","14":"shipping-taxable","15":"purchasable","16":"product-type-simple"},"brands":[{"id":3912,"name":"Musia\u0142a","slug":"musiala"}],"_links":{"self":[{"href":"https:\/\/www.moskito.cz\/pl\/wp-json\/wp\/v2\/product\/347151","targetHints":{"allow":["GET"]}}],"collection":[{"href":"https:\/\/www.moskito.cz\/pl\/wp-json\/wp\/v2\/product"}],"about":[{"href":"https:\/\/www.moskito.cz\/pl\/wp-json\/wp\/v2\/types\/product"}],"replies":[{"embeddable":true,"href":"https:\/\/www.moskito.cz\/pl\/wp-json\/wp\/v2\/comments?post=347151"}],"wp:featuredmedia":[{"embeddable":true,"href":"https:\/\/www.moskito.cz\/pl\/wp-json\/wp\/v2\/media\/347111"}],"wp:attachment":[{"href":"https:\/\/www.moskito.cz\/pl\/wp-json\/wp\/v2\/media?parent=347151"}],"wp:term":[{"taxonomy":"pwb-brand","embeddable":true,"href":"https:\/\/www.moskito.cz\/pl\/wp-json\/wp\/v2\/pwb-brand?post=347151"},{"taxonomy":"product_brand","embeddable":true,"href":"https:\/\/www.moskito.cz\/pl\/wp-json\/wp\/v2\/product_brand?post=347151"},{"taxonomy":"product_cat","embeddable":true,"href":"https:\/\/www.moskito.cz\/pl\/wp-json\/wp\/v2\/product_cat?post=347151"},{"taxonomy":"product_tag","embeddable":true,"href":"https:\/\/www.moskito.cz\/pl\/wp-json\/wp\/v2\/product_tag?post=347151"}],"curies":[{"name":"wp","href":"https:\/\/api.w.org\/{rel}","templated":true}]}}