{"id":347729,"date":"2024-06-25T19:13:21","date_gmt":"2024-06-25T18:14:47","guid":{"rendered":"https:\/\/www.moskito.cz\/produkt\/noz-strzelecki-microtech-combat-troodon-gen-iii-apocalyptic-1142-10apod\/"},"modified":"2025-05-07T11:18:48","modified_gmt":"2025-05-07T10:18:48","slug":"noz-strzelecki-microtech-combat-troodon-gen-iii-apocalyptic-1142-10apod","status":"publish","type":"product","link":"https:\/\/www.moskito.cz\/pl\/produkt\/noz-strzelecki-microtech-combat-troodon-gen-iii-apocalyptic-1142-10apod\/","title":{"rendered":"N\u00f3\u017c strzelecki Microtech Combat Troodon Gen III Apocalyptic 1142-10APOD"},"content":{"rendered":"<p>N\u00f3\u017c strzelecki <strong>Microtech<\/strong> Combat Troodon Gen III Apocalyptic 1142-10APOD.<\/p>\n<p><strong>Combat Troodon Gen III<\/strong> to szczyt precyzyjnej in\u017cynierii i sprawno\u015bci taktycznej w dziedzinie no\u017cy przednich. Oferuj\u0105c 25% wi\u0119kszy rozmiar w por\u00f3wnaniu do flagowego Troodona, ta ewolucja na nowo definiuje doskona\u0142o\u015b\u0107 taktyczn\u0105 dzi\u0119ki smuk\u0142emu, g\u0142\u0119boko grawerowanemu uchwytowi, wyprofilowanej konstrukcji i innowacyjnym funkcjom. Wyrafinowany mechanizm wewn\u0119trzny nie tylko zwi\u0119ksza funkcjonalno\u015b\u0107 operacyjn\u0105, ale tak\u017ce podnosi niezawodno\u015b\u0107 na nowy poziom na wi\u0119ksz\u0105 skal\u0119.<\/p>\n<p>Starannie wykonany do wielu zastosowa\u0144, <strong>Combat Troodon<\/strong> jest \u015bwiadectwem jego taktycznej wszechstronno\u015bci, doskonale sprawdzaj\u0105cej si\u0119 zar\u00f3wno w scenariuszach u\u017cytkowych, jak i w walce w zwarciu. Opr\u00f3cz wymiar\u00f3w fizycznych, r\u0119koje\u015b\u0107 tego wyj\u0105tkowego modelu ozdobiona jest g\u0142\u0119bokim grawerem, kt\u00f3ry nie tylko zapewnia niesamowite wra\u017cenie wizualne, ale tak\u017ce zapewnia wyj\u0105tkowe wra\u017cenia dotykowe. W\u0142\u0105czenie konstrukcji oku\u0107 Torx dodatkowo podkre\u015bla skrupulatn\u0105 dba\u0142o\u015b\u0107 o szczeg\u00f3\u0142y, zapewniaj\u0105c trwa\u0142o\u015b\u0107 i \u0142atwo\u015b\u0107 konserwacji, podczas gdy dwustronny klips kieszeniowy jest w pe\u0142ni dwustronny. <strong>Combat Troodon Gen III<\/strong> , co oznacza \u201erani\u0105cy z\u0105b\u201d, to pot\u0119\u017cny przedni n\u00f3\u017c taktyczny, kt\u00f3ry \u0142\u0105czy w sobie precyzyjn\u0105 in\u017cynieri\u0119, elementy bojowe i elegancki wygl\u0105d.<\/p>\n<p>Dane techniczne:<br \/>\nD\u0142ugo\u015b\u0107 ca\u0142kowita: 24,1 cm<br \/>\nD\u0142ugo\u015b\u0107 po zamkni\u0119ciu: 14 cm<br \/>\nD\u0142ugo\u015b\u0107 ostrza: 10,2 cm<br \/>\nStal ostrza: stal nierdzewna Bohler M390MK<br \/>\nStyl ostrza: sztylet o podw\u00f3jnym ostrzu<br \/>\nSzlif ostrza: p\u0142aski<br \/>\nWyko\u0144czenie ostrza: Apokaliptyczne<br \/>\nMateria\u0142 r\u0119koje\u015bci: g\u0142\u0119boko trawione aluminium lotnicze w kolorze zielonym OD<br \/>\nMechanizm blokuj\u0105cy: suwak kciukowy<br \/>\nKieszonkowy klips: Tytan (sk\u0142adany, noszony w prawo\/lewo)<br \/>\nWaga: 5,22 uncji<br \/>\nProjektant: Tony Marfione<br \/>\nWykonane w USA<\/p>\n<p><iframe title=\"Microtech Combat Troodon Torture Test\" width=\"800\" height=\"450\" src=\"https:\/\/www.youtube.com\/embed\/xE9TeOFYEjg?feature=oembed\" frameborder=\"0\" allow=\"accelerometer; autoplay; clipboard-write; encrypted-media; gyroscope; picture-in-picture; web-share\" referrerpolicy=\"strict-origin-when-cross-origin\" allowfullscreen><\/iframe><\/p>\n<p>&nbsp;<\/p>\n","protected":false},"excerpt":{"rendered":"<p><strong>Przez lata Microtech\u00ae Knives wype\u0142nia\u0142 no\u017ce pasj\u0105 i umiej\u0119tno\u015bciami, aby tworzy\u0107 niemal dzie\u0142a sztuki, kt\u00f3re s\u0105 szczytem funkcjonalno\u015bci.Wszystkie cz\u0119\u015bci s\u0105 produkowane w USA.<\/strong><br \/>\n<strong>Wszystkie no\u017ce Microtech obj\u0119te s\u0105 do\u017cywotni\u0105 gwarancj\u0105 (min. 80 000 cykli, otwieranie i zamykanie)<\/strong><\/p>\n<p><strong>Bezp\u0142atny transport.<\/strong><\/p>\n","protected":false},"featured_media":347683,"comment_status":"open","ping_status":"closed","template":"","meta":[],"pwb-brand":[3279],"product_brand":[],"product_cat":[3296,3344],"product_tag":[3671],"class_list":{"0":"post-347729","1":"product","2":"type-product","3":"status-publish","4":"has-post-thumbnail","6":"pwb-brand-microtech-pl","7":"product_cat-noze-pl","8":"product_cat-noze-strzeleckie","9":"product_tag-b2b-pl","11":"first","12":"instock","13":"taxable","14":"shipping-taxable","15":"purchasable","16":"product-type-simple"},"brands":[{"id":3279,"name":"Microtech","slug":"microtech-pl"}],"_links":{"self":[{"href":"https:\/\/www.moskito.cz\/pl\/wp-json\/wp\/v2\/product\/347729","targetHints":{"allow":["GET"]}}],"collection":[{"href":"https:\/\/www.moskito.cz\/pl\/wp-json\/wp\/v2\/product"}],"about":[{"href":"https:\/\/www.moskito.cz\/pl\/wp-json\/wp\/v2\/types\/product"}],"replies":[{"embeddable":true,"href":"https:\/\/www.moskito.cz\/pl\/wp-json\/wp\/v2\/comments?post=347729"}],"wp:featuredmedia":[{"embeddable":true,"href":"https:\/\/www.moskito.cz\/pl\/wp-json\/wp\/v2\/media\/347683"}],"wp:attachment":[{"href":"https:\/\/www.moskito.cz\/pl\/wp-json\/wp\/v2\/media?parent=347729"}],"wp:term":[{"taxonomy":"pwb-brand","embeddable":true,"href":"https:\/\/www.moskito.cz\/pl\/wp-json\/wp\/v2\/pwb-brand?post=347729"},{"taxonomy":"product_brand","embeddable":true,"href":"https:\/\/www.moskito.cz\/pl\/wp-json\/wp\/v2\/product_brand?post=347729"},{"taxonomy":"product_cat","embeddable":true,"href":"https:\/\/www.moskito.cz\/pl\/wp-json\/wp\/v2\/product_cat?post=347729"},{"taxonomy":"product_tag","embeddable":true,"href":"https:\/\/www.moskito.cz\/pl\/wp-json\/wp\/v2\/product_tag?post=347729"}],"curies":[{"name":"wp","href":"https:\/\/api.w.org\/{rel}","templated":true}]}}