{"id":347868,"date":"2024-06-26T12:49:17","date_gmt":"2024-06-26T13:16:29","guid":{"rendered":"https:\/\/www.moskito.cz\/produkt\/naprawiono-noz-muela-lm-8r\/"},"modified":"2025-05-07T11:18:51","modified_gmt":"2025-05-07T10:18:51","slug":"naprawiono-noz-muela-lm-8r","status":"publish","type":"product","link":"https:\/\/www.moskito.cz\/pl\/produkt\/naprawiono-noz-muela-lm-8r\/","title":{"rendered":"Naprawiono n\u00f3\u017c Muela LM-8R"},"content":{"rendered":"<p>Naprawiono n\u00f3\u017c <strong>Muela<\/strong> LM-8R.<\/p>\n<p>N\u00f3\u017c sta\u0142y z pochw\u0105.<\/p>\n<p>OSTRZE STALOWE MoVa Stal nierdzewna<\/p>\n<p>MATERIA\u0141 UCHWYTU Drewno<\/p>\n<p>D\u0141UGO\u015a\u0106 OSTRZA 8,5 cm<\/p>\n<p>D\u0141UGO\u015a\u0106 CA\u0141KOWITA 19cm<\/p>\n<p>WAGA 89 g<\/p>\n<p>ETUI Sk\u00f3ra<\/p>\n<p>POCHODZENIE Wyprodukowano w Hiszpanii<\/p>\n<p>&nbsp;<\/p>\n","protected":false},"excerpt":{"rendered":"<p><strong>Nowy n\u00f3\u017c Lm8r, stal Mova, r\u0119koje\u015b\u0107 z drewna koralowego, ca\u0142o\u015b\u0107 jednocz\u0119\u015bciowa, nitowana, n\u00f3\u017c w zestawie ze sk\u00f3rzan\u0105 pochw\u0105.<\/strong><\/p>\n<p>&nbsp;<\/p>\n","protected":false},"featured_media":347846,"comment_status":"open","ping_status":"closed","template":"","meta":[],"pwb-brand":[3912],"product_brand":[],"product_cat":[3296,3297],"product_tag":[3671],"class_list":{"0":"post-347868","1":"product","2":"type-product","3":"status-publish","4":"has-post-thumbnail","6":"pwb-brand-musiala","7":"product_cat-noze-pl","8":"product_cat-solidne-noze","9":"product_tag-b2b-pl","11":"first","12":"instock","13":"taxable","14":"shipping-taxable","15":"purchasable","16":"product-type-simple"},"brands":[{"id":3912,"name":"Musia\u0142a","slug":"musiala"}],"_links":{"self":[{"href":"https:\/\/www.moskito.cz\/pl\/wp-json\/wp\/v2\/product\/347868","targetHints":{"allow":["GET"]}}],"collection":[{"href":"https:\/\/www.moskito.cz\/pl\/wp-json\/wp\/v2\/product"}],"about":[{"href":"https:\/\/www.moskito.cz\/pl\/wp-json\/wp\/v2\/types\/product"}],"replies":[{"embeddable":true,"href":"https:\/\/www.moskito.cz\/pl\/wp-json\/wp\/v2\/comments?post=347868"}],"wp:featuredmedia":[{"embeddable":true,"href":"https:\/\/www.moskito.cz\/pl\/wp-json\/wp\/v2\/media\/347846"}],"wp:attachment":[{"href":"https:\/\/www.moskito.cz\/pl\/wp-json\/wp\/v2\/media?parent=347868"}],"wp:term":[{"taxonomy":"pwb-brand","embeddable":true,"href":"https:\/\/www.moskito.cz\/pl\/wp-json\/wp\/v2\/pwb-brand?post=347868"},{"taxonomy":"product_brand","embeddable":true,"href":"https:\/\/www.moskito.cz\/pl\/wp-json\/wp\/v2\/product_brand?post=347868"},{"taxonomy":"product_cat","embeddable":true,"href":"https:\/\/www.moskito.cz\/pl\/wp-json\/wp\/v2\/product_cat?post=347868"},{"taxonomy":"product_tag","embeddable":true,"href":"https:\/\/www.moskito.cz\/pl\/wp-json\/wp\/v2\/product_tag?post=347868"}],"curies":[{"name":"wp","href":"https:\/\/api.w.org\/{rel}","templated":true}]}}