{"id":347909,"date":"2024-06-26T14:25:14","date_gmt":"2024-06-26T13:26:31","guid":{"rendered":"https:\/\/www.moskito.cz\/produkt\/naprawiony-noz-muela-terrier-9g\/"},"modified":"2025-05-07T11:18:53","modified_gmt":"2025-05-07T10:18:53","slug":"naprawiony-noz-muela-terrier-9g","status":"publish","type":"product","link":"https:\/\/www.moskito.cz\/pl\/produkt\/naprawiony-noz-muela-terrier-9g\/","title":{"rendered":"Naprawiony n\u00f3\u017c Muela TERRIER-9G"},"content":{"rendered":"<p>Naprawiony n\u00f3\u017c <strong>Muela<\/strong> TERRIER-9G.<\/p>\n<p>Popularny n\u00f3\u017c my\u015bliwski firmy Muel dost\u0119pny jest teraz w wersji z zielono-\u017c\u00f3\u0142t\u0105 r\u0119koje\u015bci\u0105 Micarta. Ostrze wykrywaj\u0105ce Terrier-9G wykonane jest ze stali w\u0119glowej nitro-42, kt\u00f3ra \u0142\u0105czy w sobie niezwyk\u0142y stopie\u0144 twardo\u015bci z wysok\u0105 odporno\u015bci\u0105 na korozj\u0119. Do\u0142\u0105czona sk\u00f3rzana pochwa klasycznie uzupe\u0142nia n\u00f3\u017c.<\/p>\n<p>D\u0142ugo\u015b\u0107 ca\u0142kowita: 18,90 cm<br \/>\nD\u0142ugo\u015b\u0107 ostrza: 8,80 cm<br \/>\nGrubo\u015b\u0107 ostrza: 0,38 cm<br \/>\nWaga: 122,00 g<br \/>\nMateria\u0142 ostrza: Nitro-42<br \/>\nMateria\u0142 r\u0119koje\u015bci: Micarta<br \/>\nZielony kolor<br \/>\nKolor ostrza: Niepowlekany<br \/>\nMateria\u0142 os\u0142ony: sk\u00f3ra<\/p>\n<p>&nbsp;<\/p>\n","protected":false},"excerpt":{"rendered":"<p><strong>Muela TERRIER-9G posiada trwa\u0142\u0105 konstrukcj\u0119 odpowiedni\u0105 do wymagaj\u0105cych zada\u0144 w terenie. Idealnie nadaje si\u0119 do drobnych prac podczas polowa\u0144 i og\u00f3lnie do zaj\u0119\u0107 na \u015bwie\u017cym powietrzu.<\/strong><\/p>\n","protected":false},"featured_media":347886,"comment_status":"open","ping_status":"closed","template":"","meta":[],"pwb-brand":[3912],"product_brand":[],"product_cat":[3296,3297],"product_tag":[3671],"class_list":{"0":"post-347909","1":"product","2":"type-product","3":"status-publish","4":"has-post-thumbnail","6":"pwb-brand-musiala","7":"product_cat-noze-pl","8":"product_cat-solidne-noze","9":"product_tag-b2b-pl","11":"first","12":"instock","13":"taxable","14":"shipping-taxable","15":"purchasable","16":"product-type-simple"},"brands":[{"id":3912,"name":"Musia\u0142a","slug":"musiala"}],"_links":{"self":[{"href":"https:\/\/www.moskito.cz\/pl\/wp-json\/wp\/v2\/product\/347909","targetHints":{"allow":["GET"]}}],"collection":[{"href":"https:\/\/www.moskito.cz\/pl\/wp-json\/wp\/v2\/product"}],"about":[{"href":"https:\/\/www.moskito.cz\/pl\/wp-json\/wp\/v2\/types\/product"}],"replies":[{"embeddable":true,"href":"https:\/\/www.moskito.cz\/pl\/wp-json\/wp\/v2\/comments?post=347909"}],"wp:featuredmedia":[{"embeddable":true,"href":"https:\/\/www.moskito.cz\/pl\/wp-json\/wp\/v2\/media\/347886"}],"wp:attachment":[{"href":"https:\/\/www.moskito.cz\/pl\/wp-json\/wp\/v2\/media?parent=347909"}],"wp:term":[{"taxonomy":"pwb-brand","embeddable":true,"href":"https:\/\/www.moskito.cz\/pl\/wp-json\/wp\/v2\/pwb-brand?post=347909"},{"taxonomy":"product_brand","embeddable":true,"href":"https:\/\/www.moskito.cz\/pl\/wp-json\/wp\/v2\/product_brand?post=347909"},{"taxonomy":"product_cat","embeddable":true,"href":"https:\/\/www.moskito.cz\/pl\/wp-json\/wp\/v2\/product_cat?post=347909"},{"taxonomy":"product_tag","embeddable":true,"href":"https:\/\/www.moskito.cz\/pl\/wp-json\/wp\/v2\/product_tag?post=347909"}],"curies":[{"name":"wp","href":"https:\/\/api.w.org\/{rel}","templated":true}]}}