{"id":347949,"date":"2023-07-14T11:04:01","date_gmt":"2023-07-14T10:04:01","guid":{"rendered":"https:\/\/www.moskito.cz\/produkt\/naprawiono-noz-muela-gavilan-c\/"},"modified":"2026-03-02T13:59:39","modified_gmt":"2026-03-02T12:59:39","slug":"naprawiono-noz-muela-gavilan-c","status":"publish","type":"product","link":"https:\/\/www.moskito.cz\/pl\/produkt\/naprawiono-noz-muela-gavilan-c\/","title":{"rendered":"Naprawiono n\u00f3\u017c Muela Gavilan-C"},"content":{"rendered":"<p>Naprawiono n\u00f3\u017c <strong>Muela<\/strong> Gavilan-C<\/p>\n<p>GAVILAN C, po\u0142\u0105czenie doskona\u0142ego designu i nowoczesnej metalurgii. Wszechstronny, doskonale wywa\u017cony n\u00f3\u017c typu full tang z masywnym ostrzem poddanym obr\u00f3bce kriogenicznej zapewniaj\u0105cym niesamowit\u0105 wydajno\u015b\u0107 ci\u0119cia. Skierowany do mi\u0142o\u015bnik\u00f3w bushcraftu, survivalu i polowa\u0144. N\u00f3\u017c, kt\u00f3ry b\u0119dzie Ci s\u0142u\u017cy\u0142 przez lata!<\/p>\n<p>1.4116 (X50CrMoV15) &#8211; wysokow\u0119glowa martenzytyczna stal nierdzewna molibdenowo-wanadowa, charakteryzuj\u0105ca si\u0119 wysok\u0105 odporno\u015bci\u0105 na korozj\u0119 i zu\u017cycie. Wykorzystuje si\u0119 go do produkcji no\u017cy, wysokiej jako\u015bci sztu\u0107c\u00f3w i narz\u0119dzi chirurgicznych. Charakteryzuje si\u0119 stosunkowo du\u017c\u0105 twardo\u015bci\u0105, podobnie jak stale nierdzewne 57-58 HRC. Sk\u0142ad chemiczny stali zosta\u0142 wzbogacony domieszk\u0105 15,0% chromu, 0,80% molibdenu, 0,20% wanadu.<\/p>\n<p>Stal poddano obr\u00f3bce kriogenicznej (obr\u00f3bce cieplnej w ujemnych temperaturach), tzw. CRYO-T, zwanej tak\u017ce mro\u017ceniem. Dzi\u0119ki CRYO-T uzyskujemy jednorodn\u0105 wewn\u0119trzn\u0105 struktur\u0119 stali, co przek\u0142ada si\u0119 na znaczny wzrost wytrzyma\u0142o\u015bci ostrza, wzrost odporno\u015bci na uderzenia, napr\u0119\u017cenia i skr\u0119cenia.<\/p>\n<p>G\u0142ownia &#8211; kszta\u0142t Drop Point, grubo\u015b\u0107 4.5 mm, idealna do wszystkich rodzaj\u00f3w obr\u00f3bki drewna. Ostrze typu Plain o satynowej g\u0142adko\u015bci wyprowadzono szlifem p\u0142askim (Flat Grind), kt\u00f3ry zmniejsza wag\u0119 i charakteryzuje si\u0119 dobrymi w\u0142a\u015bciwo\u015bciami mechanicznymi, w tym d\u0142ugotrwa\u0142\u0105 ostro\u015bci\u0105. Powi\u0119kszony wyst\u0119p pe\u0142ni funkcj\u0119 os\u0142ony chroni\u0105cej d\u0142o\u0144 przed ze\u015blizgni\u0119ciem si\u0119 z ostrza.<\/p>\n<p>Uchwyt &#8211; w kolorze br\u0105zowym. Wykonane z p\u0142\u00f3tna micarta, materia\u0142u kompozytowego z bawe\u0142ny lub lnu prasowanego pod ci\u015bnieniem \u017cywic\u0105 syntetyczn\u0105. Sko\u015bne kraw\u0119dzie os\u0142on eliminuj\u0105 ostre kraw\u0119dzie, zapewniaj\u0105c wygodny chwyt. W tylnej cz\u0119\u015bci r\u0119koje\u015bci otw\u00f3r na smycz, powi\u0119kszony otw\u00f3r, w kt\u00f3ry wpleciono link\u0119 paracordow\u0105.<\/p>\n<p>Pochwa &#8211; przed\u0142u\u017cona, chroni\u0105ca ostrze wraz z cz\u0119\u015bci\u0105 r\u0119koje\u015bci. Szyte r\u0119cznie, wykonane z najwy\u017cszej jako\u015bci sk\u00f3ry bydl\u0119cej w kolorze br\u0105zowym z t\u0142oczonym logo producenta. Brzegi etui obszyte ozdobn\u0105 nici\u0105. Zapi\u0119cie zatrzaskowe typu Prym. Mocowanie do paska lub urz\u0105dzenia umo\u017cliwia noszenie no\u017ca w pozycji pionowej.<\/p>\n<p>Dane techniczne:<br \/>\nNumer produktu: GAVILAN-C<\/p>\n<p>D\u0142ugo\u015b\u0107 ca\u0142kowita: 25,5 cm<br \/>\nD\u0142ugo\u015b\u0107 ostrza: 12,5 cm<br \/>\nD\u0142ugo\u015b\u0107 r\u0119koje\u015bci: 13 cm<br \/>\nGrubo\u015b\u0107 ostrza: 0,45 cm<br \/>\nWaga: 320,0 g \/ 11,26 uncji<\/p>\n<p>Materia\u0142 ostrza: 1.4116 (X50CrMoV15)<br \/>\nTwardo\u015b\u0107 ostrza: 57-58 HRC<br \/>\nSzlif ostrza: p\u0142aski<br \/>\nWyko\u0144czenie ostrza: satynowe<\/p>\n<p>Materia\u0142 r\u0119koje\u015bci: p\u0142\u00f3tno Micarta<br \/>\nKolor wyko\u0144czenia r\u0119koje\u015bci: br\u0105zowy<\/p>\n<p>Pochwa: Sk\u00f3ra<\/p>\n<p>Projektant: Muela<br \/>\nMarka: Muela<br \/>\nProducent: Manufacturas Muela, S.A<br \/>\nKraj pochodzenia: Hiszpania<\/p>\n<p>&nbsp;<\/p>\n","protected":false},"excerpt":{"rendered":"<p><strong>GAVILAN C, po\u0142\u0105czenie doskona\u0142ego designu i nowoczesnej metalurgii. Wszechstronny, doskonale wywa\u017cony n\u00f3\u017c typu full tang z masywnym ostrzem poddanym obr\u00f3bce kriogenicznej zapewniaj\u0105cym niesamowit\u0105 wydajno\u015b\u0107 ci\u0119cia.<\/strong><\/p>\n","protected":false},"featured_media":347950,"comment_status":"open","ping_status":"closed","template":"","meta":[],"pwb-brand":[3912],"product_brand":[],"product_cat":[3297,3296],"product_tag":[3671],"class_list":{"0":"post-347949","1":"product","2":"type-product","3":"status-publish","4":"has-post-thumbnail","6":"pwb-brand-musiala","7":"product_cat-solidne-noze","8":"product_cat-noze-pl","9":"product_tag-b2b-pl","11":"first","12":"outofstock","13":"taxable","14":"shipping-taxable","15":"purchasable","16":"product-type-simple"},"brands":[{"id":3912,"name":"Musia\u0142a","slug":"musiala"}],"_links":{"self":[{"href":"https:\/\/www.moskito.cz\/pl\/wp-json\/wp\/v2\/product\/347949","targetHints":{"allow":["GET"]}}],"collection":[{"href":"https:\/\/www.moskito.cz\/pl\/wp-json\/wp\/v2\/product"}],"about":[{"href":"https:\/\/www.moskito.cz\/pl\/wp-json\/wp\/v2\/types\/product"}],"replies":[{"embeddable":true,"href":"https:\/\/www.moskito.cz\/pl\/wp-json\/wp\/v2\/comments?post=347949"}],"wp:featuredmedia":[{"embeddable":true,"href":"https:\/\/www.moskito.cz\/pl\/wp-json\/wp\/v2\/media\/347950"}],"wp:attachment":[{"href":"https:\/\/www.moskito.cz\/pl\/wp-json\/wp\/v2\/media?parent=347949"}],"wp:term":[{"taxonomy":"pwb-brand","embeddable":true,"href":"https:\/\/www.moskito.cz\/pl\/wp-json\/wp\/v2\/pwb-brand?post=347949"},{"taxonomy":"product_brand","embeddable":true,"href":"https:\/\/www.moskito.cz\/pl\/wp-json\/wp\/v2\/product_brand?post=347949"},{"taxonomy":"product_cat","embeddable":true,"href":"https:\/\/www.moskito.cz\/pl\/wp-json\/wp\/v2\/product_cat?post=347949"},{"taxonomy":"product_tag","embeddable":true,"href":"https:\/\/www.moskito.cz\/pl\/wp-json\/wp\/v2\/product_tag?post=347949"}],"curies":[{"name":"wp","href":"https:\/\/api.w.org\/{rel}","templated":true}]}}