{"id":347993,"date":"2024-06-26T15:00:30","date_gmt":"2024-06-26T14:00:30","guid":{"rendered":"https:\/\/www.moskito.cz\/produkt\/noz-muela-gavilan-staly\/"},"modified":"2025-05-07T11:18:56","modified_gmt":"2025-05-07T10:18:56","slug":"noz-muela-gavilan-staly","status":"publish","type":"product","link":"https:\/\/www.moskito.cz\/pl\/produkt\/noz-muela-gavilan-staly\/","title":{"rendered":"N\u00f3\u017c Muela Gavilan sta\u0142y"},"content":{"rendered":"<p>N\u00f3\u017c <strong>Muela<\/strong> Gavilan sta\u0142y.<\/p>\n<p><strong>Gvil\u00e1n Muela<\/strong> to wysokiej klasy n\u00f3\u017c z ostrzem wykonanym ze stali MoVa i r\u0119koje\u015bci\u0105 ze stylizowanego drewna bukowego i mosi\u0105dzu. Ten wysokiej jako\u015bci produkt ma przetworzon\u0105 i ekskluzywn\u0105 powierzchni\u0119. Dodatkowo wyposa\u017cony jest w sk\u00f3rzane etui.<\/p>\n<p>Presti\u017cowa marka no\u017cy Muela hiszpa\u0144skiego pochodzenia wyr\u00f3\u017cnia si\u0119 wyj\u0105tkow\u0105 jako\u015bci\u0105. No\u017ce hiszpa\u0144skie maj\u0105 usuni\u0119t\u0105 pochw\u0119, a zar\u00f3wno ostrze, jak i r\u0119koje\u015b\u0107 s\u0105 jednocz\u0119\u015bciowe, dzi\u0119ki czemu s\u0105 znacznie bardziej odporne na uderzenia. Posiada bardzo ciekawe wymiary, dzi\u0119ki czemu jest to produkt o bezkonkurencyjnym stosunku ceny do wydajno\u015bci.<\/p>\n<p>Du\u017cy n\u00f3\u017c outdoorowy z ostrzem ze stali nierdzewnej molibdenowo-wanadowej. Dodatkowa przemiana mikrostruktury z martynzytu w austenit powoduje, \u017ce stal ma wy\u017csz\u0105 jako\u015b\u0107. Transformacja nadaje mikrostrukturze bardziej jednorodn\u0105 struktur\u0119, czyni\u0105c j\u0105 bardziej odporn\u0105 na p\u0119kanie i korozj\u0119 oraz og\u00f3lnie bardziej stabiln\u0105. Muela nazywa t\u0119 metod\u0119 CRYO-T. R\u0119koje\u015b\u0107 wykonana jest z drewna bukowego z oksydowanym dekoracyjnym grawerem i mosi\u0119\u017cnymi wzmocnieniami. Z wysokiej jako\u015bci sk\u00f3rzanym etui.<\/p>\n<p>Materia\u0142 ostrza: X50CrMoV15 (stal nierdzewna molibdenowo-wanadowa)<br \/>\nMateria\u0142 r\u0119koje\u015bci: drewno bukowe<br \/>\nPochwa: Sk\u00f3ra<br \/>\nD\u0142ugo\u015b\u0107 ostrza: 12,5 cm<br \/>\nD\u0142ugo\u015b\u0107 ca\u0142kowita: 25,5 cm<br \/>\nWaga: 315 g<\/p>\n<p>&nbsp;<\/p>\n<p>&nbsp;<\/p>\n","protected":false},"excerpt":{"rendered":"<p><strong>Gvil\u00e1n Muela to wysokiej klasy n\u00f3\u017c z ostrzem wykonanym ze stali MoVa i r\u0119koje\u015bci\u0105 ze stylizowanego drewna bukowego i mosi\u0105dzu. Ten wysokiej jako\u015bci produkt ma przetworzon\u0105 i ekskluzywn\u0105 powierzchni\u0119. Dodatkowo wyposa\u017cony jest w sk\u00f3rzane etui.<\/strong><\/p>\n","protected":false},"featured_media":347969,"comment_status":"open","ping_status":"closed","template":"","meta":[],"pwb-brand":[3912],"product_brand":[],"product_cat":[3297,3296],"product_tag":[],"class_list":{"0":"post-347993","1":"product","2":"type-product","3":"status-publish","4":"has-post-thumbnail","6":"pwb-brand-musiala","7":"product_cat-solidne-noze","8":"product_cat-noze-pl","10":"first","11":"outofstock","12":"taxable","13":"shipping-taxable","14":"purchasable","15":"product-type-simple"},"brands":[{"id":3912,"name":"Musia\u0142a","slug":"musiala"}],"_links":{"self":[{"href":"https:\/\/www.moskito.cz\/pl\/wp-json\/wp\/v2\/product\/347993","targetHints":{"allow":["GET"]}}],"collection":[{"href":"https:\/\/www.moskito.cz\/pl\/wp-json\/wp\/v2\/product"}],"about":[{"href":"https:\/\/www.moskito.cz\/pl\/wp-json\/wp\/v2\/types\/product"}],"replies":[{"embeddable":true,"href":"https:\/\/www.moskito.cz\/pl\/wp-json\/wp\/v2\/comments?post=347993"}],"wp:featuredmedia":[{"embeddable":true,"href":"https:\/\/www.moskito.cz\/pl\/wp-json\/wp\/v2\/media\/347969"}],"wp:attachment":[{"href":"https:\/\/www.moskito.cz\/pl\/wp-json\/wp\/v2\/media?parent=347993"}],"wp:term":[{"taxonomy":"pwb-brand","embeddable":true,"href":"https:\/\/www.moskito.cz\/pl\/wp-json\/wp\/v2\/pwb-brand?post=347993"},{"taxonomy":"product_brand","embeddable":true,"href":"https:\/\/www.moskito.cz\/pl\/wp-json\/wp\/v2\/product_brand?post=347993"},{"taxonomy":"product_cat","embeddable":true,"href":"https:\/\/www.moskito.cz\/pl\/wp-json\/wp\/v2\/product_cat?post=347993"},{"taxonomy":"product_tag","embeddable":true,"href":"https:\/\/www.moskito.cz\/pl\/wp-json\/wp\/v2\/product_tag?post=347993"}],"curies":[{"name":"wp","href":"https:\/\/api.w.org\/{rel}","templated":true}]}}