{"id":348017,"date":"2024-06-26T15:32:49","date_gmt":"2024-06-26T14:33:40","guid":{"rendered":"https:\/\/www.moskito.cz\/produkt\/naprawiono-noz-muela-mouse-6r\/"},"modified":"2025-05-07T11:18:57","modified_gmt":"2025-05-07T10:18:57","slug":"naprawiono-noz-muela-mouse-6r","status":"publish","type":"product","link":"https:\/\/www.moskito.cz\/pl\/produkt\/naprawiono-noz-muela-mouse-6r\/","title":{"rendered":"Naprawiono n\u00f3\u017c Muela Mouse-6R"},"content":{"rendered":"<p>Naprawiono n\u00f3\u017c <strong>Muela<\/strong> Mouse-6R.<\/p>\n<p>N\u00f3\u017c hiszpa\u0144skiej firmy Muela, doskona\u0142y dla my\u015bliwych i my\u015bliwych jako n\u00f3\u017c ci\u0105gniony. Cho\u0107 przeznaczony jest przede wszystkim do czynno\u015bci zwi\u0105zanych z polowaniem, sprawdzi si\u0119 r\u00f3wnie\u017c jako ma\u0142y wytrzyma\u0142y n\u00f3\u017c do przebywania na \u0142onie natury i aktywno\u015bci na \u015bwie\u017cym powietrzu. Wykonany jest z jednego kawa\u0142ka wysokiej jako\u015bci stali nierdzewnej molibdenowo-wanadowej. \u0141odygi wykonane s\u0105 z drewna Pakka, kt\u00f3re jest bardzo mocnym materia\u0142em powsta\u0142ym w wyniku prasowania kilku warstw forniru impregnowanego \u017cywic\u0105. R\u0119koje\u015b\u0107 jest okr\u0105g\u0142a i doskonale le\u017cy w d\u0142oni. Na ko\u0144cu r\u0119koje\u015bci znajduje si\u0119 otw\u00f3r na sznurek do zawieszenia, a do no\u017ca do\u0142\u0105czona jest br\u0105zowa sk\u00f3rzana pochwa.<\/p>\n<p>D\u0142ugo\u015b\u0107 ostrza: 8 cm<br \/>\nD\u0142ugo\u015b\u0107 ca\u0142kowita: 16,5 cm<br \/>\nD\u0142ugo\u015b\u0107 r\u0105czki: 8,5 cm<br \/>\nWaga: 130 g<\/p>\n","protected":false},"excerpt":{"rendered":"<p><strong>N\u00f3\u017c hiszpa\u0144skiej firmy Muela, doskona\u0142y dla my\u015bliwych i my\u015bliwych jako n\u00f3\u017c ci\u0105gniony.<\/strong><\/p>\n","protected":false},"featured_media":348002,"comment_status":"open","ping_status":"closed","template":"","meta":[],"pwb-brand":[3912],"product_brand":[],"product_cat":[3307,3296],"product_tag":[],"class_list":{"0":"post-348017","1":"product","2":"type-product","3":"status-publish","4":"has-post-thumbnail","6":"pwb-brand-musiala","7":"product_cat-zamykanie-nozy","8":"product_cat-noze-pl","10":"first","11":"outofstock","12":"sold-individually","13":"taxable","14":"shipping-taxable","15":"purchasable","16":"product-type-simple"},"brands":[{"id":3912,"name":"Musia\u0142a","slug":"musiala"}],"_links":{"self":[{"href":"https:\/\/www.moskito.cz\/pl\/wp-json\/wp\/v2\/product\/348017","targetHints":{"allow":["GET"]}}],"collection":[{"href":"https:\/\/www.moskito.cz\/pl\/wp-json\/wp\/v2\/product"}],"about":[{"href":"https:\/\/www.moskito.cz\/pl\/wp-json\/wp\/v2\/types\/product"}],"replies":[{"embeddable":true,"href":"https:\/\/www.moskito.cz\/pl\/wp-json\/wp\/v2\/comments?post=348017"}],"wp:featuredmedia":[{"embeddable":true,"href":"https:\/\/www.moskito.cz\/pl\/wp-json\/wp\/v2\/media\/348002"}],"wp:attachment":[{"href":"https:\/\/www.moskito.cz\/pl\/wp-json\/wp\/v2\/media?parent=348017"}],"wp:term":[{"taxonomy":"pwb-brand","embeddable":true,"href":"https:\/\/www.moskito.cz\/pl\/wp-json\/wp\/v2\/pwb-brand?post=348017"},{"taxonomy":"product_brand","embeddable":true,"href":"https:\/\/www.moskito.cz\/pl\/wp-json\/wp\/v2\/product_brand?post=348017"},{"taxonomy":"product_cat","embeddable":true,"href":"https:\/\/www.moskito.cz\/pl\/wp-json\/wp\/v2\/product_cat?post=348017"},{"taxonomy":"product_tag","embeddable":true,"href":"https:\/\/www.moskito.cz\/pl\/wp-json\/wp\/v2\/product_tag?post=348017"}],"curies":[{"name":"wp","href":"https:\/\/api.w.org\/{rel}","templated":true}]}}