{"id":348042,"date":"2024-06-26T15:44:03","date_gmt":"2024-06-26T14:45:14","guid":{"rendered":"https:\/\/www.moskito.cz\/produkt\/naprawiono-noz-muela-bwe-8m\/"},"modified":"2025-05-07T11:18:58","modified_gmt":"2025-05-07T10:18:58","slug":"naprawiono-noz-muela-bwe-8m","status":"publish","type":"product","link":"https:\/\/www.moskito.cz\/pl\/produkt\/naprawiono-noz-muela-bwe-8m\/","title":{"rendered":"Naprawiono n\u00f3\u017c MUELA BWE-8M"},"content":{"rendered":"<p>Naprawiono n\u00f3\u017c <strong>MUELA<\/strong> BWE-8M.<\/p>\n<p>Muela BWE-8M to n\u00f3\u017c outdoorowy z pochw\u0105.<\/p>\n<p>Ostrze o konstrukcji fulltang wykonane zosta\u0142o ze stali nierdzewnej X50CrMoV15, co \u015bwiadczy o jego wszechstronnym charakterze w \u017cyciu codziennym i przyrodzie. R\u0119koje\u015b\u0107 wykonana jest z teksturowanej wytrzyma\u0142ej micarty, kt\u00f3ra zosta\u0142a wzmocniona cienk\u0105 czerwon\u0105 warstw\u0105.<\/p>\n<p>Do no\u017ca do\u0142\u0105czone jest wysokiej jako\u015bci sk\u00f3rzane etui z czerwonymi szwami.<\/p>\n<p>Materia\u0142 ostrza: X50CrMoV15<br \/>\nMateria\u0142 r\u0119koje\u015bci: Micarta<br \/>\nMateria\u0142 obudowy: Sk\u00f3ra<br \/>\nD\u0142ugo\u015b\u0107 ostrza: 8 cm<br \/>\nD\u0142ugo\u015b\u0107 ca\u0142kowita: 16,2 cm<br \/>\nGrubo\u015b\u0107 ostrza: 0,3 cm<br \/>\nWaga: 75 g<br \/>\nTyp ostrza: Bowie<br \/>\nZastosowanie: Polowanie, Kemping, Bushcraft<\/p>\n","protected":false},"excerpt":{"rendered":"<p><strong>Muela BWE-8M to n\u00f3\u017c outdoorowy ze sk\u00f3rzan\u0105 pochw\u0105.<\/strong><\/p>\n","protected":false},"featured_media":348026,"comment_status":"open","ping_status":"closed","template":"","meta":[],"pwb-brand":[3912],"product_brand":[],"product_cat":[3297,3296],"product_tag":[],"class_list":{"0":"post-348042","1":"product","2":"type-product","3":"status-publish","4":"has-post-thumbnail","6":"pwb-brand-musiala","7":"product_cat-solidne-noze","8":"product_cat-noze-pl","10":"first","11":"instock","12":"taxable","13":"shipping-taxable","14":"purchasable","15":"product-type-simple"},"brands":[{"id":3912,"name":"Musia\u0142a","slug":"musiala"}],"_links":{"self":[{"href":"https:\/\/www.moskito.cz\/pl\/wp-json\/wp\/v2\/product\/348042","targetHints":{"allow":["GET"]}}],"collection":[{"href":"https:\/\/www.moskito.cz\/pl\/wp-json\/wp\/v2\/product"}],"about":[{"href":"https:\/\/www.moskito.cz\/pl\/wp-json\/wp\/v2\/types\/product"}],"replies":[{"embeddable":true,"href":"https:\/\/www.moskito.cz\/pl\/wp-json\/wp\/v2\/comments?post=348042"}],"wp:featuredmedia":[{"embeddable":true,"href":"https:\/\/www.moskito.cz\/pl\/wp-json\/wp\/v2\/media\/348026"}],"wp:attachment":[{"href":"https:\/\/www.moskito.cz\/pl\/wp-json\/wp\/v2\/media?parent=348042"}],"wp:term":[{"taxonomy":"pwb-brand","embeddable":true,"href":"https:\/\/www.moskito.cz\/pl\/wp-json\/wp\/v2\/pwb-brand?post=348042"},{"taxonomy":"product_brand","embeddable":true,"href":"https:\/\/www.moskito.cz\/pl\/wp-json\/wp\/v2\/product_brand?post=348042"},{"taxonomy":"product_cat","embeddable":true,"href":"https:\/\/www.moskito.cz\/pl\/wp-json\/wp\/v2\/product_cat?post=348042"},{"taxonomy":"product_tag","embeddable":true,"href":"https:\/\/www.moskito.cz\/pl\/wp-json\/wp\/v2\/product_tag?post=348042"}],"curies":[{"name":"wp","href":"https:\/\/api.w.org\/{rel}","templated":true}]}}