{"id":348098,"date":"2024-06-26T15:59:35","date_gmt":"2024-06-26T14:59:35","guid":{"rendered":"https:\/\/www.moskito.cz\/produkt\/naprawiono-noz-muela-mouse-7m\/"},"modified":"2025-09-26T07:50:05","modified_gmt":"2025-09-26T06:50:05","slug":"naprawiono-noz-muela-mouse-7m","status":"publish","type":"product","link":"https:\/\/www.moskito.cz\/pl\/produkt\/naprawiono-noz-muela-mouse-7m\/","title":{"rendered":"Naprawiono n\u00f3\u017c Muela Mouse-7M"},"content":{"rendered":"<p>Naprawiono n\u00f3\u017c <strong>Muela<\/strong> Mouse-7M.<\/p>\n<p><strong>Muela Mouse-7M<\/strong> Brown Jute Micarta, Satynowy, prosty, kompaktowy n\u00f3\u017c typu \u201eskinner\u201d o konstrukcji full tang. Ostrze satynowe wykonane ze stali nierdzewnej 14C28N. Wygodna r\u0119koje\u015b\u0107 z micarty. Doskona\u0142y pomocnik podczas polowa\u0144, zaj\u0119\u0107 na \u015bwie\u017cym powietrzu lub przetrwania.<\/p>\n<p>14C28N &#8211; martenzytyczna stal chromowa to najnowszy dodatek do linii stali nierdzewnych produkowanych przez szwedzk\u0105 firm\u0119 stalow\u0105 Sandvik. Zoptymalizowany sk\u0142ad chemiczny w po\u0142\u0105czeniu z unikalnym po\u0142\u0105czeniem zapewnia najwy\u017csz\u0105 jako\u015b\u0107, doskona\u0142\u0105 wydajno\u015b\u0107 ostrza, wysok\u0105 twardo\u015b\u0107 i odporno\u015b\u0107 na korozj\u0119. Dzi\u0119ki obni\u017ceniu zawarto\u015bci w\u0119gla o 0,62% (C) i zwi\u0119kszeniu zawarto\u015bci chromu o 14,0% (Cr) oraz dodaniu azotu o 0,11% (N) znacznie zwi\u0119kszono odporno\u015b\u0107 na korozj\u0119. Uwa\u017cany za ulepszon\u0105 wersj\u0119 stali 13C26. Bezkonkurencyjny w kategorii cena\/jako\u015b\u0107!<\/p>\n<p>Typ Main &#8211; Trailing Point z wyra\u017anie zaznaczonym brzuchem ostrza. Zwyk\u0142o\u015b\u0107 zosta\u0142a wzbogacona szaro\u015bci\u0105 tuhival (Hollow Grind), kt\u00f3ra zapewnia doskona\u0142e w\u0142a\u015bciwo\u015bci tn\u0105ce w po\u0142\u0105czeniu z doskona\u0142\u0105 trwa\u0142o\u015bci\u0105.<\/p>\n<p>Obs\u0142uga &#8211; profilowana, pokryta polerowan\u0105 wodoodporn\u0105 wy\u015bci\u00f3\u0142k\u0105 z jutowej micarty. To na pewno wygodny i pewny chwyt. Wkr\u0119ty konstrukcyjne do mocowania os\u0142on uchwyt\u00f3w. W tylnej cz\u0119\u015bci r\u0119koje\u015bci otw\u00f3r na link\u0119 zabezpieczaj\u0105c\u0105 (w zestawie).<\/p>\n<p>Weed &#8211; wykonany z dobrze \u015bpi\u0105cej naturalnej sk\u00f3ry bydl\u0119cej w kolorze czarnym. Na powierzchni wyt\u0142oczone jest logo producenta. Na brzegach dodatek wszyto ozdobn\u0105 nitk\u0105. Mocowanie do paska lub urz\u0105dzenia umo\u017cliwia noszenie no\u017ca w pozycji pionowej.<\/p>\n<p>Dane techniczne:<br \/>\n Numer produktu: Mysz-7M<br \/>\n Nazwa produktu: Muela Mouse-7M Br\u0105zowa juta Micarta, Satyna<\/p>\n<p>D\u0142ugo\u015b\u0107 ca\u0142kowita: 14 cm\/5,51 cala<br \/>\n D\u0142ugo\u015b\u0107 ostrza: 7 cm\/2,76 cala<br \/>\n Grubo\u015b\u0107 g\u0142\u00f3wki: bd<br \/>\n Waga: 140,0 g \/ 4,94 uncji<\/p>\n<p>Materia\u0142 bazowy: Sandvik 14C28N<br \/>\n Twardo\u015b\u0107 g\u0142\u00f3wki: bd<br \/>\n Szlifowanie g\u0142\u00f3wki: wkl\u0119s\u0142e<br \/>\n Wyko\u0144czenie g\u0142\u00f3wki: satynowe<\/p>\n<p>Materia\u0142 uchwytu: juta Micarta<br \/>\n Wyko\u0144czenie uchwytu: Br\u0105zowe<\/p>\n<p>Szopa (cabura): Sk\u00f3ra<br \/>\n Inne akcesoria: Brak<\/p>\n<p>Projektant: Muela<br \/>\n Marka: Muela<br \/>\n Producent: Manufacturas Muela, SA<br \/>\n Kraj pochodzenia: Hiszpania<\/p>\n<p>&nbsp;<\/p>\n","protected":false},"excerpt":{"rendered":"<p><strong>Muela Mouse-7M Brown Jute Micarta, Satynowy, prosty, kompaktowy n\u00f3\u017c typu \u201eskinner\u201d o konstrukcji full tang. Ostrze satynowe wykonane ze stali nierdzewnej 14C28N. Wygodna r\u0119koje\u015b\u0107 z micarty. Doskona\u0142y pomocnik podczas polowa\u0144, zaj\u0119\u0107 na \u015bwie\u017cym powietrzu lub przetrwania.<\/strong><\/p>\n","protected":false},"featured_media":348051,"comment_status":"open","ping_status":"closed","template":"","meta":[],"pwb-brand":[3912],"product_brand":[],"product_cat":[3297,3296],"product_tag":[],"class_list":{"0":"post-348098","1":"product","2":"type-product","3":"status-publish","4":"has-post-thumbnail","6":"pwb-brand-musiala","7":"product_cat-solidne-noze","8":"product_cat-noze-pl","10":"first","11":"outofstock","12":"taxable","13":"shipping-taxable","14":"purchasable","15":"product-type-simple"},"brands":[{"id":3912,"name":"Musia\u0142a","slug":"musiala"}],"_links":{"self":[{"href":"https:\/\/www.moskito.cz\/pl\/wp-json\/wp\/v2\/product\/348098","targetHints":{"allow":["GET"]}}],"collection":[{"href":"https:\/\/www.moskito.cz\/pl\/wp-json\/wp\/v2\/product"}],"about":[{"href":"https:\/\/www.moskito.cz\/pl\/wp-json\/wp\/v2\/types\/product"}],"replies":[{"embeddable":true,"href":"https:\/\/www.moskito.cz\/pl\/wp-json\/wp\/v2\/comments?post=348098"}],"wp:featuredmedia":[{"embeddable":true,"href":"https:\/\/www.moskito.cz\/pl\/wp-json\/wp\/v2\/media\/348051"}],"wp:attachment":[{"href":"https:\/\/www.moskito.cz\/pl\/wp-json\/wp\/v2\/media?parent=348098"}],"wp:term":[{"taxonomy":"pwb-brand","embeddable":true,"href":"https:\/\/www.moskito.cz\/pl\/wp-json\/wp\/v2\/pwb-brand?post=348098"},{"taxonomy":"product_brand","embeddable":true,"href":"https:\/\/www.moskito.cz\/pl\/wp-json\/wp\/v2\/product_brand?post=348098"},{"taxonomy":"product_cat","embeddable":true,"href":"https:\/\/www.moskito.cz\/pl\/wp-json\/wp\/v2\/product_cat?post=348098"},{"taxonomy":"product_tag","embeddable":true,"href":"https:\/\/www.moskito.cz\/pl\/wp-json\/wp\/v2\/product_tag?post=348098"}],"curies":[{"name":"wp","href":"https:\/\/api.w.org\/{rel}","templated":true}]}}