{"id":348111,"date":"2023-07-02T21:32:35","date_gmt":"2024-06-28T06:45:19","guid":{"rendered":"https:\/\/www.moskito.cz\/produkt\/noz-skladany-spyderco-kazuyuki-sakurai-pochi-c256tip\/"},"modified":"2025-05-07T11:19:02","modified_gmt":"2025-05-07T10:19:02","slug":"noz-skladany-spyderco-kazuyuki-sakurai-pochi-c256tip","status":"publish","type":"product","link":"https:\/\/www.moskito.cz\/pl\/produkt\/noz-skladany-spyderco-kazuyuki-sakurai-pochi-c256tip\/","title":{"rendered":"N\u00f3\u017c sk\u0142adany Spyderco Kazuyuki Sakurai Pochi C256TIP"},"content":{"rendered":"<p>N\u00f3\u017c sk\u0142adany <strong>Spyderco<\/strong> Kazuyuki Sakurai Pochi C256TIP<\/p>\n<p>Japo\u0144ski wytw\u00f3rca no\u017cy Kazuyuki Sakurai specjalizuje si\u0119 w misternych, r\u0119cznie robionych sk\u0142adanych no\u017cach, z kt\u00f3rych wiele inspirowanych jest kszta\u0142tami zwierz\u0105t. Do jego najpopularniejszych projekt\u00f3w nale\u017c\u0105 no\u017ce w kszta\u0142cie ps\u00f3w z serii \u201ePochi\u201d (poh-chee), kt\u00f3rej nazwa wzi\u0119\u0142a si\u0119 od najpopularniejszego japo\u0144skiego imienia dla ps\u00f3w, z grubsza odpowiadaj\u0105cego \u201eSpot\u201d. Jego pierwsza wsp\u00f3\u0142praca ze Spyderco wiernie prze\u0142o\u017cy\u0142a ten nowy projekt na jedyny w swoim rodzaju komponent produkcyjny z wydr\u0105\u017conym ostrzem ze stali nierdzewnej CPM-S45VN, piaskowan\u0105 tytanow\u0105 r\u0119koje\u015bci\u0105, zamkiem Reeve Integral Lock (RIL) i sk\u0142adanym anodowanym na niebiesko \u201e ogon&#8221;. tytanowy klips kieszonkowy i akcent sworznia obrotowego.<\/p>\n<p>Dane techniczne<br \/>\nD\u0142ugo\u015b\u0107 ostrza: 4 cm<br \/>\nD\u0142ugo\u015b\u0107 po zamkni\u0119ciu: 6,5 cm<br \/>\nD\u0142ugo\u015b\u0107 ca\u0142kowita: 10 cm<br \/>\nGrubo\u015b\u0107 ostrza: 0,25 cm<br \/>\nMateria\u0142 ostrza: CPM-S45VN Stal nierdzewna<br \/>\nStyl ostrza: Clip Point<br \/>\nSzlifowanie ostrzy: puste<br \/>\nObr\u00f3bka powierzchni ostrza: satyna<br \/>\nKraw\u0119d\u017a ostrza: g\u0142adka<br \/>\nMateria\u0142 r\u0119koje\u015bci: tytan<br \/>\nKolor uchwytu: szary<br \/>\nMechanizm blokuj\u0105cy: Reeve Integral Lock<br \/>\nKieszonkowy klips: niebieski tytan (sk\u0142adany, prawy noszony)<br \/>\nNumer modelu: C256TIP<br \/>\nNazwa modelu: Pochi<br \/>\nProjektant: Kazuyuki Sakurai<br \/>\nWaga: 1,7 uncji (48g)<\/p>\n","protected":false},"excerpt":{"rendered":"<p><strong>Japo\u0144ski wytw\u00f3rca no\u017cy Kazuyuki Sakurai specjalizuje si\u0119 w misternych, r\u0119cznie robionych sk\u0142adanych no\u017cach, z kt\u00f3rych wiele inspirowanych jest kszta\u0142tami zwierz\u0105t.<\/strong><\/p>\n","protected":false},"featured_media":348112,"comment_status":"open","ping_status":"closed","template":"","meta":[],"pwb-brand":[3432],"product_brand":[],"product_cat":[3307,3296],"product_tag":[3671],"class_list":{"0":"post-348111","1":"product","2":"type-product","3":"status-publish","4":"has-post-thumbnail","6":"pwb-brand-spyderco-pl","7":"product_cat-zamykanie-nozy","8":"product_cat-noze-pl","9":"product_tag-b2b-pl","11":"first","12":"instock","13":"taxable","14":"shipping-taxable","15":"purchasable","16":"product-type-simple"},"brands":[{"id":3432,"name":"Spyderco","slug":"spyderco-pl"}],"_links":{"self":[{"href":"https:\/\/www.moskito.cz\/pl\/wp-json\/wp\/v2\/product\/348111","targetHints":{"allow":["GET"]}}],"collection":[{"href":"https:\/\/www.moskito.cz\/pl\/wp-json\/wp\/v2\/product"}],"about":[{"href":"https:\/\/www.moskito.cz\/pl\/wp-json\/wp\/v2\/types\/product"}],"replies":[{"embeddable":true,"href":"https:\/\/www.moskito.cz\/pl\/wp-json\/wp\/v2\/comments?post=348111"}],"wp:featuredmedia":[{"embeddable":true,"href":"https:\/\/www.moskito.cz\/pl\/wp-json\/wp\/v2\/media\/348112"}],"wp:attachment":[{"href":"https:\/\/www.moskito.cz\/pl\/wp-json\/wp\/v2\/media?parent=348111"}],"wp:term":[{"taxonomy":"pwb-brand","embeddable":true,"href":"https:\/\/www.moskito.cz\/pl\/wp-json\/wp\/v2\/pwb-brand?post=348111"},{"taxonomy":"product_brand","embeddable":true,"href":"https:\/\/www.moskito.cz\/pl\/wp-json\/wp\/v2\/product_brand?post=348111"},{"taxonomy":"product_cat","embeddable":true,"href":"https:\/\/www.moskito.cz\/pl\/wp-json\/wp\/v2\/product_cat?post=348111"},{"taxonomy":"product_tag","embeddable":true,"href":"https:\/\/www.moskito.cz\/pl\/wp-json\/wp\/v2\/product_tag?post=348111"}],"curies":[{"name":"wp","href":"https:\/\/api.w.org\/{rel}","templated":true}]}}